{"id":93656,"date":"2024-11-11T00:37:01","date_gmt":"2024-11-10T22:06:06","guid":{"rendered":"https:\/\/factory.sale\/?post_type=product&#038;p=93656"},"modified":"2024-11-11T03:54:34","modified_gmt":"2024-11-11T00:54:34","slug":"meretes-kotikylpyla","status":"publish","type":"product","link":"https:\/\/factory.sale\/fi\/tuote\/meretes-kotikylpyla\/","title":{"rendered":"&#8220;Meretes&#8221; kotikylpyl\u00e4"},"content":{"rendered":"<p>L\u00f6yd\u00e4 t\u00e4ydellinen ulkosauna, jossa on katos \u2013 Mukavuuden ja ylellisyyden yhdistelm\u00e4<\/p>\n<p>Nauti t\u00e4ydellisest\u00e4 rentoutumiskokemuksesta ulkoilmassa modernissa saunassamme, jossa on tyylik\u00e4s katos, joka lis\u00e4\u00e4 toimivuutta mutta tyylikkyytt\u00e4 ulkoilmatilaasi. Korkealaatuisista materiaaleista valmistettu ja maksimaalista mukavuutta ajatellen suunniteltu sauna on ihanteellinen rentoutumiseen ja ajanviettoon.<\/p>\n<p>T\u00e4rkeimm\u00e4t ominaisuudet:<\/p>\n<ul>\n<li>Premium-kuusirakenne \u2013 45 mm paksut kuusisein\u00e4t tarjoavat erinomaisen eristyksen ja luonnollisen kest\u00e4vyyden, mik\u00e4 tekee saunasta t\u00e4ydellisen ulkok\u00e4ytt\u00f6\u00f6n kaikkina vuodenaikoina.<\/li>\n<li>Tyylik\u00e4s katosdesign \u2013 Integroitu katos tarjoaa lis\u00e4tilaa rentoutumiseen, varastointiin tai ajanviettoon, tehden saunasta monipuolisen lis\u00e4n takapihallesi tai puutarhaasi.<\/li>\n<li>Ylelliset oksattomat haapapenkit \u2013 K\u00e4sintehdyt oksattomasta haapapuusta valmistetut saunapenkit selk\u00e4nojilla ja jalkalistoilla tarjoavat mukavuutta ja l\u00e4mm\u00f6nkest\u00e4vyytt\u00e4.<\/li>\n<\/ul>\n<p>Pakkaus sis\u00e4lt\u00e4\u00e4 kaikki sein\u00e4-, lattia- ja kattomateriaalit, penkit, ikkunat, kahvallisen oven sek\u00e4 kaikki tarvittavat kiinnikkeet ja ruuvit helppoa asennusta varten.<\/p>\n<p>Tekniset tiedot:<\/p>\n<ul>\n<li>Peruskehys: 90 mm x 45 mm (kyll\u00e4stetty)<\/li>\n<li>Perusparrut: 45 mm x 45 mm (kyll\u00e4stetty)<\/li>\n<li>Lattialaudat: 28 mm paksut<\/li>\n<li>Kattopalkit: 70 mm x 170 mm<\/li>\n<li>Kattolaudat: 20 mm paksut<\/li>\n<li>Kattop\u00e4\u00e4llyste: Itseliimautuva kattohuopa s\u00e4\u00e4suojaksi<\/li>\n<li>Ulkomitat \u2013 Sauna on 688 cm leve\u00e4, 237,9 cm korkea ja 299,4 cm syv\u00e4, mik\u00e4<br \/>\ntarjoaa runsaasti tilaa mukavaan saunakokemukseen sek\u00e4 lis\u00e4ksi<br \/>\nulkokatoksen.<\/li>\n<li>Karkaistut lasiovet ja ikkunat \u2013 Suuret ikkunat (korkeus 182 cm) ja ovet (korkeus 195 cm) p\u00e4\u00e4st\u00e4v\u00e4t sis\u00e4\u00e4n luonnonvaloa, s\u00e4ilytt\u00e4en samalla yksityisyyden ja turvallisuuden.<\/li>\n<\/ul>\n<p>HUOM! Kiuas ei sis\u00e4lly pakkaukseen.<\/p>\n<p>L\u00f6yd\u00e4 sopiva <a href=\"https:\/\/factory.sale\/product\/electric-floor-heater-harvia-cilindro-pc90-9-kw\/\" target=\"_blank\" rel=\"noopener\">s\u00e4hk\u00f6kiuas t\u00e4\u00e4lt\u00e4<\/a> ja <a href=\"https:\/\/factory.sale\/product\/harvia-m3-woodburning-stove\/\" target=\"_blank\" rel=\"noopener\">puukiuas t\u00e4\u00e4lt\u00e4<\/a>.<\/p>\n<p>Suunniteltu ulkok\u00e4ytt\u00f6\u00f6n \u2013 Hyv\u00e4n ilmanvaihdon ja tukevan rakenteen ansiosta t\u00e4m\u00e4 sauna on t\u00e4ydellinen l\u00e4mpim\u00e4n ja viihtyis\u00e4n paikan luomiseen ulkona, s\u00e4\u00e4ll\u00e4 kuin s\u00e4\u00e4ll\u00e4.<\/p>\n<p>T\u00e4ydellinen asennussarja \u2013 Sis\u00e4lt\u00e4\u00e4 kaikki tarvittavat ruuvit ja kiinnikkeet helppoon asennukseen.<\/p>\n<p>Tukeva ja kompakti pakkaus \u2013 Sauna toimitetaan turvallisesti pakattuna, mitat 700 cm x 120 cm x 80 cm ja paino noin 1700 kg, mik\u00e4 takaa helpon kuljetuksen ja toimituksen.<\/p>\n","protected":false},"excerpt":{"rendered":"<p>Esittelyss\u00e4 ulkosaunamme katoksella \u2013 Moderni luksus kohtaa toiminnallisuuden<\/p>\n<p>Koe ylellinen sauna, jonka lis\u00e4etu on integroitu katos, joka sopii t\u00e4ydellisesti ulkoiluun. T\u00e4m\u00e4 ensiluokkaisesta kuusesta rakennettu ja oksattomilla Aspen- penkeill\u00e4 varustettu sauna on tuomaan mukavuutta, kest\u00e4vyytt\u00e4 ja tyyli\u00e4 takapihallesi tai puutarhaasi.<\/p>\n","protected":false},"featured_media":90582,"comment_status":"open","ping_status":"closed","template":"","meta":{"_acf_changed":false},"factory":[],"free-shipment":[],"product_brand":[],"product_cat":[1121,1317,2258],"product_tag":[876,2106,3018,3017],"class_list":{"0":"post-93656","1":"product","2":"type-product","3":"status-publish","4":"has-post-thumbnail","6":"product_cat-saniteetti","7":"product_cat-sauna-fi","8":"product_cat-saunakuutiot","9":"product_tag-home-spa-fi","10":"product_tag-sauna-fi","11":"product_tag-sauna-with-spa-shelter-fi","12":"product_tag-spa-with-shelter-fi","14":"first","15":"instock","16":"sale","17":"taxable","18":"shipping-taxable","19":"purchasable","20":"product-type-simple"},"acf":[],"_links":{"self":[{"href":"https:\/\/factory.sale\/fi\/wp-json\/wp\/v2\/product\/93656","targetHints":{"allow":["GET"]}}],"collection":[{"href":"https:\/\/factory.sale\/fi\/wp-json\/wp\/v2\/product"}],"about":[{"href":"https:\/\/factory.sale\/fi\/wp-json\/wp\/v2\/types\/product"}],"replies":[{"embeddable":true,"href":"https:\/\/factory.sale\/fi\/wp-json\/wp\/v2\/comments?post=93656"}],"wp:featuredmedia":[{"embeddable":true,"href":"https:\/\/factory.sale\/fi\/wp-json\/wp\/v2\/media\/90582"}],"wp:attachment":[{"href":"https:\/\/factory.sale\/fi\/wp-json\/wp\/v2\/media?parent=93656"}],"wp:term":[{"taxonomy":"factory","embeddable":true,"href":"https:\/\/factory.sale\/fi\/wp-json\/wp\/v2\/factory?post=93656"},{"taxonomy":"free-shipment","embeddable":true,"href":"https:\/\/factory.sale\/fi\/wp-json\/wp\/v2\/free-shipment?post=93656"},{"taxonomy":"product_brand","embeddable":true,"href":"https:\/\/factory.sale\/fi\/wp-json\/wp\/v2\/product_brand?post=93656"},{"taxonomy":"product_cat","embeddable":true,"href":"https:\/\/factory.sale\/fi\/wp-json\/wp\/v2\/product_cat?post=93656"},{"taxonomy":"product_tag","embeddable":true,"href":"https:\/\/factory.sale\/fi\/wp-json\/wp\/v2\/product_tag?post=93656"}],"curies":[{"name":"wp","href":"https:\/\/api.w.org\/{rel}","templated":true}]}}