{"id":93654,"date":"2024-11-11T00:36:40","date_gmt":"2024-11-10T22:05:55","guid":{"rendered":"https:\/\/factory.sale\/?post_type=product&#038;p=93654"},"modified":"2025-04-03T21:09:45","modified_gmt":"2025-04-03T18:09:45","slug":"vegvisir-sauna","status":"publish","type":"product","link":"https:\/\/factory.sale\/fi\/tuote\/vegvisir-sauna\/","title":{"rendered":"&#8220;Vegvisir&#8221; sauna"},"content":{"rendered":"<p>Tutustu Vegvisir-saunaan \u2013 Vankkaa ja ylellist\u00e4 mukavuutta ulkoilmassa<\/p>\n<p>Vegvisir-sauna on kest\u00e4v\u00e4 ja tilava ulkorentoutumispaikka, jossa on 70 mm paksut kuusisein\u00e4t, jotka tarjoavat erinomaisen eristyksen ja kest\u00e4vyyden. T\u00e4ydellinen valinta kodikkaan ja rentouttavan tilan luomiseen puutarhaasi tai takapihallesi. T\u00e4m\u00e4 sauna tarjoaa sekoituksen ylellisyytt\u00e4 ja toimivuutta, joten se on ihanteellinen rentoutumiseen kaikkina vuodenaikoina.<\/p>\n<p>T\u00e4rkeimm\u00e4t ominaisuudet:<\/p>\n<ul>\n<li>Premium kuusirakenne \u2013 70 mm paksut kuusisein\u00e4t tarjoavat erinomaista eristyst\u00e4 ja pitk\u00e4ik\u00e4ist\u00e4 kest\u00e4vyytt\u00e4, sopien erinomaisesti ulkok\u00e4ytt\u00f6\u00f6n kaikissa s\u00e4\u00e4olosuhteissa.<\/li>\n<li>Karkaistut lasikomponentit \u2013 Suuren ikkunan (1290 mm x 1770 mm) ja oven (800 mm x 1900 mm) 4 mm karkaistun lasin ansiosta sauna p\u00e4\u00e4st\u00e4\u00e4 sis\u00e4\u00e4n luonnonvaloa ja varmistaa samalla lujuuden ja turvallisuuden.<\/li>\n<li>Ylelliset oksattomat haapapenkit \u2013 Saunassa on k\u00e4sintehdyt oksattomat haapapenkit selk\u00e4nojilla ja jalkalistoilla, jotka tarjoavat mukavuutta ja l\u00e4mm\u00f6nkest\u00e4vyytt\u00e4 saunakokemuksen parantamiseksi.<\/li>\n<\/ul>\n<p>Tekniset tiedot:<\/p>\n<ul>\n<li>Materiaali: Pohjoismainen kuusi<\/li>\n<li>Sein\u00e4n paksuus: 70 mm<\/li>\n<li>Pohjarunko: 90 mm x 45 mm (kyll\u00e4stetty)<\/li>\n<li>Peruspalkit: 45 mm x 45 mm (kyll\u00e4stetty)<\/li>\n<li>Lattialaudat: 28 mm paksut<\/li>\n<li>Kattopalkit: 70 mm x 170 mm<\/li>\n<li>Kattolaudoitus: 20 mm<\/li>\n<li>Katemateriaali: Itsekiinnittyv\u00e4 kattohuopa (Toptite 6) suojaa s\u00e4\u00e4t\u00e4 vastaan<\/li>\n<li>Ulkomitat: 3410 mm (L) x 2346 mm (S) x 2405 mm (K)<\/li>\n<li>Ikkuna: 4 mm karkaistu lasi, 1290 mm x 1770 mm<\/li>\n<li>Ovi: 4 mm karkaistu lasi, 800 mm x 1900 mm<\/li>\n<li>Penkkien syvyydet: Yl\u00e4penkki: 543 mm Alapenkki: 348 mm<\/li>\n<li>Laudemateriaali: haapa<\/li>\n<\/ul>\n<p>Pakkaus sis\u00e4lt\u00e4\u00e4:<\/p>\n<ul>\n<li>T\u00e4ydellinen sauna pohjoismaisesta kuusesta (k\u00e4sittelem\u00e4t\u00f6n, toimitetaan osina tasopakkauksessa)<\/li>\n<li>Saunapenkit ja selk\u00e4nojat, jotka takaavat mukavan saunael\u00e4myksen<\/li>\n<li>Lasi-ikkunat ja -ovet, jotka luovat tyylikk\u00e4\u00e4n ilmeen<\/li>\n<li>Kattomateriaali: Toptite 6<\/li>\n<li>Asennusohjeet ja kiinnitystarvikkeet helppoa kokoamista varten<\/li>\n<\/ul>\n<p>HUOM! Kiuas ei sis\u00e4lly pakkaukseen.<\/p>\n<p>Suositellut kiukaat:<\/p>\n    <div class=\"col-xl-3 col-6\">\n        <div class=\"product-card h-100\">\n            <div class=\"ratio ratio-4x3 overflow-hidden\">\n                <a href=\"https:\/\/factory.sale\/fi\/tuote\/huum-hive-flow-puulammitteinen-98kw\/\">\n                    <img loading=\"lazy\" decoding=\"async\" width=\"768\" height=\"768\" src=\"https:\/\/factory.sale\/wp-content\/uploads\/2024\/07\/wood-burning-sauna-heater-huum-hive-flow-factory-sale.webp\" class=\"img-fluid object-fit-contain w-100 h-100\" alt=\"Puukiuas HUUM HIVE Flow 9,8kW\" srcset=\"https:\/\/factory.sale\/wp-content\/uploads\/2024\/07\/wood-burning-sauna-heater-huum-hive-flow-factory-sale.webp 2304w, https:\/\/factory.sale\/wp-content\/uploads\/2024\/07\/wood-burning-sauna-heater-huum-hive-flow-factory-sale-300x300.webp 300w, https:\/\/factory.sale\/wp-content\/uploads\/2024\/07\/wood-burning-sauna-heater-huum-hive-flow-factory-sale-1024x1024.webp 1024w, https:\/\/factory.sale\/wp-content\/uploads\/2024\/07\/wood-burning-sauna-heater-huum-hive-flow-factory-sale-150x150.webp 150w, https:\/\/factory.sale\/wp-content\/uploads\/2024\/07\/wood-burning-sauna-heater-huum-hive-flow-factory-sale-1536x1536.webp 1536w, https:\/\/factory.sale\/wp-content\/uploads\/2024\/07\/wood-burning-sauna-heater-huum-hive-flow-factory-sale-2048x2048.webp 2048w, https:\/\/factory.sale\/wp-content\/uploads\/2024\/07\/wood-burning-sauna-heater-huum-hive-flow-factory-sale-400x400.webp 400w, https:\/\/factory.sale\/wp-content\/uploads\/2024\/07\/wood-burning-sauna-heater-huum-hive-flow-factory-sale-600x600.webp 600w, https:\/\/factory.sale\/wp-content\/uploads\/2024\/07\/wood-burning-sauna-heater-huum-hive-flow-factory-sale-100x100.webp 100w\" sizes=\"auto, (max-width: 768px) 100vw, 768px\" \/>                <\/a>\n            <\/div>\n\n            <div class=\"px-xl-3 px-2 py-3 text-xl-start\">\n                <a class=\"product-title-link\" href=\"https:\/\/factory.sale\/fi\/tuote\/huum-hive-flow-puulammitteinen-98kw\/\">\n                    <p class=\"d-none d-xl-block\">Puukiuas HUUM HIVE Flow 9,8kW<\/p>\n                    <p class=\"d-xl-none\">Puukiuas HUUM HIVE Flow 9,8kW<\/p>\n                <\/a>\n\n                <div class=\"price\">\n                                            <span class=\"new-price\"><span class=\"woocommerce-Price-amount amount\"><bdi><span class=\"woocommerce-Price-currencySymbol\">&euro;<\/span>1 380,00<\/bdi><\/span><\/span>\n                        <span class=\"old-price\"><span class=\"woocommerce-Price-amount amount\"><bdi><span class=\"woocommerce-Price-currencySymbol\">&euro;<\/span>1 528,00<\/bdi><\/span><\/span>\n                                    <\/div>\n\n                <div class=\"d-xl-grid d-none gap-4 d-xl-flex justify-content-start mt-2\">\n                    <button class=\"btn btn-product ajax-add-to-quote w-100 mt-1rem\"\n                            data-product-id=\"87878\">\n                        Add to quote\n                    <\/button>\n                <\/div>\n            <\/div>\n\n                            <div class=\"sale\">Sale -10%<\/div>\n                    <\/div>\n    <\/div>\n    \n    <div class=\"col-xl-3 col-6\">\n        <div class=\"product-card h-100\">\n            <div class=\"ratio ratio-4x3 overflow-hidden\">\n                <a href=\"https:\/\/factory.sale\/fi\/tuote\/puulammitin-huum-hive-wood-13-kw\/\">\n                    <img loading=\"lazy\" decoding=\"async\" width=\"768\" height=\"768\" src=\"https:\/\/factory.sale\/wp-content\/uploads\/2021\/03\/huum-hive-wood-sauna-heater-13kw-factory-sale-768x768.webp\" class=\"img-fluid object-fit-contain w-100 h-100\" alt=\"Puukiuas HUUM HIVE Wood 13 kw\" srcset=\"https:\/\/factory.sale\/wp-content\/uploads\/2021\/03\/huum-hive-wood-sauna-heater-13kw-factory-sale-768x768.webp 768w, https:\/\/factory.sale\/wp-content\/uploads\/2021\/03\/huum-hive-wood-sauna-heater-13kw-factory-sale-300x300.webp 300w, https:\/\/factory.sale\/wp-content\/uploads\/2021\/03\/huum-hive-wood-sauna-heater-13kw-factory-sale-1024x1024.webp 1024w, https:\/\/factory.sale\/wp-content\/uploads\/2021\/03\/huum-hive-wood-sauna-heater-13kw-factory-sale-150x150.webp 150w, https:\/\/factory.sale\/wp-content\/uploads\/2021\/03\/huum-hive-wood-sauna-heater-13kw-factory-sale-1536x1536.webp 1536w, https:\/\/factory.sale\/wp-content\/uploads\/2021\/03\/huum-hive-wood-sauna-heater-13kw-factory-sale-2048x2048.webp 2048w, https:\/\/factory.sale\/wp-content\/uploads\/2021\/03\/huum-hive-wood-sauna-heater-13kw-factory-sale-600x600.webp 600w, https:\/\/factory.sale\/wp-content\/uploads\/2021\/03\/huum-hive-wood-sauna-heater-13kw-factory-sale-100x100.webp 100w\" sizes=\"auto, (max-width: 768px) 100vw, 768px\" \/>                <\/a>\n            <\/div>\n\n            <div class=\"px-xl-3 px-2 py-3 text-xl-start\">\n                <a class=\"product-title-link\" href=\"https:\/\/factory.sale\/fi\/tuote\/puulammitin-huum-hive-wood-13-kw\/\">\n                    <p class=\"d-none d-xl-block\">Puukiuas HUUM HIVE Wood 13 kw<\/p>\n                    <p class=\"d-xl-none\">Puukiuas HUUM HIVE Wood 13 kw<\/p>\n                <\/a>\n\n                <div class=\"price\">\n                                            <span class=\"new-price\"><span class=\"woocommerce-Price-amount amount\"><bdi><span class=\"woocommerce-Price-currencySymbol\">&euro;<\/span>1 000,00<\/bdi><\/span><\/span>\n                        <span class=\"old-price\"><span class=\"woocommerce-Price-amount amount\"><bdi><span class=\"woocommerce-Price-currencySymbol\">&euro;<\/span>1 100,00<\/bdi><\/span><\/span>\n                                    <\/div>\n\n                <div class=\"d-xl-grid d-none gap-4 d-xl-flex justify-content-start mt-2\">\n                    <button class=\"btn btn-product ajax-add-to-quote w-100 mt-1rem\"\n                            data-product-id=\"6869\">\n                        Add to quote\n                    <\/button>\n                <\/div>\n            <\/div>\n\n                            <div class=\"sale\">Sale -9%<\/div>\n                    <\/div>\n    <\/div>\n    \n    <div class=\"col-xl-3 col-6\">\n        <div class=\"product-card h-100\">\n            <div class=\"ratio ratio-4x3 overflow-hidden\">\n                <a href=\"https:\/\/factory.sale\/fi\/tuote\/puulammitteinen-huum-hive-wood-17kw\/\">\n                    <img loading=\"lazy\" decoding=\"async\" width=\"768\" height=\"768\" src=\"https:\/\/factory.sale\/wp-content\/uploads\/2022\/08\/huum-hive-wood-sauna-heater-factory-sale-2-1.webp\" class=\"img-fluid object-fit-contain w-100 h-100\" alt=\"Puukiuas HUUM HIVE Wood 17kW\" srcset=\"https:\/\/factory.sale\/wp-content\/uploads\/2022\/08\/huum-hive-wood-sauna-heater-factory-sale-2-1.webp 2304w, https:\/\/factory.sale\/wp-content\/uploads\/2022\/08\/huum-hive-wood-sauna-heater-factory-sale-2-1-300x300.webp 300w, https:\/\/factory.sale\/wp-content\/uploads\/2022\/08\/huum-hive-wood-sauna-heater-factory-sale-2-1-1024x1024.webp 1024w, https:\/\/factory.sale\/wp-content\/uploads\/2022\/08\/huum-hive-wood-sauna-heater-factory-sale-2-1-150x150.webp 150w, https:\/\/factory.sale\/wp-content\/uploads\/2022\/08\/huum-hive-wood-sauna-heater-factory-sale-2-1-1536x1536.webp 1536w, https:\/\/factory.sale\/wp-content\/uploads\/2022\/08\/huum-hive-wood-sauna-heater-factory-sale-2-1-2048x2048.webp 2048w, https:\/\/factory.sale\/wp-content\/uploads\/2022\/08\/huum-hive-wood-sauna-heater-factory-sale-2-1-400x400.webp 400w, https:\/\/factory.sale\/wp-content\/uploads\/2022\/08\/huum-hive-wood-sauna-heater-factory-sale-2-1-600x600.webp 600w, https:\/\/factory.sale\/wp-content\/uploads\/2022\/08\/huum-hive-wood-sauna-heater-factory-sale-2-1-100x100.webp 100w\" sizes=\"auto, (max-width: 768px) 100vw, 768px\" \/>                <\/a>\n            <\/div>\n\n            <div class=\"px-xl-3 px-2 py-3 text-xl-start\">\n                <a class=\"product-title-link\" href=\"https:\/\/factory.sale\/fi\/tuote\/puulammitteinen-huum-hive-wood-17kw\/\">\n                    <p class=\"d-none d-xl-block\">Puukiuas HUUM HIVE Wood 17kW<\/p>\n                    <p class=\"d-xl-none\">Puukiuas HUUM HIVE Wood 17kW<\/p>\n                <\/a>\n\n                <div class=\"price\">\n                                            <span class=\"new-price\"><span class=\"woocommerce-Price-amount amount\"><bdi><span class=\"woocommerce-Price-currencySymbol\">&euro;<\/span>1 165,00<\/bdi><\/span><\/span>\n                        <span class=\"old-price\"><span class=\"woocommerce-Price-amount amount\"><bdi><span class=\"woocommerce-Price-currencySymbol\">&euro;<\/span>1 281,00<\/bdi><\/span><\/span>\n                                    <\/div>\n\n                <div class=\"d-xl-grid d-none gap-4 d-xl-flex justify-content-start mt-2\">\n                    <button class=\"btn btn-product ajax-add-to-quote w-100 mt-1rem\"\n                            data-product-id=\"13839\">\n                        Add to quote\n                    <\/button>\n                <\/div>\n            <\/div>\n\n                            <div class=\"sale\">Sale -9%<\/div>\n                    <\/div>\n    <\/div>\n    \n    <div class=\"col-xl-3 col-6\">\n        <div class=\"product-card h-100\">\n            <div class=\"ratio ratio-4x3 overflow-hidden\">\n                <a href=\"https:\/\/factory.sale\/fi\/tuote\/sahkokiuas-huum-hive-15-kw\/\">\n                    <img loading=\"lazy\" decoding=\"async\" width=\"768\" height=\"768\" src=\"https:\/\/factory.sale\/wp-content\/uploads\/2022\/08\/huum-hive-sauna-heater-electric-15kw-incl-factory-sale-768x768.webp\" class=\"img-fluid object-fit-contain w-100 h-100\" alt=\"S\u00e4hk\u00f6kiuas HUUM HIVE 15 kw\" srcset=\"https:\/\/factory.sale\/wp-content\/uploads\/2022\/08\/huum-hive-sauna-heater-electric-15kw-incl-factory-sale-768x768.webp 768w, https:\/\/factory.sale\/wp-content\/uploads\/2022\/08\/huum-hive-sauna-heater-electric-15kw-incl-factory-sale-300x300.webp 300w, https:\/\/factory.sale\/wp-content\/uploads\/2022\/08\/huum-hive-sauna-heater-electric-15kw-incl-factory-sale-1024x1024.webp 1024w, https:\/\/factory.sale\/wp-content\/uploads\/2022\/08\/huum-hive-sauna-heater-electric-15kw-incl-factory-sale-150x150.webp 150w, https:\/\/factory.sale\/wp-content\/uploads\/2022\/08\/huum-hive-sauna-heater-electric-15kw-incl-factory-sale-1536x1536.webp 1536w, https:\/\/factory.sale\/wp-content\/uploads\/2022\/08\/huum-hive-sauna-heater-electric-15kw-incl-factory-sale-2048x2048.webp 2048w, https:\/\/factory.sale\/wp-content\/uploads\/2022\/08\/huum-hive-sauna-heater-electric-15kw-incl-factory-sale-600x600.webp 600w, https:\/\/factory.sale\/wp-content\/uploads\/2022\/08\/huum-hive-sauna-heater-electric-15kw-incl-factory-sale-100x100.webp 100w\" sizes=\"auto, (max-width: 768px) 100vw, 768px\" \/>                <\/a>\n            <\/div>\n\n            <div class=\"px-xl-3 px-2 py-3 text-xl-start\">\n                <a class=\"product-title-link\" href=\"https:\/\/factory.sale\/fi\/tuote\/sahkokiuas-huum-hive-15-kw\/\">\n                    <p class=\"d-none d-xl-block\">S\u00e4hk\u00f6kiuas HUUM HIVE 15 kw<\/p>\n                    <p class=\"d-xl-none\">S\u00e4hk\u00f6kiuas HUUM HIVE 15 kw<\/p>\n                <\/a>\n\n                <div class=\"price\">\n                                            <span class=\"new-price\"><span class=\"woocommerce-Price-amount amount\"><bdi><span class=\"woocommerce-Price-currencySymbol\">&euro;<\/span>1 018,00<\/bdi><\/span><\/span>\n                        <span class=\"old-price\"><span class=\"woocommerce-Price-amount amount\"><bdi><span class=\"woocommerce-Price-currencySymbol\">&euro;<\/span>1 119,00<\/bdi><\/span><\/span>\n                                    <\/div>\n\n                <div class=\"d-xl-grid d-none gap-4 d-xl-flex justify-content-start mt-2\">\n                    <button class=\"btn btn-product ajax-add-to-quote w-100 mt-1rem\"\n                            data-product-id=\"23259\">\n                        Add to quote\n                    <\/button>\n                <\/div>\n            <\/div>\n\n                            <div class=\"sale\">Sale -9%<\/div>\n                    <\/div>\n    <\/div>\n    \n<p>&nbsp;<\/p>\n<p>Tukeva ja kompakti pakkaus \u2013 Pakattu turvallisesti, mitat 450 cm x 120 cm x 80 cm.<br \/>\nT\u00e4m\u00e4 sauna on helppo kuljettaa ja asentaa.<\/p>\n<p>Suunniteltu ulkok\u00e4ytt\u00f6\u00f6n \u2013 T\u00e4m\u00e4 sauna on rakennettu kest\u00e4m\u00e4\u00e4n s\u00e4\u00e4olosuhteita, ja se sopii t\u00e4ydellisesti ymp\u00e4rivuotiseen k\u00e4ytt\u00f6\u00f6n ja tarjoaa rauhallisen pakopaikan luonnon syd\u00e4mess\u00e4.<\/p>\n","protected":false},"excerpt":{"rendered":"<p>Esittelyss\u00e4 Vegvisir-sauna \u2013 Vankkaa ulkorentoutumista<br \/>\nVegvisir-sauna on valmistettu 70 mm paksuista kuusiseinist\u00e4, karkaistusta lasista ja korkealaatuisista oksattomista Aspen-penkeist\u00e4, mik\u00e4 tarjoaa ylivertaista kest\u00e4vyytt\u00e4 ja ylellisyytt\u00e4.<\/p>\n","protected":false},"featured_media":90599,"comment_status":"open","ping_status":"closed","template":"","meta":{"_acf_changed":false},"factory":[],"free-shipment":[],"product_brand":[],"product_cat":[1121,1317,2258],"product_tag":[2106],"class_list":{"0":"post-93654","1":"product","2":"type-product","3":"status-publish","4":"has-post-thumbnail","6":"product_cat-saniteetti","7":"product_cat-sauna-fi","8":"product_cat-saunakuutiot","9":"product_tag-sauna-fi","11":"first","12":"instock","13":"sale","14":"taxable","15":"shipping-taxable","16":"purchasable","17":"product-type-simple"},"acf":[],"_links":{"self":[{"href":"https:\/\/factory.sale\/fi\/wp-json\/wp\/v2\/product\/93654","targetHints":{"allow":["GET"]}}],"collection":[{"href":"https:\/\/factory.sale\/fi\/wp-json\/wp\/v2\/product"}],"about":[{"href":"https:\/\/factory.sale\/fi\/wp-json\/wp\/v2\/types\/product"}],"replies":[{"embeddable":true,"href":"https:\/\/factory.sale\/fi\/wp-json\/wp\/v2\/comments?post=93654"}],"wp:featuredmedia":[{"embeddable":true,"href":"https:\/\/factory.sale\/fi\/wp-json\/wp\/v2\/media\/90599"}],"wp:attachment":[{"href":"https:\/\/factory.sale\/fi\/wp-json\/wp\/v2\/media?parent=93654"}],"wp:term":[{"taxonomy":"factory","embeddable":true,"href":"https:\/\/factory.sale\/fi\/wp-json\/wp\/v2\/factory?post=93654"},{"taxonomy":"free-shipment","embeddable":true,"href":"https:\/\/factory.sale\/fi\/wp-json\/wp\/v2\/free-shipment?post=93654"},{"taxonomy":"product_brand","embeddable":true,"href":"https:\/\/factory.sale\/fi\/wp-json\/wp\/v2\/product_brand?post=93654"},{"taxonomy":"product_cat","embeddable":true,"href":"https:\/\/factory.sale\/fi\/wp-json\/wp\/v2\/product_cat?post=93654"},{"taxonomy":"product_tag","embeddable":true,"href":"https:\/\/factory.sale\/fi\/wp-json\/wp\/v2\/product_tag?post=93654"}],"curies":[{"name":"wp","href":"https:\/\/api.w.org\/{rel}","templated":true}]}}