{"id":93650,"date":"2024-11-11T00:33:37","date_gmt":"2024-11-10T22:05:39","guid":{"rendered":"https:\/\/factory.sale\/?post_type=product&#038;p=93650"},"modified":"2026-03-29T15:13:59","modified_gmt":"2026-03-29T12:13:59","slug":"brico-sauna","status":"publish","type":"product","link":"https:\/\/factory.sale\/fi\/tuote\/brico-sauna\/","title":{"rendered":"&#8220;Brico&#8221; Sauna"},"content":{"rendered":"<p>Tutustu premium-ulkosaunaamme \u2013 kompakti ja tehokas<br \/>\nRentoudu tyylill\u00e4 kompaktissa ja kauniisti muotoillussa ulkosaunassamme. T\u00e4m\u00e4 sauna on suunniteltu toimivuutta ja mukavuutta ajatellen, ja se sopii t\u00e4ydellisesti puutarhaan tai muihin pienempiin ulkotiloihin. Se yhdist\u00e4\u00e4 modernin muotoilun ja perinteiset materiaalit virkist\u00e4v\u00e4\u00e4n saunael\u00e4mykseen.<\/p>\n<p>T\u00e4rkeimm\u00e4t ominaisuudet:<\/p>\n<ul>\n<li>Oksattomasta haapapuusta valmistetut penkit ja selk\u00e4nojat \u2013 nauti haavan sile\u00e4st\u00e4 pinnasta ja l\u00e4mm\u00f6nkest\u00e4vist\u00e4 ominaisuuksista, jotka takaavat miellytt\u00e4v\u00e4n saunakokemuksen.<\/li>\n<li>T\u00e4ydellinen ratkaisu pieniin tiloihin, sopii sek\u00e4 sis\u00e4- ett\u00e4 ulkok\u00e4ytt\u00f6\u00f6n.<\/li>\n<li>Kest\u00e4v\u00e4 sein\u00e4- ja kattorakenne \u2013 42 mm paksut sein\u00e4t ja katto takaavat erinomaisen l\u00e4mm\u00f6neristyksen ja pitk\u00e4ik\u00e4isyyden vuoden ymp\u00e4ri.<\/li>\n<li>Itsekiinnittyv\u00e4 Toptite 6 -katto \u2013 mukana toimitettava s\u00e4\u00e4nkest\u00e4v\u00e4 katto tarjoaa suojaa vaihtelevissa s\u00e4\u00e4olosuhteissa.<\/li>\n<li>Karkaistu lasiovi \u2013 moderni ja tyylik\u00e4s yksityiskohta. Ulkokahva on metallia ja sis\u00e4kahva puuta, mik\u00e4 takaa miellytt\u00e4v\u00e4n otteen.<\/li>\n<\/ul>\n<p>Toimitus sis\u00e4lt\u00e4\u00e4:<\/p>\n<ul>\n<li>T\u00e4ydellinen sauna pohjoismaisesta kuusesta (purettuna: 225 cm x 111 cm x 80 cm, 600 kg)<\/li>\n<li>Selk\u00e4noja<\/li>\n<li>Haapapuusta valmistetut saunapenkit<\/li>\n<li>Puinen suoja kehys kiukaalle<\/li>\n<li>Pronssins\u00e4vyinen karkaistu lasiovi kahvalla<\/li>\n<li>Kiinnikkeet ja ruuvit helppoon asennukseen<\/li>\n<\/ul>\n<p>Tekniset tiedot:<\/p>\n<ul>\n<li>Ulkomitat: 2328 mm x 2190 mm x 1894 mm (K x L x S)<\/li>\n<li>Oven lasin mitat: 1685 mm x 685 mm<\/li>\n<li>Sein\u00e4n paksuus: 42 mm<\/li>\n<li>Etukorkeus: 2328 mm<\/li>\n<li>Takakorkeus: 2164 mm<\/li>\n<li>Kokonaispinta-ala: 3,25 m\u00b2<\/li>\n<li>Penkkien syvyydet: p\u00e4\u00e4penkki \u2013 543 mm, jalkatuki \u2013 220 mm, alempi penkki \u2013 398 mm<\/li>\n<li>Penkit ja selk\u00e4nojat: valmistettu oksattomasta haapapuusta<\/li>\n<\/ul>\n<p>Huom! Kiuas ei sis\u00e4lly toimitukseen! Suosittelemme s\u00e4hk\u00f6- tai puul\u00e4mmitteist\u00e4 kiuasta.<\/p>\n<p>Sopivat kiukaat:<\/p>\n    <div class=\"col-xl-3 col-6\">\n        <div class=\"product-card h-100\">\n            <div class=\"ratio ratio-4x3 overflow-hidden\">\n                <a href=\"https:\/\/factory.sale\/fi\/tuote\/puukiuas-harvia-m3\/\">\n                    <img loading=\"lazy\" decoding=\"async\" width=\"768\" height=\"576\" src=\"https:\/\/factory.sale\/wp-content\/uploads\/2022\/06\/Harvia-M3-9kw.jpg\" class=\"img-fluid object-fit-contain w-100 h-100\" alt=\"Puukiuas Harvia M3\" srcset=\"https:\/\/factory.sale\/wp-content\/uploads\/2022\/06\/Harvia-M3-9kw.jpg 800w, https:\/\/factory.sale\/wp-content\/uploads\/2022\/06\/Harvia-M3-9kw-150x113.jpg 150w, https:\/\/factory.sale\/wp-content\/uploads\/2022\/06\/Harvia-M3-9kw-300x225.jpg 300w, https:\/\/factory.sale\/wp-content\/uploads\/2022\/06\/Harvia-M3-9kw-600x450.jpg 600w\" sizes=\"auto, (max-width: 768px) 100vw, 768px\" \/>                <\/a>\n            <\/div>\n\n            <div class=\"px-xl-3 px-2 py-3 text-xl-start\">\n                <a class=\"product-title-link\" href=\"https:\/\/factory.sale\/fi\/tuote\/puukiuas-harvia-m3\/\">\n                    <p class=\"d-none d-xl-block\">Puukiuas Harvia M3<\/p>\n                    <p class=\"d-xl-none\">Puukiuas Harvia M3<\/p>\n                <\/a>\n\n                <div class=\"price\">\n                                            <span class=\"new-price\"><span class=\"woocommerce-Price-amount amount\"><bdi><span class=\"woocommerce-Price-currencySymbol\">&euro;<\/span>365,70<\/bdi><\/span><\/span>\n                        <span class=\"old-price\"><span class=\"woocommerce-Price-amount amount\"><bdi><span class=\"woocommerce-Price-currencySymbol\">&euro;<\/span>392,40<\/bdi><\/span><\/span>\n                                    <\/div>\n\n                <div class=\"d-xl-grid d-none gap-4 d-xl-flex justify-content-start mt-2\">\n                    <button class=\"btn btn-product ajax-add-to-quote w-100 mt-1rem\"\n                            data-product-id=\"11065\">\n                        Add to quote\n                    <\/button>\n                <\/div>\n            <\/div>\n\n                            <div class=\"sale\">Sale -7%<\/div>\n                    <\/div>\n    <\/div>\n    \n    <div class=\"col-xl-3 col-6\">\n        <div class=\"product-card h-100\">\n            <div class=\"ratio ratio-4x3 overflow-hidden\">\n                <a href=\"https:\/\/factory.sale\/fi\/tuote\/harvia-vega-bc80sahkokaytto\/\">\n                    <img loading=\"lazy\" decoding=\"async\" width=\"768\" height=\"576\" src=\"https:\/\/factory.sale\/wp-content\/uploads\/2022\/08\/Harvia-1.jpeg\" class=\"img-fluid object-fit-contain w-100 h-100\" alt=\"HARVIA VEGA BC80,S\u00c4HK\u00d6K\u00c4YTT\u00d6\" srcset=\"https:\/\/factory.sale\/wp-content\/uploads\/2022\/08\/Harvia-1.jpeg 800w, https:\/\/factory.sale\/wp-content\/uploads\/2022\/08\/Harvia-1-150x113.jpeg 150w, https:\/\/factory.sale\/wp-content\/uploads\/2022\/08\/Harvia-1-300x225.jpeg 300w, https:\/\/factory.sale\/wp-content\/uploads\/2022\/08\/Harvia-1-600x450.jpeg 600w\" sizes=\"auto, (max-width: 768px) 100vw, 768px\" \/>                <\/a>\n            <\/div>\n\n            <div class=\"px-xl-3 px-2 py-3 text-xl-start\">\n                <a class=\"product-title-link\" href=\"https:\/\/factory.sale\/fi\/tuote\/harvia-vega-bc80sahkokaytto\/\">\n                    <p class=\"d-none d-xl-block\">HARVIA VEGA BC80,S\u00c4HK\u00d6K\u00c4YTT\u00d6<\/p>\n                    <p class=\"d-xl-none\">HARVIA VEGA BC80,S\u00c4HK\u00d6K\u00c4YTT\u00d6<\/p>\n                <\/a>\n\n                <div class=\"price\">\n                                            <span class=\"new-price\"><span class=\"woocommerce-Price-amount amount\"><bdi><span class=\"woocommerce-Price-currencySymbol\">&euro;<\/span>259,00<\/bdi><\/span><\/span>\n                        <span class=\"old-price\"><span class=\"woocommerce-Price-amount amount\"><bdi><span class=\"woocommerce-Price-currencySymbol\">&euro;<\/span>310,90<\/bdi><\/span><\/span>\n                                    <\/div>\n\n                <div class=\"d-xl-grid d-none gap-4 d-xl-flex justify-content-start mt-2\">\n                    <button class=\"btn btn-product ajax-add-to-quote w-100 mt-1rem\"\n                            data-product-id=\"13811\">\n                        Add to quote\n                    <\/button>\n                <\/div>\n            <\/div>\n\n                            <div class=\"sale\">Sale -17%<\/div>\n                    <\/div>\n    <\/div>\n    \n<p>&nbsp;<\/p>\n<p>Tukeva ja kompakti pakkaus \u2013 Sauna on turvallisesti pakattu. Mitat 225 cm x 111 cm x 80 cm, mik\u00e4 tekee siit\u00e4 helpon kuljettaa ja asentaa.<\/p>\n<p>T\u00e4ss\u00e4 saunassa yhdistyy elegantti k\u00e4sity\u00f6taito ja ulkok\u00e4yt\u00f6n kest\u00e4vyys ja tarjoaa yksityisest\u00e4 ja rauhallisesta tilasta nauttimisen ymp\u00e4ri vuoden.<\/p>\n","protected":false},"excerpt":{"rendered":"<p>Esittelyss\u00e4: Premium-kompakti ulkosauna<br \/>\nTuo aito saunatunnelma vaikka pienimp\u00e4\u00e4nkin pihaan \u2013 BRICO kompakti sauna tekee sen mahdolliseksi!<br \/>\nPohjoismaisesta kuusesta valmistettu 1,6 metrin sauna tarjoaa perinteisen puul\u00e4mmitteisen saunael\u00e4myksen 2\u20133 hengelle tilaa s\u00e4\u00e4st\u00e4v\u00e4ss\u00e4 muodossa.<br \/>\nNopea asentaa ja helppo k\u00e4ytt\u00e4\u00e4 \u2013 t\u00e4ydellinen valinta terassille, puutarhaan tai kes\u00e4m\u00f6kille.<\/p>\n","protected":false},"featured_media":90553,"comment_status":"open","ping_status":"closed","template":"","meta":{"_acf_changed":false},"factory":[],"free-shipment":[],"product_brand":[],"product_cat":[1317,4779,2258],"product_tag":[2106],"class_list":{"0":"post-93650","1":"product","2":"type-product","3":"status-publish","4":"has-post-thumbnail","6":"product_cat-sauna-fi","7":"product_cat-sauna","8":"product_cat-saunakuutiot","9":"product_tag-sauna-fi","11":"first","12":"instock","13":"sale","14":"taxable","15":"shipping-taxable","16":"purchasable","17":"product-type-simple"},"acf":[],"_links":{"self":[{"href":"https:\/\/factory.sale\/fi\/wp-json\/wp\/v2\/product\/93650","targetHints":{"allow":["GET"]}}],"collection":[{"href":"https:\/\/factory.sale\/fi\/wp-json\/wp\/v2\/product"}],"about":[{"href":"https:\/\/factory.sale\/fi\/wp-json\/wp\/v2\/types\/product"}],"replies":[{"embeddable":true,"href":"https:\/\/factory.sale\/fi\/wp-json\/wp\/v2\/comments?post=93650"}],"wp:featuredmedia":[{"embeddable":true,"href":"https:\/\/factory.sale\/fi\/wp-json\/wp\/v2\/media\/90553"}],"wp:attachment":[{"href":"https:\/\/factory.sale\/fi\/wp-json\/wp\/v2\/media?parent=93650"}],"wp:term":[{"taxonomy":"factory","embeddable":true,"href":"https:\/\/factory.sale\/fi\/wp-json\/wp\/v2\/factory?post=93650"},{"taxonomy":"free-shipment","embeddable":true,"href":"https:\/\/factory.sale\/fi\/wp-json\/wp\/v2\/free-shipment?post=93650"},{"taxonomy":"product_brand","embeddable":true,"href":"https:\/\/factory.sale\/fi\/wp-json\/wp\/v2\/product_brand?post=93650"},{"taxonomy":"product_cat","embeddable":true,"href":"https:\/\/factory.sale\/fi\/wp-json\/wp\/v2\/product_cat?post=93650"},{"taxonomy":"product_tag","embeddable":true,"href":"https:\/\/factory.sale\/fi\/wp-json\/wp\/v2\/product_tag?post=93650"}],"curies":[{"name":"wp","href":"https:\/\/api.w.org\/{rel}","templated":true}]}}