{"id":93648,"date":"2024-11-10T23:03:03","date_gmt":"2024-11-10T20:12:17","guid":{"rendered":"https:\/\/factory.sale\/?post_type=product&#038;p=93648"},"modified":"2024-11-11T04:00:57","modified_gmt":"2024-11-11T01:00:57","slug":"esr5-no-31-24vac-dc-turvarele","status":"publish","type":"product","link":"https:\/\/factory.sale\/fi\/tuote\/esr5-no-31-24vac-dc-turvarele\/","title":{"rendered":"ESR5-NO-31-24VAC-DC Turvarele"},"content":{"rendered":"<p><strong>Tekniset tiedot:<\/strong><\/p>\n<p>Valmistaja: Eaton<br \/>\nVirtal\u00e4hde: 24V AC\/DC<br \/>\nNimellisvirta: 6A<br \/>\nK\u00e4ytt\u00f6l\u00e4mp\u00f6tila: -20\u02da&#8230;+55\u02daC<br \/>\nSuojausluokka: IP20<br \/>\nKosketin: 3 NO + 1 NC<br \/>\nAsennus: DIN<br \/>\nV\u00e4ri: Keltainen<br \/>\nLiittimen poikkipinta-ala: 2,5 mm\u00b2<br \/>\nMateriaali: Muovi<\/p>\n<p>&nbsp;<\/p>\n<p>&nbsp;<\/p>\n<p><a href=\"https:\/\/factory.sale\/wp-content\/uploads\/2024\/11\/Turvareleed.pdf\" target=\"_blank\" rel=\"noopener\">PDF<\/a><\/p>\n","protected":false},"excerpt":{"rendered":"<p>Valmistaja: Eaton<br \/>\nVirtal\u00e4hde: 24V AC\/DC<br \/>\nNimellisvirta: 6A<br \/>\nK\u00e4ytt\u00f6l\u00e4mp\u00f6tila: -20\u02da&#8230;+55\u02daC<br \/>\nSuojausluokka: IP20<br \/>\nKosketin: 3 NO + 1 NC<br \/>\nAsennus: DIN<br \/>\nV\u00e4ri: Keltainen<br \/>\nLiittimen poikkipinta-ala: 2,5 mm\u00b2<br \/>\nMateriaali: Muovi<\/p>\n<p>&nbsp;<\/p>\n","protected":false},"featured_media":93628,"comment_status":"open","ping_status":"closed","template":"","meta":{"_acf_changed":false},"factory":[],"free-shipment":[],"product_brand":[],"product_cat":[2607,3120],"product_tag":[],"class_list":{"0":"post-93648","1":"product","2":"type-product","3":"status-publish","4":"has-post-thumbnail","6":"product_cat-teollisuusautomaatio","7":"product_cat-turvallisuus-ja-turvalaitteet","9":"first","10":"instock","11":"sale","12":"taxable","13":"shipping-taxable","14":"purchasable","15":"product-type-simple"},"acf":[],"_links":{"self":[{"href":"https:\/\/factory.sale\/fi\/wp-json\/wp\/v2\/product\/93648","targetHints":{"allow":["GET"]}}],"collection":[{"href":"https:\/\/factory.sale\/fi\/wp-json\/wp\/v2\/product"}],"about":[{"href":"https:\/\/factory.sale\/fi\/wp-json\/wp\/v2\/types\/product"}],"replies":[{"embeddable":true,"href":"https:\/\/factory.sale\/fi\/wp-json\/wp\/v2\/comments?post=93648"}],"wp:featuredmedia":[{"embeddable":true,"href":"https:\/\/factory.sale\/fi\/wp-json\/wp\/v2\/media\/93628"}],"wp:attachment":[{"href":"https:\/\/factory.sale\/fi\/wp-json\/wp\/v2\/media?parent=93648"}],"wp:term":[{"taxonomy":"factory","embeddable":true,"href":"https:\/\/factory.sale\/fi\/wp-json\/wp\/v2\/factory?post=93648"},{"taxonomy":"free-shipment","embeddable":true,"href":"https:\/\/factory.sale\/fi\/wp-json\/wp\/v2\/free-shipment?post=93648"},{"taxonomy":"product_brand","embeddable":true,"href":"https:\/\/factory.sale\/fi\/wp-json\/wp\/v2\/product_brand?post=93648"},{"taxonomy":"product_cat","embeddable":true,"href":"https:\/\/factory.sale\/fi\/wp-json\/wp\/v2\/product_cat?post=93648"},{"taxonomy":"product_tag","embeddable":true,"href":"https:\/\/factory.sale\/fi\/wp-json\/wp\/v2\/product_tag?post=93648"}],"curies":[{"name":"wp","href":"https:\/\/api.w.org\/{rel}","templated":true}]}}