{"id":93598,"date":"2024-11-10T01:05:42","date_gmt":"2024-11-09T22:08:59","guid":{"rendered":"https:\/\/factory.sale\/?post_type=product&#038;p=93598"},"modified":"2024-11-10T16:11:44","modified_gmt":"2024-11-10T13:11:44","slug":"cs-ar-01v024-turvarele-2no1nc-24ac-dc","status":"publish","type":"product","link":"https:\/\/factory.sale\/fi\/tuote\/cs-ar-01v024-turvarele-2no1nc-24ac-dc\/","title":{"rendered":"CS AR-01V024 Turvarele 2NO+1NC, 24AC\/DC"},"content":{"rendered":"<p><strong>Tekniset tiedot:<\/strong><\/p>\n<p>Toimittaja: Pizzato<br \/>\nVirtal\u00e4hde: 24V AC\/DC<br \/>\nNimellisvirta: 6A<br \/>\nK\u00e4ytt\u00f6l\u00e4mp\u00f6tila: -20\u02da&#8230;+80\u02daC<br \/>\nSuojausluokka: IP20<br \/>\nKosketin: 2 NO + 1 NC<br \/>\nAsennus: DIN<br \/>\nV\u00e4ri: Punainen<br \/>\nLiittimen poikkipinta-ala: 2,5 mm\u00b2<br \/>\nMateriaali: Muovi<\/p>\n<p>&nbsp;<\/p>\n<p><a href=\"https:\/\/factory.sale\/wp-content\/uploads\/2024\/11\/Turvareleed.pdf\" target=\"_blank\" rel=\"noopener\">PDF<\/a><\/p>\n","protected":false},"excerpt":{"rendered":"<p>Toimittaja: Pizzato<br \/>\nVirtal\u00e4hde: 24V AC\/DC<br \/>\nNimellisvirta: 6A<br \/>\nK\u00e4ytt\u00f6l\u00e4mp\u00f6tila: -20\u02da&#8230;+80\u02daC<br \/>\nSuojausluokka: IP20<br \/>\nKosketin: 2 NO + 1 NC<br \/>\nAsennus: DIN<br \/>\nV\u00e4ri: Punainen<br \/>\nLiittimen poikkipinta-ala: 2,5 mm\u00b2<br \/>\nMateriaali: Muovi<\/p>\n","protected":false},"featured_media":93356,"comment_status":"open","ping_status":"closed","template":"","meta":{"_acf_changed":false},"factory":[],"free-shipment":[],"product_brand":[],"product_cat":[2583,3118],"product_tag":[],"class_list":{"0":"post-93598","1":"product","2":"type-product","3":"status-publish","4":"has-post-thumbnail","6":"product_cat-industrial-automation","7":"product_cat-security-and-safety-equipment","9":"first","10":"instock","11":"sale","12":"taxable","13":"shipping-taxable","14":"purchasable","15":"product-type-simple"},"acf":[],"_links":{"self":[{"href":"https:\/\/factory.sale\/fi\/wp-json\/wp\/v2\/product\/93598","targetHints":{"allow":["GET"]}}],"collection":[{"href":"https:\/\/factory.sale\/fi\/wp-json\/wp\/v2\/product"}],"about":[{"href":"https:\/\/factory.sale\/fi\/wp-json\/wp\/v2\/types\/product"}],"replies":[{"embeddable":true,"href":"https:\/\/factory.sale\/fi\/wp-json\/wp\/v2\/comments?post=93598"}],"wp:featuredmedia":[{"embeddable":true,"href":"https:\/\/factory.sale\/fi\/wp-json\/wp\/v2\/media\/93356"}],"wp:attachment":[{"href":"https:\/\/factory.sale\/fi\/wp-json\/wp\/v2\/media?parent=93598"}],"wp:term":[{"taxonomy":"factory","embeddable":true,"href":"https:\/\/factory.sale\/fi\/wp-json\/wp\/v2\/factory?post=93598"},{"taxonomy":"free-shipment","embeddable":true,"href":"https:\/\/factory.sale\/fi\/wp-json\/wp\/v2\/free-shipment?post=93598"},{"taxonomy":"product_brand","embeddable":true,"href":"https:\/\/factory.sale\/fi\/wp-json\/wp\/v2\/product_brand?post=93598"},{"taxonomy":"product_cat","embeddable":true,"href":"https:\/\/factory.sale\/fi\/wp-json\/wp\/v2\/product_cat?post=93598"},{"taxonomy":"product_tag","embeddable":true,"href":"https:\/\/factory.sale\/fi\/wp-json\/wp\/v2\/product_tag?post=93598"}],"curies":[{"name":"wp","href":"https:\/\/api.w.org\/{rel}","templated":true}]}}