{"id":93589,"date":"2024-11-09T23:59:25","date_gmt":"2024-11-09T21:16:36","guid":{"rendered":"https:\/\/factory.sale\/?post_type=product&#038;p=93589"},"modified":"2024-11-10T00:17:24","modified_gmt":"2024-11-09T21:17:24","slug":"pyorea-kaasulammitteinen-sohvapoyta","status":"publish","type":"product","link":"https:\/\/factory.sale\/fi\/tuote\/pyorea-kaasulammitteinen-sohvapoyta\/","title":{"rendered":"Py\u00f6re\u00e4 kaasul\u00e4mmitteinen sohvap\u00f6yt\u00e4"},"content":{"rendered":"<p>Nauti ulkotilasta s\u00e4\u00e4ll\u00e4 kuin s\u00e4\u00e4ll\u00e4 py\u00f6re\u00e4n kaasul\u00e4mmitteisen sohvap\u00f6yt\u00e4mme avulla. T\u00e4m\u00e4 huoltovapaasta alumiinista valmistettu ja t\u00e4ysin s\u00e4\u00e4nkest\u00e4v\u00e4 luksusp\u00f6yt\u00e4 on n\u00e4ytt\u00e4v\u00e4 keskipiste kaikissa ulkotilaisuuksissa, olipa tuli p\u00e4\u00e4ll\u00e4 tai ei.<\/p>\n<p>EU-alueella kaasus\u00e4\u00e4din t\u00e4ytyy vaihtaa, mutta t\u00e4m\u00e4 on helppo toimenpide.<\/p>\n<p>Siirrett\u00e4vyyden ansiosta t\u00e4t\u00e4 tulip\u00f6yt\u00e4\u00e4 voi siirt\u00e4\u00e4 mihin tahansa ulkotilaan, kunhan sen ymp\u00e4rill\u00e4 on riitt\u00e4v\u00e4sti tilaa ilmanvaihdolle. Kaikki tulip\u00f6yt\u00e4mme ovat CE-sertifioituja ja soveltuvat 5 kg kaasupullolle, joka voidaan piilottaa alumiinisella kaasupullonsuojuksella (myyd\u00e4\u00e4n erikseen). Oletamme, ett\u00e4 jokainen kaasupullo kest\u00e4\u00e4 noin 6\u20137 tuntia.<\/p>\n<p>&nbsp;<\/p>\n<p><strong>Kehyksen v\u00e4ri:<\/strong> Pebble white, hiilenharmaa<\/p>\n<p>&nbsp;<\/p>\n<p><strong>Tekniset tiedot:<\/strong><\/p>\n<ul>\n<li>1x \u2013 Py\u00f6re\u00e4 kaasul\u00e4mmitteinen sohvap\u00f6yt\u00e4<\/li>\n<li>Korkeus: 34 cm<\/li>\n<li>Halkaisija: 90 cm<\/li>\n<li>Polttoaine: LPG-propaani (kaasupullo EI sis\u00e4lly hintaan)<\/li>\n<li>Maksimil\u00e4mm\u00f6ntuotto: 14,7 kWh<\/li>\n<li>Paino: 30 kg<\/li>\n<\/ul>\n","protected":false},"excerpt":{"rendered":"<p>Nauti ulkotilasta s\u00e4\u00e4ll\u00e4 kuin s\u00e4\u00e4ll\u00e4 py\u00f6re\u00e4n kaasul\u00e4mmitteisen sohvap\u00f6yt\u00e4mme avulla. T\u00e4m\u00e4 huoltovapaasta alumiinista valmistettu ja t\u00e4ysin s\u00e4\u00e4nkest\u00e4v\u00e4 luksusp\u00f6yt\u00e4 on n\u00e4ytt\u00e4v\u00e4 keskipiste kaikissa ulkotilaisuuksissa, olipa tuli p\u00e4\u00e4ll\u00e4 tai ei.<\/p>\n","protected":false},"featured_media":93580,"comment_status":"open","ping_status":"closed","template":"","meta":{"_acf_changed":false},"factory":[],"free-shipment":[],"product_brand":[],"product_cat":[3008],"product_tag":[],"class_list":{"0":"post-93589","1":"product","2":"type-product","3":"status-publish","4":"has-post-thumbnail","6":"product_cat-tulipoydat","8":"first","9":"instock","10":"sale","11":"taxable","12":"shipping-taxable","13":"purchasable","14":"product-type-simple"},"acf":[],"_links":{"self":[{"href":"https:\/\/factory.sale\/fi\/wp-json\/wp\/v2\/product\/93589","targetHints":{"allow":["GET"]}}],"collection":[{"href":"https:\/\/factory.sale\/fi\/wp-json\/wp\/v2\/product"}],"about":[{"href":"https:\/\/factory.sale\/fi\/wp-json\/wp\/v2\/types\/product"}],"replies":[{"embeddable":true,"href":"https:\/\/factory.sale\/fi\/wp-json\/wp\/v2\/comments?post=93589"}],"wp:featuredmedia":[{"embeddable":true,"href":"https:\/\/factory.sale\/fi\/wp-json\/wp\/v2\/media\/93580"}],"wp:attachment":[{"href":"https:\/\/factory.sale\/fi\/wp-json\/wp\/v2\/media?parent=93589"}],"wp:term":[{"taxonomy":"factory","embeddable":true,"href":"https:\/\/factory.sale\/fi\/wp-json\/wp\/v2\/factory?post=93589"},{"taxonomy":"free-shipment","embeddable":true,"href":"https:\/\/factory.sale\/fi\/wp-json\/wp\/v2\/free-shipment?post=93589"},{"taxonomy":"product_brand","embeddable":true,"href":"https:\/\/factory.sale\/fi\/wp-json\/wp\/v2\/product_brand?post=93589"},{"taxonomy":"product_cat","embeddable":true,"href":"https:\/\/factory.sale\/fi\/wp-json\/wp\/v2\/product_cat?post=93589"},{"taxonomy":"product_tag","embeddable":true,"href":"https:\/\/factory.sale\/fi\/wp-json\/wp\/v2\/product_tag?post=93589"}],"curies":[{"name":"wp","href":"https:\/\/api.w.org\/{rel}","templated":true}]}}