{"id":93568,"date":"2024-11-08T15:38:50","date_gmt":"2024-11-08T12:47:06","guid":{"rendered":"https:\/\/factory.sale\/?post_type=product&#038;p=93568"},"modified":"2024-11-08T15:47:30","modified_gmt":"2024-11-08T12:47:30","slug":"nuovamat","status":"publish","type":"product","link":"https:\/\/factory.sale\/fi\/tuote\/nuovamat\/","title":{"rendered":"Nuovamat"},"content":{"rendered":"<p>NUOVAMAT \u2013 Syv\u00e4matta akryylipohjainen vesiohenteinen maali seinille ja katoille, sis\u00e4lt\u00e4\u00e4 keraamisia aineosia. Eritt\u00e4in kulutuskest\u00e4v\u00e4, helposti puhdistettava syv\u00e4matta akryylipohjainen vesidispersio maali. T\u00e4m\u00e4n maalin koostumus on suunniteltu nykyaikaisella teknologialla, mink\u00e4 ansiosta maalilla on ainutlaatuinen ominaisuuksien yhdistelm\u00e4. NUOVAMAT sis\u00e4lt\u00e4\u00e4 erityisen kovia keraamiikka- ja lasipohjaisia t\u00e4yteaineita, jotka tekev\u00e4t pinnasta eritt\u00e4in kest\u00e4v\u00e4n sek\u00e4 kuivaa ett\u00e4 m\u00e4rk\u00e4\u00e4 hankautumista vastaan. Intensiivisen mekaanisen rasituksen (hankauksen) aiheuttama kiilto voidaan helposti poistaa pyyhkim\u00e4ll\u00e4 n\u00e4m\u00e4 kohdat kostealla liinalla. Keraamiset t\u00e4yteaineet antavat pinnalle tasaisen rakenteen ja lis\u00e4\u00e4v\u00e4t valon hajontaa; n\u00e4kyvi\u00e4 saumakohtia ei synny, ja maalattua aluetta voidaan tarvittaessa helposti korjata. Erinomainen levi\u00e4miskyky est\u00e4\u00e4 ep\u00e4tasaisten pintojen muodostumisen, joita voi ilmet\u00e4 maalia telalla levitett\u00e4ess\u00e4. Maali on tarkoitettu seinien ja kattojen maalaamiseen asuin-, toimisto- ja julkisissa tiloissa sek\u00e4 muissa intensiivisesti k\u00e4ytetyiss\u00e4 tiloissa. Sopii my\u00f6s suuremman kosteuden tiloihin, kuten kylpyhuoneisiin ja saniteettitiloihin. Soveltuu rappaus-, betoni-, tiili-, vahvistetuille pinnoille sek\u00e4 tekstuurillisille akryyli-, vinyyli- ja lasikuitupinnoille. T\u00e4t\u00e4 maalia voidaan k\u00e4ytt\u00e4\u00e4 my\u00f6s valmistelluille metalli- ja muille pinnoille, jotka on aiemmin maalattu vesipohjaisilla dispersio-maaleilla. Erinomainen peittokyky tekee maalista sopivan my\u00f6s paikallisten vaurioituneiden alueiden korjaamiseen kahdella kerroksella. Valkoinen (A-pohja), voidaan s\u00e4vytt\u00e4\u00e4 vaaleisiin s\u00e4vyihin RILAKOLOR-s\u00e4vytinj\u00e4rjestelm\u00e4n avulla. M\u00e4rk\u00e4puhdistuskest\u00e4vyys: ISO 11998 -standardin mukaan 1. luokka. Yli 5000 sykli\u00e4 DIN 53778 -standardin mukaisesti.<\/p>\n<p>&nbsp;<\/p>\n<p><strong>Sis\u00e4k\u00e4ytt\u00f6\u00f6n<\/strong><\/p>\n<ul>\n<li>Tuote voidaan levitt\u00e4\u00e4 telalla<\/li>\n<li>Tuote voidaan levitt\u00e4\u00e4 siveltimell\u00e4<\/li>\n<li>Tuote voidaan levitt\u00e4\u00e4 ruiskulla<\/li>\n<li>Tuotetta voidaan s\u00e4vytt\u00e4\u00e4<\/li>\n<li>K\u00e4yt\u00e4 vett\u00e4 laimentamiseen ja ty\u00f6kalujen puhdistukseen<\/li>\n<li>Kuivumisaika 1 tunti<\/li>\n<li>Pakkauskoot: 0,9 l, 3,6 l, 9 l<\/li>\n<li>Tuotetta saa s\u00e4ilytt\u00e4\u00e4 vain yli +5 \u00baC l\u00e4mp\u00f6tilassa<\/li>\n<li>Kulutus: 8 &#8211; 12 m\u00b2\/l<\/li>\n<\/ul>\n<p>&nbsp;<\/p>\n<p><strong>MAALIN VALMISTELU TY\u00d6T\u00c4 VARTEN:<\/strong><\/p>\n<p>Sekoita maali ennen k\u00e4ytt\u00f6\u00e4. Laimenna vedell\u00e4 haluttuun viskositeettiin tarvittaessa.<\/p>\n<p>&nbsp;<\/p>\n<p><strong>PINNAN VALMISTELU:<\/strong><\/p>\n<p>Puhdista pinta p\u00f6lyst\u00e4, liidusta, hilseilev\u00e4st\u00e4 maalista ja muista ep\u00e4puhtauksista. Hio alkydi- tai \u00f6ljymaalatut pinnat hiekkapaperilla kevyen mataksi.<\/p>\n<p>&nbsp;<\/p>\n<p><strong>PINNAN POHJUSTUS:<\/strong><\/p>\n<p>Huokoiset rappaus- ja betonipinnat tulisi pohjustaa etuk\u00e4teen MOVILAT BASE, FORAKRIL BASE, AKROPRIM tai vedell\u00e4 enint\u00e4\u00e4n 15 % laimennetulla NUOVAMAT-maalilla.<\/p>\n<p>&nbsp;<\/p>\n<p><strong>LEVITYS:<\/strong><\/p>\n<p>Levit\u00e4 pinnalle 2 maalikerrosta. Levitysty\u00f6kalut: sivellin, tela tai ruisku. Ilman ja maalattavan pinnan l\u00e4mp\u00f6tila ei saa olla alle +5 \u00baC eik\u00e4 yli +30 \u00baC. Kuivumisaika 20 \u00baC:ssa: 1 tunti. Kulutus: 8\u201312 m\u00b2\/l per kerros.<\/p>\n<p>&nbsp;<\/p>\n<p><strong>TY\u00d6KALUJEN PUHDISTUS:<\/strong><\/p>\n<p>Puhdista ty\u00f6kalut vedell\u00e4.<\/p>\n<p>&nbsp;<\/p>\n<p><strong>PINNAN PUHDISTUS:<\/strong><\/p>\n<p>Pinnan puhdistus voidaan aloittaa aikaisintaan viikko maalaamisen j\u00e4lkeen. Pinnan puhdistamiseen voi k\u00e4ytt\u00e4\u00e4 puhtaalla vedell\u00e4 tai heikolla em\u00e4ksisell\u00e4 puhdistusliuoksella kostutettua liinaa. Puhdistus viimeistell\u00e4\u00e4n puhtaalla vedell\u00e4 kostutetulla sienell\u00e4.<\/p>\n<p>&nbsp;<\/p>\n<p><strong>S\u00c4ILYTYSKAIKA:<\/strong><\/p>\n<p>36 kuukautta valmistajan tiiviisti suljetussa pakkauksessa yli +5 \u00baC l\u00e4mp\u00f6tilassa.<\/p>\n<p>&nbsp;<\/p>\n<p><strong>Koot ja hinnat (ilman ALV):<\/strong><\/p>\n<table dir=\"ltr\" border=\"1\" cellspacing=\"0\" cellpadding=\"0\" data-sheets-root=\"1\" data-sheets-baot=\"1\">\n<colgroup>\n<col width=\"210\" \/>\n<col width=\"151\" \/><\/colgroup>\n<tbody>\n<tr>\n<td>Nuovamat 3,6 L ( A )<\/td>\n<td>8.65 \u20ac<\/td>\n<\/tr>\n<tr>\n<td>Nuovamat 9 L ( A )<\/td>\n<td>39.05 \u20ac<\/td>\n<\/tr>\n<\/tbody>\n<\/table>\n","protected":false},"excerpt":{"rendered":"<p>Minimitilaus: 150 EUR!<\/p>\n<p>Mahdollisuus yhdist\u00e4\u00e4 saman valmistajan tuotteita.<\/p>\n","protected":false},"featured_media":93559,"comment_status":"open","ping_status":"closed","template":"","meta":{"_acf_changed":false},"factory":[],"free-shipment":[],"product_brand":[],"product_cat":[430],"product_tag":[],"class_list":{"0":"post-93568","1":"product","2":"type-product","3":"status-publish","4":"has-post-thumbnail","6":"product_cat-pohjamaalit-ja-maalit","8":"first","9":"instock","10":"sale","11":"taxable","12":"shipping-taxable","13":"purchasable","14":"product-type-simple"},"acf":[],"_links":{"self":[{"href":"https:\/\/factory.sale\/fi\/wp-json\/wp\/v2\/product\/93568","targetHints":{"allow":["GET"]}}],"collection":[{"href":"https:\/\/factory.sale\/fi\/wp-json\/wp\/v2\/product"}],"about":[{"href":"https:\/\/factory.sale\/fi\/wp-json\/wp\/v2\/types\/product"}],"replies":[{"embeddable":true,"href":"https:\/\/factory.sale\/fi\/wp-json\/wp\/v2\/comments?post=93568"}],"wp:featuredmedia":[{"embeddable":true,"href":"https:\/\/factory.sale\/fi\/wp-json\/wp\/v2\/media\/93559"}],"wp:attachment":[{"href":"https:\/\/factory.sale\/fi\/wp-json\/wp\/v2\/media?parent=93568"}],"wp:term":[{"taxonomy":"factory","embeddable":true,"href":"https:\/\/factory.sale\/fi\/wp-json\/wp\/v2\/factory?post=93568"},{"taxonomy":"free-shipment","embeddable":true,"href":"https:\/\/factory.sale\/fi\/wp-json\/wp\/v2\/free-shipment?post=93568"},{"taxonomy":"product_brand","embeddable":true,"href":"https:\/\/factory.sale\/fi\/wp-json\/wp\/v2\/product_brand?post=93568"},{"taxonomy":"product_cat","embeddable":true,"href":"https:\/\/factory.sale\/fi\/wp-json\/wp\/v2\/product_cat?post=93568"},{"taxonomy":"product_tag","embeddable":true,"href":"https:\/\/factory.sale\/fi\/wp-json\/wp\/v2\/product_tag?post=93568"}],"curies":[{"name":"wp","href":"https:\/\/api.w.org\/{rel}","templated":true}]}}