{"id":93552,"date":"2024-11-08T15:13:37","date_gmt":"2024-11-08T12:23:14","guid":{"rendered":"https:\/\/factory.sale\/?post_type=product&#038;p=93552"},"modified":"2024-11-09T15:20:50","modified_gmt":"2024-11-09T12:20:50","slug":"pohjamaalit-rilak-movilat-primer-valkoinen","status":"publish","type":"product","link":"https:\/\/factory.sale\/fi\/tuote\/pohjamaalit-rilak-movilat-primer-valkoinen\/","title":{"rendered":"Pohjamaalit Rilak Movilat Primer, valkoinen"},"content":{"rendered":"<p><strong>Tuotetideot:<\/strong><\/p>\n<ul>\n<li>Tuotetyyppi: Pohjamaali<\/li>\n<li>Tuotemerkki: Rilak<\/li>\n<li>Mallisto: Movilat<\/li>\n<li>Malli: Primer<\/li>\n<li>Pakkauskoko, l: 9<\/li>\n<li>Maalityyppi: Emulsio<\/li>\n<li>V\u00e4ris\u00e4vy: Valkoinen<\/li>\n<li>V\u00e4rin nimi: Valkoinen<\/li>\n<li>Kiiltoaste: Matta<\/li>\n<li>Ohennin: Vesi<\/li>\n<li>Tarkoitettu viimeistelyyn: Sis\u00e4tiloihin<\/li>\n<li>Maalin k\u00e4ytt\u00f6kohde: Katto, Sein\u00e4t<\/li>\n<li>Sopii pinnoille: Betoni, Rappauspinnat, Puu<\/li>\n<li>Ty\u00f6kalut: Ruisku, Sivellin, Tela<\/li>\n<li>Kest\u00e4vyys m\u00e4rk\u00e4puhdistukseen: Luokka 3<\/li>\n<li>Kuivumisaika (kosketuskuiva): 1 tunti<\/li>\n<li>Kuivumisaika (ennen uudelleenmaalausta): 1 tunti<\/li>\n<li>Sopii kuumille pinnoille: Ei<\/li>\n<li>Valmistusmaa: Latvia<\/li>\n<\/ul>\n<p>&nbsp;<\/p>\n<p>&nbsp;<\/p>\n<p><strong>Koot ja hinnat (ei sis\u00e4ll\u00e4 ALV):<\/strong><\/p>\n<table dir=\"ltr\" style=\"height: 102px;\" border=\"1\" width=\"443\" cellspacing=\"0\" cellpadding=\"0\" data-sheets-root=\"1\" data-sheets-baot=\"1\">\n<colgroup>\n<col width=\"210\" \/>\n<col width=\"151\" \/><\/colgroup>\n<tbody>\n<tr>\n<td>Movilat Pohjamaalit 3,6 L ( A )<\/td>\n<td>10.74 \u20ac<\/td>\n<\/tr>\n<tr>\n<td>Movilat Pohjamaalit 9 L( A )<\/td>\n<td>25.46 \u20ac<\/td>\n<\/tr>\n<\/tbody>\n<\/table>\n<p>&nbsp;<\/p>\n<p>&nbsp;<\/p>\n","protected":false},"excerpt":{"rendered":"<p>Minimitilaus 150 EUR!<\/p>\n<p>Saman valmistajan tuotteita on mahdollista yhdistell\u00e4 kesken\u00e4\u00e4n.<\/p>\n","protected":false},"featured_media":93548,"comment_status":"open","ping_status":"closed","template":"","meta":{"_acf_changed":false},"factory":[],"free-shipment":[],"product_brand":[],"product_cat":[430],"product_tag":[],"class_list":{"0":"post-93552","1":"product","2":"type-product","3":"status-publish","4":"has-post-thumbnail","6":"product_cat-pohjamaalit-ja-maalit","8":"first","9":"instock","10":"sale","11":"taxable","12":"shipping-taxable","13":"purchasable","14":"product-type-simple"},"acf":[],"_links":{"self":[{"href":"https:\/\/factory.sale\/fi\/wp-json\/wp\/v2\/product\/93552","targetHints":{"allow":["GET"]}}],"collection":[{"href":"https:\/\/factory.sale\/fi\/wp-json\/wp\/v2\/product"}],"about":[{"href":"https:\/\/factory.sale\/fi\/wp-json\/wp\/v2\/types\/product"}],"replies":[{"embeddable":true,"href":"https:\/\/factory.sale\/fi\/wp-json\/wp\/v2\/comments?post=93552"}],"wp:featuredmedia":[{"embeddable":true,"href":"https:\/\/factory.sale\/fi\/wp-json\/wp\/v2\/media\/93548"}],"wp:attachment":[{"href":"https:\/\/factory.sale\/fi\/wp-json\/wp\/v2\/media?parent=93552"}],"wp:term":[{"taxonomy":"factory","embeddable":true,"href":"https:\/\/factory.sale\/fi\/wp-json\/wp\/v2\/factory?post=93552"},{"taxonomy":"free-shipment","embeddable":true,"href":"https:\/\/factory.sale\/fi\/wp-json\/wp\/v2\/free-shipment?post=93552"},{"taxonomy":"product_brand","embeddable":true,"href":"https:\/\/factory.sale\/fi\/wp-json\/wp\/v2\/product_brand?post=93552"},{"taxonomy":"product_cat","embeddable":true,"href":"https:\/\/factory.sale\/fi\/wp-json\/wp\/v2\/product_cat?post=93552"},{"taxonomy":"product_tag","embeddable":true,"href":"https:\/\/factory.sale\/fi\/wp-json\/wp\/v2\/product_tag?post=93552"}],"curies":[{"name":"wp","href":"https:\/\/api.w.org\/{rel}","templated":true}]}}