{"id":93542,"date":"2024-11-08T14:30:58","date_gmt":"2024-11-08T11:51:50","guid":{"rendered":"https:\/\/factory.sale\/?post_type=product&#038;p=93542"},"modified":"2024-11-09T15:20:56","modified_gmt":"2024-11-09T12:20:56","slug":"helposti-pestava-matta-akryylimaali-movilat-12-a","status":"publish","type":"product","link":"https:\/\/factory.sale\/fi\/tuote\/helposti-pestava-matta-akryylimaali-movilat-12-a\/","title":{"rendered":"Helposti pest\u00e4v\u00e4 matta akryylimaali Movilat-12 a"},"content":{"rendered":"<p>Vesiohenteinen akryylimaali. Muodostaa mattapinnan, jossa on kevyt silkkinen (satiinia muistuttava) kiilto, ja se on eritt\u00e4in hyvin pest\u00e4viss\u00e4. Maalipinnan joustavuus est\u00e4\u00e4 halkeamien muodostumisen. Tarkoitettu rappaus-, betoni-, puu-, tiili- ja kipsipintojen maalaamiseen seinille ja katoille sis\u00e4tiloissa, joissa on korkea tai keskim\u00e4\u00e4r\u00e4inen k\u00e4ytt\u00f6kuormitus (asuinhuoneet, toimistot, julkiset rakennukset jne.). Sopii my\u00f6s kuvioitujen akryyli- ja lasikuitutapettien maalaamiseen. Ihanteellinen viimeistelyyn hyvin kosteissa tiloissa (kuten kylpyhuoneissa, saniteettitiloissa jne.).<\/p>\n<p>&nbsp;<\/p>\n<p><strong>Ominaisuudet<\/strong><\/p>\n<ul>\n<li>Tuotetta voidaan s\u00e4vytt\u00e4\u00e4<\/li>\n<li>Vesiohenteinen maali<\/li>\n<li>S\u00e4ilytett\u00e4v\u00e4 vain yli +5 \u00b0C l\u00e4mp\u00f6tilassa<\/li>\n<li>Soveltuu sis\u00e4k\u00e4ytt\u00f6\u00f6n<\/li>\n<\/ul>\n<p>&nbsp;<\/p>\n<p>&nbsp;<\/p>\n<p><strong>K\u00e4ytt\u00f6ohjeet<\/strong><\/p>\n<p>Levitys: Sekoita maali ennen k\u00e4ytt\u00f6\u00e4. Laimenna tarvittaessa vedell\u00e4 ty\u00f6st\u00f6viskositeettiin. Pinnan tulee olla puhdas liidusta, hilseilev\u00e4st\u00e4 maalista ja liasta ennen maalausta. Levit\u00e4 2 kerrosta siveltimell\u00e4, telalla tai ruiskulla, kun ilman ja maalattavan pinnan l\u00e4mp\u00f6tila on v\u00e4hint\u00e4\u00e4n +5 \u00b0C. Huokoiset pinnat suositellaan pohjustettavaksi FORAKRIL BASE, AKROPRIM tai MOVILAT BASE -pohjamaaleilla. MOVILAT 12 -maalia, joka on laimennettu vedell\u00e4 enint\u00e4\u00e4n 15 % tilavuudesta, voidaan my\u00f6s k\u00e4ytt\u00e4\u00e4 pohjamaalina.<\/p>\n<p>Ty\u00f6- ja ymp\u00e4rist\u00f6turvallisuus: S\u00e4ilyt\u00e4 tiiviisti suljettuna ja lasten ulottumattomissa. V\u00e4lt\u00e4 suihkeen hengitt\u00e4mist\u00e4. Jos ainetta joutuu silmiin, huuhtele heti runsaalla vedell\u00e4 ja hakeudu l\u00e4\u00e4k\u00e4riin. Nielty\u00e4si hakeudu v\u00e4litt\u00f6m\u00e4sti l\u00e4\u00e4k\u00e4riin ja n\u00e4yt\u00e4 tuotteen pakkaus tai etiketti.<\/p>\n<p>&nbsp;<\/p>\n<p>&nbsp;<\/p>\n<p><strong>Tuotetiedot:<\/strong><\/p>\n<ul>\n<li>Kuivumisaika: 1 tunti<\/li>\n<li>Tuotemerkki: RIIA LAKID O\u00dc<\/li>\n<li>Viivakoodi: 4750445113365<\/li>\n<li>Kulutus: 8\u201312 m\u00b2\/l<\/li>\n<\/ul>\n<p>&nbsp;<\/p>\n<p>&nbsp;<\/p>\n<p><strong>Koot ja hinnat:<\/strong><\/p>\n<table dir=\"ltr\" border=\"1\" cellspacing=\"0\" cellpadding=\"0\" data-sheets-root=\"1\" data-sheets-baot=\"1\">\n<colgroup>\n<col width=\"210\" \/>\n<col width=\"151\" \/><\/colgroup>\n<tbody>\n<tr>\n<td>Movilat &#8211; 12 3,6 L ( A )<\/td>\n<td>15.35 \u20ac<\/td>\n<\/tr>\n<tr>\n<td>Movilat &#8211; 12 9 L ( A )<\/td>\n<td>36.55 \u20ac<\/td>\n<\/tr>\n<\/tbody>\n<\/table>\n<p>&nbsp;<\/p>\n<p>&nbsp;<\/p>\n<p>&nbsp;<\/p>\n<p><a href=\"https:\/\/factory.sale\/wp-content\/uploads\/2024\/11\/movilat12-tooteleht.pdf\" target=\"_blank\" rel=\"noopener\">PDF<\/a><\/p>\n","protected":false},"excerpt":{"rendered":"<p>Vesiohenteinen akryylimaali. Muodostaa mattapinnan, jossa on kevyt silkkinen (satiinia muistuttava) kiilto, ja se on eritt\u00e4in hyvin pest\u00e4viss\u00e4. Maalipinnan joustavuus est\u00e4\u00e4 halkeamien muodostumisen. Tarkoitettu rappaus-, betoni-, puu-, tiili- ja kipsipintojen maalaamiseen seinille ja katoille sis\u00e4tiloissa, joissa on korkea tai keskim\u00e4\u00e4r\u00e4inen k\u00e4ytt\u00f6kuormitus (asuinhuoneet, toimistot, julkiset rakennukset jne.). Sopii my\u00f6s kuvioitujen akryyli- ja lasikuitutapettien maalaamiseen. Ihanteellinen viimeistelyyn hyvin kosteissa tiloissa (kuten kylpyhuoneissa, saniteettitiloissa jne.).<\/p>\n<p>Minimitilaus: 150 EUR!<\/p>\n<p>Mahdollisuus yhdist\u00e4\u00e4 saman valmistajan tuotteita.<\/p>\n","protected":false},"featured_media":93537,"comment_status":"open","ping_status":"closed","template":"","meta":{"_acf_changed":false},"factory":[],"free-shipment":[],"product_brand":[],"product_cat":[430],"product_tag":[],"class_list":{"0":"post-93542","1":"product","2":"type-product","3":"status-publish","4":"has-post-thumbnail","6":"product_cat-pohjamaalit-ja-maalit","8":"first","9":"instock","10":"sale","11":"taxable","12":"shipping-taxable","13":"purchasable","14":"product-type-simple"},"acf":[],"_links":{"self":[{"href":"https:\/\/factory.sale\/fi\/wp-json\/wp\/v2\/product\/93542","targetHints":{"allow":["GET"]}}],"collection":[{"href":"https:\/\/factory.sale\/fi\/wp-json\/wp\/v2\/product"}],"about":[{"href":"https:\/\/factory.sale\/fi\/wp-json\/wp\/v2\/types\/product"}],"replies":[{"embeddable":true,"href":"https:\/\/factory.sale\/fi\/wp-json\/wp\/v2\/comments?post=93542"}],"wp:featuredmedia":[{"embeddable":true,"href":"https:\/\/factory.sale\/fi\/wp-json\/wp\/v2\/media\/93537"}],"wp:attachment":[{"href":"https:\/\/factory.sale\/fi\/wp-json\/wp\/v2\/media?parent=93542"}],"wp:term":[{"taxonomy":"factory","embeddable":true,"href":"https:\/\/factory.sale\/fi\/wp-json\/wp\/v2\/factory?post=93542"},{"taxonomy":"free-shipment","embeddable":true,"href":"https:\/\/factory.sale\/fi\/wp-json\/wp\/v2\/free-shipment?post=93542"},{"taxonomy":"product_brand","embeddable":true,"href":"https:\/\/factory.sale\/fi\/wp-json\/wp\/v2\/product_brand?post=93542"},{"taxonomy":"product_cat","embeddable":true,"href":"https:\/\/factory.sale\/fi\/wp-json\/wp\/v2\/product_cat?post=93542"},{"taxonomy":"product_tag","embeddable":true,"href":"https:\/\/factory.sale\/fi\/wp-json\/wp\/v2\/product_tag?post=93542"}],"curies":[{"name":"wp","href":"https:\/\/api.w.org\/{rel}","templated":true}]}}