{"id":93526,"date":"2024-11-08T10:16:38","date_gmt":"2024-11-08T07:23:18","guid":{"rendered":"https:\/\/factory.sale\/?post_type=product&#038;p=93526"},"modified":"2025-10-29T11:15:20","modified_gmt":"2025-10-29T08:15:20","slug":"lateksil","status":"publish","type":"product","link":"https:\/\/factory.sale\/fi\/tuote\/lateksil\/","title":{"rendered":"Lateksil"},"content":{"rendered":"<p>LATEKSIL \u2013 Syv\u00e4matta akryylipohjainen vesiohenteinen maali seinille ja katoille. Nopeasti kuivuva ja helposti levitett\u00e4v\u00e4 vesipohjainen maali, jolla on erinomainen tarttuvuus uusiin ja aiemmin maalattuihin rappaus-, betoni-, tiili- ja kipsilevypintoihin. Kest\u00e4\u00e4 uudelleenmaalausta t\u00e4ll\u00e4 tai vastaavalla maalilla. Maali on tarkoitettu v\u00e4h\u00e4isen rasituksen kuiville mineraalipinnoille, kuten seinille ja katoille varastoissa, autotalleissa jne. Voidaan k\u00e4ytt\u00e4\u00e4 sek\u00e4 uusien ett\u00e4 aiemmin maalattujen pintojen viimeistelyyn. M\u00e4rk\u00e4hankauskest\u00e4vyys: Luokka IV EN 13300 (ISO 11998).<\/p>\n<p>&nbsp;<\/p>\n<p><strong>Syv\u00e4matta akryylipohjainen vesiohenteinen maali seinille ja katoille<\/strong><\/p>\n<ul>\n<li>Sis\u00e4k\u00e4ytt\u00f6\u00f6n<\/li>\n<li>Tuote voidaan levitt\u00e4\u00e4 telalla<\/li>\n<li>Tuote voidaan levitt\u00e4\u00e4 siveltimell\u00e4<\/li>\n<li>Tuote voidaan levitt\u00e4\u00e4 ruiskulla<\/li>\n<li>Tuotetta voidaan s\u00e4vytt\u00e4\u00e4<\/li>\n<li>K\u00e4yt\u00e4 vett\u00e4 laimentamiseen ja ty\u00f6kalujen puhdistukseen<\/li>\n<li>Kuivumisaika 1 tunti<\/li>\n<li>Pakkaukset: 3,6 l, 9 l<\/li>\n<li>Tuotetta saa s\u00e4ilytt\u00e4\u00e4 vain yli +5 \u00baC l\u00e4mp\u00f6tilassa<\/li>\n<li>Kulutus: 7 &#8211; 10 m\u00b2\/l<\/li>\n<\/ul>\n<p>&nbsp;<\/p>\n<p><strong>Maalin valmistelu k\u00e4ytt\u00f6\u00f6n<\/strong><\/p>\n<p>Sekoita maali huolellisesti ennen k\u00e4ytt\u00f6\u00e4. Laimenna vedell\u00e4 tarvittaessa haluttuun viskositeettiin.<\/p>\n<p>&nbsp;<\/p>\n<p><strong>Pinnan valmistelu<\/strong><\/p>\n<p>Poista p\u00f6ly, lika, liituj\u00e4\u00e4m\u00e4t, aiemmat liimav\u00e4rikerrokset tai muut hilseilev\u00e4t vanhat maalikerrokset. Hio \u00f6ljy- tai alkydimaalatut pinnat hiekkapaperilla kevyesti mattapintaisiksi.<\/p>\n<p>&nbsp;<\/p>\n<p><strong>Pohjustus<\/strong><\/p>\n<p>Huokoiset rappaus- ja betonipinnat tulisi pohjustaa k\u00e4ytt\u00e4m\u00e4ll\u00e4 FORAKRIL BASE, AKROPRIM tai enint\u00e4\u00e4n 15 % vedell\u00e4 laimennettua LATEKSIL-maalia.<\/p>\n<p>&nbsp;<\/p>\n<p><strong>Levitys<\/strong><\/p>\n<p>Levit\u00e4 pintaan 2 kerrosta maalia. Levit\u00e4 siveltimell\u00e4, telalla tai maaliruiskulla. Ensimm\u00e4isen kerroksen levityksess\u00e4 suositellaan laimentamaan maali vedell\u00e4 enint\u00e4\u00e4n 10 %. Aiempien maalipintojen k\u00e4sittelyyn suositellaan 1\u20132 kerrosta. Ilman ja maalattavan pinnan l\u00e4mp\u00f6tila ei saa olla alle +5 \u00baC eik\u00e4 yli +30 \u00baC. Kuivumisaika 20 \u00baC l\u00e4mp\u00f6tilassa on 1 tunti. Kulutus: 7\u201310 m\u00b2\/l.<\/p>\n<p>&nbsp;<\/p>\n<p><strong>Ty\u00f6kalujen puhdistus<\/strong><\/p>\n<p>Ty\u00f6kalujen puhdistukseen k\u00e4yt\u00e4 vett\u00e4.<\/p>\n<p>&nbsp;<\/p>\n<p><strong>S\u00e4ilytysaika<\/strong><\/p>\n<p>36 kuukautta valmistajan tiiviisti suljetussa astiassa yli +5 \u00baC l\u00e4mp\u00f6tilassa.<\/p>\n<p>&nbsp;<\/p>\n<p>&nbsp;<\/p>\n<p><strong>Koot ja hinnat (ilman ALV<\/strong><strong>):<\/strong><\/p>\n<table dir=\"ltr\" border=\"1\" cellspacing=\"0\" cellpadding=\"0\" data-sheets-root=\"1\" data-sheets-baot=\"1\">\n<colgroup>\n<col width=\"210\" \/>\n<col width=\"151\" \/><\/colgroup>\n<tbody>\n<tr>\n<td>Lateksil-18 L<\/td>\n<td>32.87 \u20ac<\/td>\n<\/tr>\n<tr>\n<td>Lateksil 3,6 L<\/td>\n<td>7.55 \u20ac<\/td>\n<\/tr>\n<tr>\n<td>Lateksil 9 L<\/td>\n<td>17.99 \u20ac<\/td>\n<\/tr>\n<\/tbody>\n<\/table>\n","protected":false},"excerpt":{"rendered":"<p>LATEKSIL \u2013 Syv\u00e4matta akryylipohjainen vesiohenteinen maali seinille ja katoille. Nopeasti kuivuva ja helposti levitett\u00e4v\u00e4 vesipohjainen maali, jolla on erinomainen tarttuvuus uusiin ja aiemmin maalattuihin rappaus-, betoni-, tiili- ja kipsilevypintoihin. Kest\u00e4\u00e4 uudelleenmaalausta t\u00e4ll\u00e4 tai vastaavalla maalilla. Maali on tarkoitettu v\u00e4h\u00e4isen rasituksen kuiville mineraalipinnoille, kuten seinille ja katoille varastoissa, autotalleissa jne. Voidaan k\u00e4ytt\u00e4\u00e4 sek\u00e4 uusien ett\u00e4 aiemmin maalattujen pintojen viimeistelyyn. M\u00e4rk\u00e4hankauskest\u00e4vyys: Luokka IV EN 13300 (ISO 11998).<\/p>\n<p>Minimitilaus: 150 EUR!<\/p>\n<p>Mahdollisuus yhdist\u00e4\u00e4 saman valmistajan tuotteita.<\/p>\n","protected":false},"featured_media":93523,"comment_status":"open","ping_status":"closed","template":"","meta":{"_acf_changed":false},"factory":[],"free-shipment":[],"product_brand":[],"product_cat":[430],"product_tag":[],"class_list":{"0":"post-93526","1":"product","2":"type-product","3":"status-publish","4":"has-post-thumbnail","6":"product_cat-pohjamaalit-ja-maalit","8":"first","9":"instock","10":"sale","11":"taxable","12":"shipping-taxable","13":"purchasable","14":"product-type-simple"},"acf":[],"_links":{"self":[{"href":"https:\/\/factory.sale\/fi\/wp-json\/wp\/v2\/product\/93526","targetHints":{"allow":["GET"]}}],"collection":[{"href":"https:\/\/factory.sale\/fi\/wp-json\/wp\/v2\/product"}],"about":[{"href":"https:\/\/factory.sale\/fi\/wp-json\/wp\/v2\/types\/product"}],"replies":[{"embeddable":true,"href":"https:\/\/factory.sale\/fi\/wp-json\/wp\/v2\/comments?post=93526"}],"wp:featuredmedia":[{"embeddable":true,"href":"https:\/\/factory.sale\/fi\/wp-json\/wp\/v2\/media\/93523"}],"wp:attachment":[{"href":"https:\/\/factory.sale\/fi\/wp-json\/wp\/v2\/media?parent=93526"}],"wp:term":[{"taxonomy":"factory","embeddable":true,"href":"https:\/\/factory.sale\/fi\/wp-json\/wp\/v2\/factory?post=93526"},{"taxonomy":"free-shipment","embeddable":true,"href":"https:\/\/factory.sale\/fi\/wp-json\/wp\/v2\/free-shipment?post=93526"},{"taxonomy":"product_brand","embeddable":true,"href":"https:\/\/factory.sale\/fi\/wp-json\/wp\/v2\/product_brand?post=93526"},{"taxonomy":"product_cat","embeddable":true,"href":"https:\/\/factory.sale\/fi\/wp-json\/wp\/v2\/product_cat?post=93526"},{"taxonomy":"product_tag","embeddable":true,"href":"https:\/\/factory.sale\/fi\/wp-json\/wp\/v2\/product_tag?post=93526"}],"curies":[{"name":"wp","href":"https:\/\/api.w.org\/{rel}","templated":true}]}}