{"id":93514,"date":"2024-11-08T00:34:12","date_gmt":"2024-11-07T22:09:44","guid":{"rendered":"https:\/\/factory.sale\/?post_type=product&#038;p=93514"},"modified":"2024-11-08T01:13:11","modified_gmt":"2024-11-07T22:13:11","slug":"terassioljy","status":"publish","type":"product","link":"https:\/\/factory.sale\/fi\/tuote\/terassioljy\/","title":{"rendered":"Terassi\u00f6ljy"},"content":{"rendered":"<p>Terassi\u00f6ljy tung\u00f6ljyn ja vahan lis\u00e4aineilla. Tuotteen erityisen koostumuksen ansiosta \u00f6ljy muodostaa koristeellisen kerroksen, joka suojaa puuta erinomaisesti ep\u00e4suotuisilta s\u00e4\u00e4olosuhteilta, kosteudelta ja lialta. \u00d6ljy on tarkoitettu puupintojen (kuten terassilaudat, sillat, aidat jne.) k\u00e4sittelyyn ulkotiloissa. \u00d6ljy suojaa k\u00e4sitelty\u00e4 puuta s\u00e4\u00e4n ja lian vaikutuksilta, parantaa k\u00e4siteltyjen pintojen kulutuskest\u00e4vyytt\u00e4 ja v\u00e4hent\u00e4\u00e4 veden imeytymist\u00e4. Sit\u00e4 voidaan k\u00e4ytt\u00e4\u00e4 sek\u00e4 uusien ett\u00e4 aiemmin \u00f6ljyttyjen tai kyll\u00e4stettyjen puupintojen k\u00e4sittelyyn, mik\u00e4li ne ovat s\u00e4ilytt\u00e4neet imukykyns\u00e4. TERRACEOIL on k\u00e4ytett\u00e4v\u00e4 ainoastaan s\u00e4vytettyn\u00e4 (s\u00e4vytt\u00e4m\u00e4tt\u00f6m\u00e4n EC Base -pohjan k\u00e4ytt\u00f6 ulkotiloissa ei ole sallittua).<\/p>\n<p>&nbsp;<\/p>\n<p><strong>\u00d6ljy puupinnoille<\/strong><\/p>\n<ul>\n<li>Ulkok\u00e4ytt\u00f6\u00f6n<\/li>\n<li>Tuote voidaan levitt\u00e4\u00e4 siveltimell\u00e4<\/li>\n<li>Tuotetta voidaan s\u00e4vytt\u00e4\u00e4<\/li>\n<li>K\u00e4yt\u00e4 sopivaa liuotinta laimentamiseen ja ty\u00f6kalujen puhdistukseen<\/li>\n<li>Kuivumisaika 12 tuntia<\/li>\n<li>Pakkaukset: 0,9 l, 2,7 l, 9,9 l<\/li>\n<li>Kulutus h\u00f6yl\u00e4\u00e4m\u00e4tt\u00f6mill\u00e4 pinnoilla: 4 &#8211; 7 m\u00b2\/l<\/li>\n<li>Kulutus h\u00f6yl\u00e4tyill\u00e4 pinnoilla: 9 &#8211; 11 m\u00b2\/l<\/li>\n<\/ul>\n<p>&nbsp;<\/p>\n<p>&nbsp;<\/p>\n<p><strong>K\u00e4ytt\u00f6<\/strong><\/p>\n<p>\u00d6ljy on k\u00e4ytt\u00f6valmis, eik\u00e4 laimentamista tarvita. Sekoita terassi\u00f6ljy huolellisesti ennen k\u00e4ytt\u00f6\u00e4. Levit\u00e4 puhtaalle ja kuivalle puupinnalle 1\u20132 kerrosta siveltimell\u00e4, hieroen huolellisesti puun syiden suuntaisesti. Kiinnit\u00e4 erityist\u00e4 huomiota lautojen p\u00e4ihin. Suositellaan sekoittamaan tuotetta k\u00e4yt\u00f6n aikana s\u00e4\u00e4nn\u00f6llisesti (v\u00e4hint\u00e4\u00e4n kerran puolen tunnin v\u00e4lein). Levitys- ja kuivumisl\u00e4mp\u00f6tilan tulee olla yli +5 \u00baC ja suhteellinen ilmankosteus enint\u00e4\u00e4n 85%. Kuivumisaika 20\u00b12 \u00b0C l\u00e4mp\u00f6tilassa on 12 tuntia. Kulutus h\u00f6yl\u00e4tyill\u00e4 pinnoilla on 9\u201311 m\u00b2\/l per kerros; k\u00e4sittelem\u00e4tt\u00f6mill\u00e4 pinnoilla 4\u20137 m\u00b2\/l per kerros. Ulkotiloissa jatkuvasti olevat pinnat ja mekaanista kulutusta kokevat pinnat on suositeltavaa k\u00e4sitell\u00e4 TERRACEOIL<br \/>\ns\u00e4\u00e4nn\u00f6llisesti (v\u00e4hint\u00e4\u00e4n kerran vuodessa). Puhdista ty\u00f6v\u00e4lineet lakkabensiinill\u00e4 tai liuottimella ty\u00f6n j\u00e4lkeen. Suositellaan k\u00e4ytt\u00e4m\u00e4\u00e4n tuote kokonaan. Tyhj\u00e4t pakkaukset h\u00e4vitet\u00e4\u00e4n paikallisten m\u00e4\u00e4r\u00e4ysten mukaisesti.<\/p>\n<p>&nbsp;<\/p>\n<p><strong>S\u00e4ilytys<\/strong><\/p>\n<p>Kylmyys ei vaikuta tuotteeseen. S\u00e4ilyt\u00e4 tiiviisti suljetussa astiassa kuivassa, hyvin ilmastoidussa paikassa, poissa l\u00e4mm\u00f6nl\u00e4hteist\u00e4 ja pitk\u00e4aikaisesta suorasta auringonvalosta, enint\u00e4\u00e4n +40 \u00baC l\u00e4mp\u00f6tilassa, erill\u00e4\u00e4n elintarvikkeista ja el\u00e4inrehuista.<\/p>\n<p>&nbsp;<\/p>\n<p><strong>Koot ja hinnat (ilman ALV<\/strong><strong>):<\/strong><\/p>\n<table dir=\"ltr\" style=\"height: 309px;\" border=\"1\" width=\"506\" cellspacing=\"0\" cellpadding=\"0\" data-sheets-root=\"1\" data-sheets-baot=\"1\">\n<colgroup>\n<col width=\"210\" \/>\n<col width=\"151\" \/><\/colgroup>\n<tbody>\n<tr>\n<td>Terrace oil Nano 1L harmaa<\/td>\n<td>5.28 \u20ac<\/td>\n<\/tr>\n<tr>\n<td>Terrace oil Nano 1L musta<\/td>\n<td>5.28 \u20ac<\/td>\n<\/tr>\n<tr>\n<td>Terrace oil Nano 1L ruskea<\/td>\n<td>5.28 \u20ac<\/td>\n<\/tr>\n<tr>\n<td>Terrace oil Nano 1L tummanruskea<\/td>\n<td>5.28 \u20ac<\/td>\n<\/tr>\n<tr>\n<td>Terrace oil Nano 1L v\u00e4rit\u00f6n<\/td>\n<td>5.28 \u20ac<\/td>\n<\/tr>\n<tr>\n<td>Terrace oil Nano 5L harmaa<\/td>\n<td>22.02 \u20ac<\/td>\n<\/tr>\n<tr>\n<td>Terrace oil Nano 5L musta<\/td>\n<td>22.02 \u20ac<\/td>\n<\/tr>\n<tr>\n<td>Terrace oil Nano 5L ruskea<\/td>\n<td>22.02 \u20ac<\/td>\n<\/tr>\n<tr>\n<td>Terrace oil Nano 5L tummanruskea<\/td>\n<td>22.02 \u20ac<\/td>\n<\/tr>\n<tr>\n<td>Terrace oil Nano 5L v\u00e4rit\u00f6n<\/td>\n<td>22.02 \u20ac<\/td>\n<\/tr>\n<\/tbody>\n<\/table>\n","protected":false},"excerpt":{"rendered":"<p>\u00d6ljy puupinnoille.<\/p>\n<p>Minimitilaus: 150 EUR!<\/p>\n<p>Mahdollisuus yhdist\u00e4\u00e4 saman valmistajan tuotteita.<\/p>\n","protected":false},"featured_media":93505,"comment_status":"open","ping_status":"closed","template":"","meta":{"_acf_changed":false},"factory":[],"free-shipment":[],"product_brand":[],"product_cat":[430],"product_tag":[590],"class_list":{"0":"post-93514","1":"product","2":"type-product","3":"status-publish","4":"has-post-thumbnail","6":"product_cat-pohjamaalit-ja-maalit","7":"product_tag-oil-fi","9":"first","10":"instock","11":"sale","12":"taxable","13":"shipping-taxable","14":"purchasable","15":"product-type-simple"},"acf":[],"_links":{"self":[{"href":"https:\/\/factory.sale\/fi\/wp-json\/wp\/v2\/product\/93514","targetHints":{"allow":["GET"]}}],"collection":[{"href":"https:\/\/factory.sale\/fi\/wp-json\/wp\/v2\/product"}],"about":[{"href":"https:\/\/factory.sale\/fi\/wp-json\/wp\/v2\/types\/product"}],"replies":[{"embeddable":true,"href":"https:\/\/factory.sale\/fi\/wp-json\/wp\/v2\/comments?post=93514"}],"wp:featuredmedia":[{"embeddable":true,"href":"https:\/\/factory.sale\/fi\/wp-json\/wp\/v2\/media\/93505"}],"wp:attachment":[{"href":"https:\/\/factory.sale\/fi\/wp-json\/wp\/v2\/media?parent=93514"}],"wp:term":[{"taxonomy":"factory","embeddable":true,"href":"https:\/\/factory.sale\/fi\/wp-json\/wp\/v2\/factory?post=93514"},{"taxonomy":"free-shipment","embeddable":true,"href":"https:\/\/factory.sale\/fi\/wp-json\/wp\/v2\/free-shipment?post=93514"},{"taxonomy":"product_brand","embeddable":true,"href":"https:\/\/factory.sale\/fi\/wp-json\/wp\/v2\/product_brand?post=93514"},{"taxonomy":"product_cat","embeddable":true,"href":"https:\/\/factory.sale\/fi\/wp-json\/wp\/v2\/product_cat?post=93514"},{"taxonomy":"product_tag","embeddable":true,"href":"https:\/\/factory.sale\/fi\/wp-json\/wp\/v2\/product_tag?post=93514"}],"curies":[{"name":"wp","href":"https:\/\/api.w.org\/{rel}","templated":true}]}}