{"id":93499,"date":"2024-11-08T00:04:47","date_gmt":"2024-11-07T21:20:49","guid":{"rendered":"https:\/\/factory.sale\/?post_type=product&#038;p=93499"},"modified":"2024-11-08T00:21:12","modified_gmt":"2024-11-07T21:21:12","slug":"interior-professional-musta","status":"publish","type":"product","link":"https:\/\/factory.sale\/fi\/tuote\/interior-professional-musta\/","title":{"rendered":"Interior professional musta"},"content":{"rendered":"<p>Nopeasti kuivuva ja helposti levitett\u00e4v\u00e4 musta vesipohjainen maali. Maalille on ominaista hyv\u00e4 levi\u00e4miskyky ja kest\u00e4vyys puhdistusliuoksille sek\u00e4 merkitt\u00e4v\u00e4 h\u00f6yrynl\u00e4p\u00e4isevyys.<\/p>\n<p>Maalin on tarkoitettu seinien ja kattojen maalaamiseen kuivissa asuin-, toimisto- ja julkisissa tiloissa sek\u00e4 lis\u00e4\u00e4ntyneen kosteuden tiloissa, kuten kylpyhuoneissa, wc<br \/>\n\u00e4 jne. Sopii rappauksen, betonin, tiilen, kipsilevyn ja kohokuvioitujen akryyli-, vinyyli- ja lasikuitutapettien sek\u00e4 puukuitu- ja lastulevyjen maalaamiseen.<\/p>\n<p>&nbsp;<\/p>\n<p><strong>Musta akryylimaali seinille sis\u00e4tiloihin<\/strong><\/p>\n<ul>\n<li>Sis\u00e4k\u00e4ytt\u00f6\u00f6n<\/li>\n<li>Tuote voidaan levitt\u00e4\u00e4 telalla<\/li>\n<li>Tuote voidaan levitt\u00e4\u00e4 siveltimell\u00e4<\/li>\n<li>Tuote voidaan levitt\u00e4\u00e4 ruiskulla<\/li>\n<li>K\u00e4yt\u00e4 vett\u00e4 laimentamiseen ja ty\u00f6kalujen puhdistukseen<\/li>\n<li>Kuivumisaika 2 tuntia<\/li>\n<li>Pakkaukset: 0,9 l; 3,6 l; 9 l<\/li>\n<li>Tuotetta saa s\u00e4ilytt\u00e4\u00e4 vain yli +5 \u00baC l\u00e4mp\u00f6tilassa<\/li>\n<li>Menekki: 10 &#8211; 14 m\u00b2\/l<\/li>\n<\/ul>\n<p>&nbsp;<\/p>\n<p><strong>Maalin valmistelu<\/strong><\/p>\n<p>Sekoita maali hyvin ennen levityst\u00e4. Laimenna tarvittaessa vedell\u00e4 haluttuun viskositeettiin.<\/p>\n<p>&nbsp;<\/p>\n<p><strong>Pinnan valmistelu<\/strong><\/p>\n<p>Poista p\u00f6ly, lika, liituj\u00e4\u00e4m\u00e4t, aiemmat liimav\u00e4rikerrokset tai muut hilseilev\u00e4t vanhat maalikerrokset.<\/p>\n<p>&nbsp;<\/p>\n<p><strong>Pohjustus<\/strong><\/p>\n<p>Huokoiset rappaus- ja betonipinnat tulisi pohjustaa k\u00e4ytt\u00e4en MOVILAT PRIMER, FORAKRIL BASE, AKROPRIM. INTERIOR PROFESSIONAL BLACK -maalia voidaan my\u00f6s k\u00e4ytt\u00e4\u00e4 pohjamaalina, laimennettuna vedell\u00e4 enint\u00e4\u00e4n 15 % maalin tilavuudesta.<\/p>\n<p>&nbsp;<\/p>\n<p><strong>Levitys<\/strong><\/p>\n<p>Levit\u00e4 kaksi kerrosta maalattaville pinnoille. Ilman ja maalattavan pinnan l\u00e4mp\u00f6tila ei saa olla alle +5 \u00baC eik\u00e4 yli +30 \u00baC.<\/p>\n<p>&nbsp;<\/p>\n<p><strong>Ty\u00f6kalujen puhdistus<\/strong><\/p>\n<p>Ty\u00f6kalujen puhdistukseen k\u00e4yt\u00e4 vett\u00e4.<\/p>\n<p>&nbsp;<\/p>\n<p><strong>Koot ja hinnat (ilman ALV):<\/strong><\/p>\n<table dir=\"ltr\" border=\"1\" width=\"464\" cellspacing=\"0\" cellpadding=\"0\" data-sheets-root=\"1\" data-sheets-baot=\"1\">\n<tbody>\n<tr>\n<td>Interior Professional 4 \u2013 3,6L (A)<\/td>\n<td>16.56 \u20ac<\/td>\n<\/tr>\n<tr>\n<td>Interior Professional 4 \u2013 9L (A)<\/td>\n<td>39.56 \u20ac<\/td>\n<\/tr>\n<\/tbody>\n<\/table>\n","protected":false},"excerpt":{"rendered":"<p>Musta akryylimaali seinille sis\u00e4tiloihin.<\/p>\n<p>Minimitilaus: 150 EUR!<\/p>\n<p>Mahdollisuus yhdist\u00e4\u00e4 saman valmistajan tuotteita.<\/p>\n<p>&nbsp;<\/p>\n","protected":false},"featured_media":93490,"comment_status":"open","ping_status":"closed","template":"","meta":{"_acf_changed":false},"factory":[],"free-shipment":[],"product_brand":[],"product_cat":[430],"product_tag":[],"class_list":{"0":"post-93499","1":"product","2":"type-product","3":"status-publish","4":"has-post-thumbnail","6":"product_cat-pohjamaalit-ja-maalit","8":"first","9":"instock","10":"sale","11":"taxable","12":"shipping-taxable","13":"purchasable","14":"product-type-simple"},"acf":[],"_links":{"self":[{"href":"https:\/\/factory.sale\/fi\/wp-json\/wp\/v2\/product\/93499","targetHints":{"allow":["GET"]}}],"collection":[{"href":"https:\/\/factory.sale\/fi\/wp-json\/wp\/v2\/product"}],"about":[{"href":"https:\/\/factory.sale\/fi\/wp-json\/wp\/v2\/types\/product"}],"replies":[{"embeddable":true,"href":"https:\/\/factory.sale\/fi\/wp-json\/wp\/v2\/comments?post=93499"}],"wp:featuredmedia":[{"embeddable":true,"href":"https:\/\/factory.sale\/fi\/wp-json\/wp\/v2\/media\/93490"}],"wp:attachment":[{"href":"https:\/\/factory.sale\/fi\/wp-json\/wp\/v2\/media?parent=93499"}],"wp:term":[{"taxonomy":"factory","embeddable":true,"href":"https:\/\/factory.sale\/fi\/wp-json\/wp\/v2\/factory?post=93499"},{"taxonomy":"free-shipment","embeddable":true,"href":"https:\/\/factory.sale\/fi\/wp-json\/wp\/v2\/free-shipment?post=93499"},{"taxonomy":"product_brand","embeddable":true,"href":"https:\/\/factory.sale\/fi\/wp-json\/wp\/v2\/product_brand?post=93499"},{"taxonomy":"product_cat","embeddable":true,"href":"https:\/\/factory.sale\/fi\/wp-json\/wp\/v2\/product_cat?post=93499"},{"taxonomy":"product_tag","embeddable":true,"href":"https:\/\/factory.sale\/fi\/wp-json\/wp\/v2\/product_tag?post=93499"}],"curies":[{"name":"wp","href":"https:\/\/api.w.org\/{rel}","templated":true}]}}