{"id":93482,"date":"2024-11-07T20:11:48","date_gmt":"2024-11-07T18:01:54","guid":{"rendered":"https:\/\/factory.sale\/?post_type=product&#038;p=93482"},"modified":"2024-11-07T21:04:51","modified_gmt":"2024-11-07T18:04:51","slug":"interior-professional-4","status":"publish","type":"product","link":"https:\/\/factory.sale\/fi\/tuote\/interior-professional-4\/","title":{"rendered":"Interior Professional 4"},"content":{"rendered":"<p><strong>AKRYYLI VEODISPERSIOONIMAALI KATOILLE JA SEINILLE<\/strong><\/p>\n<ul>\n<li>Sis\u00e4k\u00e4ytt\u00f6\u00f6n<\/li>\n<li>Tuote voidaan levitt\u00e4\u00e4 telalla<\/li>\n<li>Tuote voidaan levitt\u00e4\u00e4 siveltimell\u00e4<\/li>\n<li>Tuote voidaan levitt\u00e4\u00e4 ruiskulla<\/li>\n<li>Tuotetta voidaan s\u00e4vytt\u00e4\u00e4<\/li>\n<li>K\u00e4yt\u00e4 veden kanssa laimennukseen ja ty\u00f6kalujen puhdistukseen<\/li>\n<li>Kuivumisaika 2 tuntia<\/li>\n<li>Pakkaukset: 0,9 l; 3,6 l; 9 l<\/li>\n<li>Tuotetta saa s\u00e4ilytt\u00e4\u00e4 vain yli +5 \u00baC l\u00e4mp\u00f6tilassa<\/li>\n<li>Menekki 9 &#8211; 12 m\u00b2\/l<\/li>\n<li>Suositeltava k\u00e4ytt\u00e4\u00e4 tiloissa, joissa on suuri k\u00e4ytt\u00f6rasitus<\/li>\n<li>Hyv\u00e4 peittokyky ja parannettu valkoisuus<\/li>\n<li>Sopii kylpyhuoneiden maalaukseen<\/li>\n<\/ul>\n<p>&nbsp;<\/p>\n<p>&nbsp;<\/p>\n<p><strong>Ominaisuudet:<\/strong><\/p>\n<p>Vesipohjainen maali, akryylidispersio. Muodostaa mattapintaisen pinnoitteen. Kest\u00e4\u00e4 pesua ja korkeaa ilmankosteutta. Hyv\u00e4 peittokyky ja parannettu valkoisuuden taso.<\/p>\n<p>&nbsp;<\/p>\n<p><strong>K\u00e4ytt\u00f6:<\/strong><\/p>\n<p>Tarkoitettu rapattujen, betonisten, tiilisten, puisten ja rapattujen kattojen ja reunalistojen maalaukseen tiloissa, joissa on keskisuuri tai korkea k\u00e4ytt\u00f6rasitus (asuinrakennukset, toimistot, julkiset tilat jne.). Suositellaan my\u00f6s kohokuvioisten akryylitapettien maalaamiseen. Sopii viimeistelyyn tiloissa, joissa on korkea ilmankosteus (esimerkiksi kylpyhuoneet).<\/p>\n<p>&nbsp;<\/p>\n<p>&nbsp;<\/p>\n<p><strong>Tekniset tiedot:<\/strong><\/p>\n<ul>\n<li>S\u00e4vy: Valkoinen (A-pohja), s\u00e4vytett\u00e4viss\u00e4 vaaleisiin s\u00e4vyihin. Tummien s\u00e4vyjen s\u00e4vytys C-pohja, RILAKOLOR-s\u00e4vytinj\u00e4rjestelm\u00e4.<\/li>\n<li>Kiiltoaste: Matta<\/li>\n<li>Kuivumisaika +20 \u00b0C<br \/>\nja suhteellisessa ilmankosteudessa 50 %: 2 tuntia<\/li>\n<li>VOC, %: 65 \u00b1 3<\/li>\n<li>Menekki per kerros: 9 \u2013 12 m\u00b2 \/ l<\/li>\n<li>Kest\u00e4vyys m\u00e4rk\u00e4puhdistukseen: 2. luokka (ISO 11998)<\/li>\n<li>Liuotin: Vesi<\/li>\n<li>Ty\u00f6kalut: Sivellin, tela, ruisku<\/li>\n<li>S\u00e4ilyvyys: 36 kuukautta, l\u00e4mp\u00f6tila yli +5 \u00b0C<\/li>\n<\/ul>\n<p>&nbsp;<\/p>\n<p>&nbsp;<\/p>\n<p><strong>Koot ja hinnat (ilman ALV):<\/strong><\/p>\n<table dir=\"ltr\" style=\"height: 102px;\" border=\"1\" width=\"464\" cellspacing=\"0\" cellpadding=\"0\" data-sheets-root=\"1\" data-sheets-baot=\"1\">\n<colgroup>\n<col width=\"210\" \/>\n<col width=\"151\" \/><\/colgroup>\n<tbody>\n<tr>\n<td>Interior Professional 4 &#8211; 3,6L (A)<\/td>\n<td>16.56 \u20ac<\/td>\n<\/tr>\n<tr>\n<td>Interior Professional 4 &#8211; 9L (A)<\/td>\n<td>39.56 \u20ac<\/td>\n<\/tr>\n<\/tbody>\n<\/table>\n","protected":false},"excerpt":{"rendered":"<p>Akryylivedispersio maali katoille ja seinille.<\/p>\n<p>Minimitilaus: 150 EUR!<\/p>\n<p>Mahdollisuus yhdist\u00e4\u00e4 saman valmistajan tuotteita.<\/p>\n","protected":false},"featured_media":93472,"comment_status":"open","ping_status":"closed","template":"","meta":{"_acf_changed":false},"factory":[],"free-shipment":[],"product_brand":[],"product_cat":[430],"product_tag":[1581],"class_list":{"0":"post-93482","1":"product","2":"type-product","3":"status-publish","4":"has-post-thumbnail","6":"product_cat-pohjamaalit-ja-maalit","7":"product_tag-paint-fi","9":"first","10":"instock","11":"sale","12":"taxable","13":"shipping-taxable","14":"purchasable","15":"product-type-simple"},"acf":[],"_links":{"self":[{"href":"https:\/\/factory.sale\/fi\/wp-json\/wp\/v2\/product\/93482","targetHints":{"allow":["GET"]}}],"collection":[{"href":"https:\/\/factory.sale\/fi\/wp-json\/wp\/v2\/product"}],"about":[{"href":"https:\/\/factory.sale\/fi\/wp-json\/wp\/v2\/types\/product"}],"replies":[{"embeddable":true,"href":"https:\/\/factory.sale\/fi\/wp-json\/wp\/v2\/comments?post=93482"}],"wp:featuredmedia":[{"embeddable":true,"href":"https:\/\/factory.sale\/fi\/wp-json\/wp\/v2\/media\/93472"}],"wp:attachment":[{"href":"https:\/\/factory.sale\/fi\/wp-json\/wp\/v2\/media?parent=93482"}],"wp:term":[{"taxonomy":"factory","embeddable":true,"href":"https:\/\/factory.sale\/fi\/wp-json\/wp\/v2\/factory?post=93482"},{"taxonomy":"free-shipment","embeddable":true,"href":"https:\/\/factory.sale\/fi\/wp-json\/wp\/v2\/free-shipment?post=93482"},{"taxonomy":"product_brand","embeddable":true,"href":"https:\/\/factory.sale\/fi\/wp-json\/wp\/v2\/product_brand?post=93482"},{"taxonomy":"product_cat","embeddable":true,"href":"https:\/\/factory.sale\/fi\/wp-json\/wp\/v2\/product_cat?post=93482"},{"taxonomy":"product_tag","embeddable":true,"href":"https:\/\/factory.sale\/fi\/wp-json\/wp\/v2\/product_tag?post=93482"}],"curies":[{"name":"wp","href":"https:\/\/api.w.org\/{rel}","templated":true}]}}