{"id":93458,"date":"2024-11-06T23:25:38","date_gmt":"2024-11-06T21:15:12","guid":{"rendered":"https:\/\/factory.sale\/?post_type=product&#038;p=93458"},"modified":"2024-11-07T00:16:06","modified_gmt":"2024-11-06T21:16:06","slug":"akvatop-maali","status":"publish","type":"product","link":"https:\/\/factory.sale\/fi\/tuote\/akvatop-maali\/","title":{"rendered":"Akvatop maali"},"content":{"rendered":"<p>Akryylivesidispersio maali. Korkean joustavuuden ansiosta kalvo est\u00e4\u00e4 halkeilua ja hilseily\u00e4 s\u00e4\u00e4n vaikutuksesta. Maalipinta tarjoaa pitk\u00e4aikaisen suojan. Sis\u00e4lt\u00e4\u00e4 sienitautien torjunta-aineita, jotka suojaavat puuta homeelta, levilt\u00e4 jne. (8\u201310 vuotta).<\/p>\n<p>&nbsp;<\/p>\n<p><strong>Suositeltu k\u00e4ytt\u00f6:<\/strong><\/p>\n<p>Tarkoitettu puisten julkisivujen ja muiden ulkotiloissa olevien puupintojen maalaamiseen. Soveltuu sek\u00e4 uusille, aiemmin maalaamattomille ett\u00e4 puolil\u00e4pin\u00e4kyvill\u00e4 alkyydimaaleilla TEKSTURDEKOR tai TEKSTURDEKORS AKVASATIN k\u00e4sitellyille pinnoille sek\u00e4 puupintojen viimeistelyyn esimerkiksi TERRACEOIL tai TERRACE OIL AKVA -\u00f6ljyill\u00e4 ja TEKSTURDEKOR BASE -pohjusteella. My\u00f6s aiemmin alkyydituotteilla maalattuja puupintoja voidaan maalata uudelleen, mutta t\u00e4ss\u00e4 tapauksessa on suositeltavaa suorittaa koemaalaus pienelle alueelle. T\u00e4ydellisen kuivumisen j\u00e4lkeen on t\u00e4rke\u00e4\u00e4 varmistaa hyv\u00e4 tarttuvuus kerrosten v\u00e4lill\u00e4.<\/p>\n<p>&nbsp;<\/p>\n<p><strong>Akryylivesidispersio maali puisten julkisivujen maalaamiseen.<\/strong><\/p>\n<ul>\n<li>Ulkok\u00e4ytt\u00f6\u00f6n<\/li>\n<li>Tuotetta voi levitt\u00e4\u00e4 telalla<\/li>\n<li>Tuotetta voi levitt\u00e4\u00e4 siveltimell\u00e4<\/li>\n<li>Tuotetta voi levitt\u00e4\u00e4 ruiskulla<\/li>\n<li>Tuote voidaan s\u00e4vytt\u00e4\u00e4<\/li>\n<li>Ohentamiseen ja ty\u00f6v\u00e4lineiden puhdistukseen k\u00e4ytet\u00e4\u00e4n vett\u00e4<\/li>\n<li>Kuivumisaika: 1 tunti<\/li>\n<li>Pakkaukset: 0,9 l, 3,6 l, 9 l<\/li>\n<li>Tuotetta tulee s\u00e4ilytt\u00e4\u00e4 vain yli 5 \u00baC l\u00e4mp\u00f6tilassa<\/li>\n<li>Kulutus: 8\u201312 m\u00b2\/l<\/li>\n<li>Tarjoaa pitk\u00e4aikaisen suojan puulle<\/li>\n<li>Kest\u00e4\u00e4 hyvin s\u00e4\u00e4olosuhteiden vaikutuksia<\/li>\n<li>UV-s\u00e4teilyn kest\u00e4v\u00e4<\/li>\n<li>Laaja valikoima valmiita v\u00e4ris\u00e4vyj\u00e4<\/li>\n<\/ul>\n<p>&nbsp;<\/p>\n<p>&nbsp;<\/p>\n<p><strong>Tekniset tiedot:<\/strong><\/p>\n<ul>\n<li>V\u00e4ri: 11 valmiiksi sekoitettua s\u00e4vy\u00e4 \u2013 valkoinen (A-pohja), helmi\u00e4inen, keltainen, sinappi, punaruskea, kastanja, tummanruskea, tummanvihre\u00e4, harmaa, tummanharmaa ja musta. Valkoinen maali (A-pohja) on tarkoitettu vaaleiden s\u00e4vyjen s\u00e4vytt\u00e4miseen; v\u00e4rit\u00f6n (C-pohja) tummien s\u00e4vyjen luomiseen. S\u00e4vytykseen k\u00e4ytet\u00e4\u00e4n RILAKOLOR-j\u00e4rjestelm\u00e4\u00e4.<\/li>\n<li>Kuivumisaika +20 \u00baC l\u00e4mp\u00f6tilassa ja suhteellisessa kosteudessa 50%: enint\u00e4\u00e4n 1 tunti.<\/li>\n<li>Kuiva-ainepitoisuus massassa, %: 53 \u00b1 5 riippuen valitusta s\u00e4vyst\u00e4.<\/li>\n<li>Peitto per kerros:<br \/>\n8\u201311 m\u00b2\/l h\u00f6yl\u00e4ttyjen lautojen maalaamiseen,<br \/>\n6\u20138 m\u00b2\/l h\u00f6yl\u00e4\u00e4m\u00e4tt\u00f6mien lautojen maalaamiseen,<br \/>\n10\u201312 m\u00b2\/l aiemmin alkyydiemalilla maalattujen pintojen viimeistelyyn<\/li>\n<li>Ohennin: vesi<\/li>\n<li>Levitysmenetelm\u00e4: sivellin, tela tai ruisku. Ilmattomaan ruiskutukseen suositellaan suuttimen halkaisijaksi 0,017\u20130,021\u2033.<\/li>\n<\/ul>\n<p>&nbsp;<\/p>\n<p>&nbsp;<\/p>\n<p><strong>K\u00e4ytt\u00f6:<\/strong><\/p>\n<p>Maali valmistelu: Sekoita huolellisesti ennen k\u00e4ytt\u00f6\u00e4. Tarvittaessa ohennetaan vedell\u00e4: korkeintaan 5% tilavuudesta, kun levitet\u00e4\u00e4n siveltimell\u00e4 tai telalla; enint\u00e4\u00e4n 20% tilavuudesta ruiskutuksessa.<\/p>\n<p>Pinnan valmistelu: Ennen maalausta pinnan on oltava kuiva, puhdistettu rasvasta (\u00f6ljytahrat) ja liasta. Vanhojen puupintojen maalaamisessa suositellaan desinfioimaan pinta AKVASEPT-liuoksella. Puun kosteuspitoisuus ei saa ylitt\u00e4\u00e4 16%.<\/p>\n<p>Pohjustus: Aiempaa maalaamatonta puupintaa suositellaan pohjustamaan sopivan v\u00e4risell\u00e4 WOOD PROTECT -impregnoinnilla.<\/p>\n<p>Maalaus: Levit\u00e4 maali 1\u20132 kerroksena, jos ilman ja maalattavan pinnan l\u00e4mp\u00f6tila on v\u00e4hint\u00e4\u00e4n +5 \u00baC ja suhteellinen ilmankosteus ei ylit\u00e4 85%.<\/p>\n<p>Ty\u00f6v\u00e4lineiden puhdistus: Puhdista ty\u00f6v\u00e4lineet vedell\u00e4.<\/p>\n<p>S\u00e4ilytys: 36 kuukautta tiiviisti suljetussa alkuper\u00e4ispakkauksessa l\u00e4mp\u00f6tilassa yli +5 \u00baC.<\/p>\n<p>&nbsp;<\/p>\n<p>&nbsp;<\/p>\n<p><strong>V\u00e4rit ja hinnat (ei sis\u00e4ll\u00e4 ALV):<\/strong><\/p>\n<table dir=\"ltr\" border=\"1\" cellspacing=\"0\" cellpadding=\"0\" data-sheets-root=\"1\" data-sheets-baot=\"1\">\n<colgroup>\n<col width=\"417\" \/>\n<col width=\"203\" \/><\/colgroup>\n<tbody>\n<tr>\n<td>Akvatop 0,9 L ( A )<\/td>\n<td>6.49 \u20ac<\/td>\n<\/tr>\n<tr>\n<td>Akvatop 0,9 L ( C )<\/td>\n<td>5.48 \u20ac<\/td>\n<\/tr>\n<tr>\n<td>Akvatop 3,6 L ( A )<\/td>\n<td>22.49 \u20ac<\/td>\n<\/tr>\n<tr>\n<td>Akvatop 3,6 L ( C )<\/td>\n<td>17.75 \u20ac<\/td>\n<\/tr>\n<tr>\n<td>Akvatop 9 L ( A )<\/td>\n<td>8.66 \u20ac<\/td>\n<\/tr>\n<tr>\n<td>Akvatop 9 L ( C )<\/td>\n<td>41.65 \u20ac<\/td>\n<\/tr>\n<tr>\n<td>Akvatop harmaa 0,9 L<\/td>\n<td>5.87 \u20ac<\/td>\n<\/tr>\n<tr>\n<td>Akvatop harmaa 3,6 L<\/td>\n<td>18.65 \u20ac<\/td>\n<\/tr>\n<tr>\n<td>Akvatop harmaa 9 L<\/td>\n<td>41.98 \u20ac<\/td>\n<\/tr>\n<tr>\n<td>Akvatop kastanjanruskea 0,9 L<\/td>\n<td>5.87 \u20ac<\/td>\n<\/tr>\n<tr>\n<td>Akvatop kastanjanruskea 3,6 L<\/td>\n<td>18.65 \u20ac<\/td>\n<\/tr>\n<tr>\n<td>Akvatop kastanjanruskea 9 L<\/td>\n<td>41.98 \u20ac<\/td>\n<\/tr>\n<tr>\n<td>Akvatop keltainen 0,9 L<\/td>\n<td>5.87 \u20ac<\/td>\n<\/tr>\n<tr>\n<td>Akvatop keltainen 3,6 L<\/td>\n<td>18.65 \u20ac<\/td>\n<\/tr>\n<tr>\n<td>Akvatop keltainen 9 L<\/td>\n<td>41.98 \u20ac<\/td>\n<\/tr>\n<tr>\n<td>Akvatop musta 0,9 L<\/td>\n<td>5.87 \u20ac<\/td>\n<\/tr>\n<tr>\n<td>Akvatop musta 3,6 L<\/td>\n<td>18.65 \u20ac<\/td>\n<\/tr>\n<tr>\n<td>Akvatop musta 9 L<\/td>\n<td>41.98 \u20ac<\/td>\n<\/tr>\n<tr>\n<td>Akvatop punaruskea 0,9 L<\/td>\n<td>5.87 \u20ac<\/td>\n<\/tr>\n<tr>\n<td>Akvatop punaruskea 3,6 L<\/td>\n<td>18.65 \u20ac<\/td>\n<\/tr>\n<tr>\n<td>Akvatop punaruskea 9 L<\/td>\n<td>41.98 \u20ac<\/td>\n<\/tr>\n<tr>\n<td>Akvatop helmenvalkoinen 0,9 L<\/td>\n<td>5.87 \u20ac<\/td>\n<\/tr>\n<tr>\n<td>Akvatop helmenvalkoinen3,6 L<\/td>\n<td>18.65 \u20ac<\/td>\n<\/tr>\n<tr>\n<td>Akvatop helmenvalkoinen 9 L<\/td>\n<td>41.98 \u20ac<\/td>\n<\/tr>\n<tr>\n<td>Akvatop sinapin keltainen0,9 L<\/td>\n<td>5.87 \u20ac<\/td>\n<\/tr>\n<tr>\n<td>Akvatop sinapin keltainen 3,6 L<\/td>\n<td>18.65 \u20ac<\/td>\n<\/tr>\n<tr>\n<td>Akvatop sinapin keltainen\u00a09 L<\/td>\n<td>41.98 \u20ac<\/td>\n<\/tr>\n<tr>\n<td>Akvatop tumman harmaa 0,9 L<\/td>\n<td>5.87 \u20ac<\/td>\n<\/tr>\n<tr>\n<td>Akvatop tumman harmaa 3,6 L<\/td>\n<td>18.65 \u20ac<\/td>\n<\/tr>\n<tr>\n<td>Akvatop tumman harmaa 9 L<\/td>\n<td>41.98 \u20ac<\/td>\n<\/tr>\n<tr>\n<td>Akvatop tummanruskea 0,9 L<\/td>\n<td>5.87 \u20ac<\/td>\n<\/tr>\n<tr>\n<td>Akvatop tummanruskea 3,6 L<\/td>\n<td>18.65 \u20ac<\/td>\n<\/tr>\n<tr>\n<td>Akvatop tummanruskea 9 L<\/td>\n<td>41.98 \u20ac<\/td>\n<\/tr>\n<tr>\n<td>Akvatop tumman vihre\u00e4 0,9 L<\/td>\n<td>5.87 \u20ac<\/td>\n<\/tr>\n<tr>\n<td>Akvatop tumman vihre\u00e4 3,6 L<\/td>\n<td>18.65 \u20ac<\/td>\n<\/tr>\n<tr>\n<td>Akvatop tumman vihre\u00e4 9 L<\/td>\n<td>41.98 \u20ac<\/td>\n<\/tr>\n<\/tbody>\n<\/table>\n","protected":false},"excerpt":{"rendered":"<p>Akryylivesidispersio maali puisten julkisivujen maalaamiseen.<\/p>\n<p>Minimitilaus 150 EUR!<\/p>\n<p>On mahdollista yhdist\u00e4\u00e4 saman valmistajan tuotteita.<\/p>\n","protected":false},"featured_media":93448,"comment_status":"open","ping_status":"closed","template":"","meta":{"_acf_changed":false},"factory":[],"free-shipment":[],"product_brand":[],"product_cat":[430],"product_tag":[1581],"class_list":{"0":"post-93458","1":"product","2":"type-product","3":"status-publish","4":"has-post-thumbnail","6":"product_cat-pohjamaalit-ja-maalit","7":"product_tag-paint-fi","9":"first","10":"instock","11":"sale","12":"taxable","13":"shipping-taxable","14":"purchasable","15":"product-type-simple"},"acf":[],"_links":{"self":[{"href":"https:\/\/factory.sale\/fi\/wp-json\/wp\/v2\/product\/93458","targetHints":{"allow":["GET"]}}],"collection":[{"href":"https:\/\/factory.sale\/fi\/wp-json\/wp\/v2\/product"}],"about":[{"href":"https:\/\/factory.sale\/fi\/wp-json\/wp\/v2\/types\/product"}],"replies":[{"embeddable":true,"href":"https:\/\/factory.sale\/fi\/wp-json\/wp\/v2\/comments?post=93458"}],"wp:featuredmedia":[{"embeddable":true,"href":"https:\/\/factory.sale\/fi\/wp-json\/wp\/v2\/media\/93448"}],"wp:attachment":[{"href":"https:\/\/factory.sale\/fi\/wp-json\/wp\/v2\/media?parent=93458"}],"wp:term":[{"taxonomy":"factory","embeddable":true,"href":"https:\/\/factory.sale\/fi\/wp-json\/wp\/v2\/factory?post=93458"},{"taxonomy":"free-shipment","embeddable":true,"href":"https:\/\/factory.sale\/fi\/wp-json\/wp\/v2\/free-shipment?post=93458"},{"taxonomy":"product_brand","embeddable":true,"href":"https:\/\/factory.sale\/fi\/wp-json\/wp\/v2\/product_brand?post=93458"},{"taxonomy":"product_cat","embeddable":true,"href":"https:\/\/factory.sale\/fi\/wp-json\/wp\/v2\/product_cat?post=93458"},{"taxonomy":"product_tag","embeddable":true,"href":"https:\/\/factory.sale\/fi\/wp-json\/wp\/v2\/product_tag?post=93458"}],"curies":[{"name":"wp","href":"https:\/\/api.w.org\/{rel}","templated":true}]}}