{"id":93407,"date":"2024-11-05T12:57:43","date_gmt":"2024-11-05T10:01:57","guid":{"rendered":"https:\/\/factory.sale\/?post_type=product&#038;p=93407"},"modified":"2024-11-06T00:25:06","modified_gmt":"2024-11-05T21:25:06","slug":"cs-ar-08v230-turvarele-2-no-230-ac","status":"publish","type":"product","link":"https:\/\/factory.sale\/fi\/tuote\/cs-ar-08v230-turvarele-2-no-230-ac\/","title":{"rendered":"CS AR-08V230 Turvarele, 2 NO, 230 AC"},"content":{"rendered":"<p><strong>Tekniset tiedot:<\/strong><\/p>\n<p>Valmistaja: Pizzato<br \/>\nK\u00e4ytt\u00f6j\u00e4nnite: 230 V AC<br \/>\nNimellisvirta: 6 A<br \/>\nK\u00e4ytt\u00f6l\u00e4mp\u00f6tila: -20\u02da&#8230;+80\u02daC<br \/>\nSuojausluokka: IP20<br \/>\nKosketin: 2 NO<br \/>\nAsennus: DIN-kisko<br \/>\nV\u00e4ri: Punainen<br \/>\nLiittimen poikkipinta-ala: 2,5 mm\u00b2<br \/>\nMateriaali: Muovi<\/p>\n<p>&nbsp;<\/p>\n<p>&nbsp;<\/p>\n<p><a href=\"https:\/\/factory.sale\/wp-content\/uploads\/2024\/11\/Turvareleed.pdf\" target=\"_blank\" rel=\"noopener\">PDF<\/a><\/p>\n","protected":false},"excerpt":{"rendered":"<p>Valmistaja: Pizzato<br \/>\nK\u00e4ytt\u00f6j\u00e4nnite: 230 V AC<br \/>\nNimellisvirta: 6 A<br \/>\nK\u00e4ytt\u00f6l\u00e4mp\u00f6tila: -20\u02da&#8230;+80\u02daC<br \/>\nSuojausluokka: IP20<br \/>\nKosketin: 2 NO<br \/>\nAsennus: DIN-kisko<br \/>\nV\u00e4ri: Punainen<br \/>\nLiittimen poikkipinta-ala: 2,5 mm\u00b2<br \/>\nMateriaali: Muovi<\/p>\n","protected":false},"featured_media":93356,"comment_status":"open","ping_status":"closed","template":"","meta":{"_acf_changed":false},"factory":[],"free-shipment":[],"product_brand":[],"product_cat":[2583,3118],"product_tag":[],"class_list":{"0":"post-93407","1":"product","2":"type-product","3":"status-publish","4":"has-post-thumbnail","6":"product_cat-industrial-automation","7":"product_cat-security-and-safety-equipment","9":"first","10":"instock","11":"sale","12":"taxable","13":"shipping-taxable","14":"purchasable","15":"product-type-simple"},"acf":[],"_links":{"self":[{"href":"https:\/\/factory.sale\/fi\/wp-json\/wp\/v2\/product\/93407","targetHints":{"allow":["GET"]}}],"collection":[{"href":"https:\/\/factory.sale\/fi\/wp-json\/wp\/v2\/product"}],"about":[{"href":"https:\/\/factory.sale\/fi\/wp-json\/wp\/v2\/types\/product"}],"replies":[{"embeddable":true,"href":"https:\/\/factory.sale\/fi\/wp-json\/wp\/v2\/comments?post=93407"}],"wp:featuredmedia":[{"embeddable":true,"href":"https:\/\/factory.sale\/fi\/wp-json\/wp\/v2\/media\/93356"}],"wp:attachment":[{"href":"https:\/\/factory.sale\/fi\/wp-json\/wp\/v2\/media?parent=93407"}],"wp:term":[{"taxonomy":"factory","embeddable":true,"href":"https:\/\/factory.sale\/fi\/wp-json\/wp\/v2\/factory?post=93407"},{"taxonomy":"free-shipment","embeddable":true,"href":"https:\/\/factory.sale\/fi\/wp-json\/wp\/v2\/free-shipment?post=93407"},{"taxonomy":"product_brand","embeddable":true,"href":"https:\/\/factory.sale\/fi\/wp-json\/wp\/v2\/product_brand?post=93407"},{"taxonomy":"product_cat","embeddable":true,"href":"https:\/\/factory.sale\/fi\/wp-json\/wp\/v2\/product_cat?post=93407"},{"taxonomy":"product_tag","embeddable":true,"href":"https:\/\/factory.sale\/fi\/wp-json\/wp\/v2\/product_tag?post=93407"}],"curies":[{"name":"wp","href":"https:\/\/api.w.org\/{rel}","templated":true}]}}