{"id":93345,"date":"2024-11-04T10:38:13","date_gmt":"2024-11-04T07:45:07","guid":{"rendered":"https:\/\/factory.sale\/?post_type=product&#038;p=93345"},"modified":"2024-11-04T16:55:06","modified_gmt":"2024-11-04T13:55:06","slug":"nr-4100-tutka-anturi-12-35dc-max-30m-4-20mahart-40c-80c-1bar-3bar-g1-5m-kaapeli-ip68","status":"publish","type":"product","link":"https:\/\/factory.sale\/fi\/tuote\/nr-4100-tutka-anturi-12-35dc-max-30m-4-20mahart-40c-80c-1bar-3bar-g1-5m-kaapeli-ip68\/","title":{"rendered":"NR 4100 tutka-anturi, 12-35DC, max 30M, 4-20MA+HART, -40\u00b0C&#8230;+80\u00b0C, -1BAR&#8230;+3BAR, G1&#8243;, 5M kaapeli, IP68"},"content":{"rendered":"<p><strong>Tekniset tiedot:<\/strong><\/p>\n<p>Valmistaja: UWT<br \/>\nVirtal\u00e4hde: 12-35V DC<br \/>\nSarja: NivoRadar<br \/>\nMittausalue: max 30m<br \/>\nK\u00e4ytt\u00f6l\u00e4mp\u00f6tila: -40\u02da&#8230;+80\u02daC<br \/>\nSuojausluokka: IP68<br \/>\nRunko: Muovimassaa<br \/>\nKaapelin pituus: 5m<br \/>\nL\u00e4ht\u00f6: 4&#8230;20 mA + HART<br \/>\nLanka\/lanka: G1&#8243;<br \/>\nPaine: -1&#8230;3bar<\/p>\n<p>&nbsp;<\/p>\n<p><a href=\"https:\/\/factory.sale\/wp-content\/uploads\/2024\/11\/nivoRadar-4000.pdf\" target=\"_blank\" rel=\"noopener\">PDF<\/a><\/p>\n","protected":false},"excerpt":{"rendered":"<p>Yksinkertainen ja k\u00e4ytt\u00e4j\u00e4yst\u00e4v\u00e4llinen tutkan pinta-anturin konfigurointi, k\u00e4ytt\u00f6\u00f6notto ja diagnoosi UWT LevelApp -sovelluksen kautta.<\/p>\n<p>Mittausalue: max. 30m, bulkkimateriaalit 20m asti suositellaan.<\/p>\n","protected":false},"featured_media":93338,"comment_status":"open","ping_status":"closed","template":"","meta":{"_acf_changed":false},"factory":[],"free-shipment":[],"product_brand":[],"product_cat":[2999,2607],"product_tag":[],"class_list":{"0":"post-93345","1":"product","2":"type-product","3":"status-publish","4":"has-post-thumbnail","6":"product_cat-tasoanturit","7":"product_cat-teollisuusautomaatio","9":"first","10":"instock","11":"sale","12":"taxable","13":"shipping-taxable","14":"purchasable","15":"product-type-simple"},"acf":[],"_links":{"self":[{"href":"https:\/\/factory.sale\/fi\/wp-json\/wp\/v2\/product\/93345","targetHints":{"allow":["GET"]}}],"collection":[{"href":"https:\/\/factory.sale\/fi\/wp-json\/wp\/v2\/product"}],"about":[{"href":"https:\/\/factory.sale\/fi\/wp-json\/wp\/v2\/types\/product"}],"replies":[{"embeddable":true,"href":"https:\/\/factory.sale\/fi\/wp-json\/wp\/v2\/comments?post=93345"}],"wp:featuredmedia":[{"embeddable":true,"href":"https:\/\/factory.sale\/fi\/wp-json\/wp\/v2\/media\/93338"}],"wp:attachment":[{"href":"https:\/\/factory.sale\/fi\/wp-json\/wp\/v2\/media?parent=93345"}],"wp:term":[{"taxonomy":"factory","embeddable":true,"href":"https:\/\/factory.sale\/fi\/wp-json\/wp\/v2\/factory?post=93345"},{"taxonomy":"free-shipment","embeddable":true,"href":"https:\/\/factory.sale\/fi\/wp-json\/wp\/v2\/free-shipment?post=93345"},{"taxonomy":"product_brand","embeddable":true,"href":"https:\/\/factory.sale\/fi\/wp-json\/wp\/v2\/product_brand?post=93345"},{"taxonomy":"product_cat","embeddable":true,"href":"https:\/\/factory.sale\/fi\/wp-json\/wp\/v2\/product_cat?post=93345"},{"taxonomy":"product_tag","embeddable":true,"href":"https:\/\/factory.sale\/fi\/wp-json\/wp\/v2\/product_tag?post=93345"}],"curies":[{"name":"wp","href":"https:\/\/api.w.org\/{rel}","templated":true}]}}