{"id":93314,"date":"2024-11-04T00:20:15","date_gmt":"2024-11-03T21:29:48","guid":{"rendered":"https:\/\/factory.sale\/?post_type=product&#038;p=93314"},"modified":"2024-11-04T16:55:09","modified_gmt":"2024-11-04T13:55:09","slug":"nb-4200-mikroprosessoritason-tasoanturit-230ac-max-80c-4-20ma-15m-nauha-pvc-paino","status":"publish","type":"product","link":"https:\/\/factory.sale\/fi\/tuote\/nb-4200-mikroprosessoritason-tasoanturit-230ac-max-80c-4-20ma-15m-nauha-pvc-paino\/","title":{"rendered":"NB 4200 mikroprosessoritason tasoanturit, 230AC, MAX +80C, 4-20MA, 15M nauha, PVC paino"},"content":{"rendered":"<p><strong>Tekniset tiedot:<\/strong><\/p>\n<p>Tuote: NB 4200 TASOANTURIT MIKROPROSESSORILLA<br \/>\nValmistaja: UWT<br \/>\nTeho: 230V AC<br \/>\nSarja: Nivobob<br \/>\nK\u00e4ytt\u00f6l\u00e4mp\u00f6tila: -40\u02da&#8230;+80\u02daC<br \/>\nSuojausluokka: IP66<br \/>\nRunko: Alumiini<br \/>\nL\u00e4ht\u00f6: 2 x rele; 1 x 4-20mA<br \/>\nSertifikaatti: CE<br \/>\nPituus: 15 m<\/p>\n<p>&nbsp;<\/p>\n<p>&nbsp;<\/p>\n<p><a href=\"https:\/\/factory.sale\/wp-content\/uploads\/2024\/11\/NB4_opt_en.pdf\" target=\"_blank\" rel=\"noopener\">PDF<\/a><\/p>\n","protected":false},"excerpt":{"rendered":"<p>Tuote: NB 4200 TASOANTURIT MIKROPROSESSORILLA<br \/>\nValmistaja: UWT<br \/>\nTeho: 230V AC<br \/>\nSarja: Nivobob<br \/>\nK\u00e4ytt\u00f6l\u00e4mp\u00f6tila: -40\u02da&#8230;+80\u02daC<br \/>\nSuojausluokka: IP66<br \/>\nRunko: Alumiini<br \/>\nL\u00e4ht\u00f6: 2 x rele; 1 x 4-20mA<br \/>\nSertifikaatti: CE<br \/>\nPituus: 15m<\/p>\n<p>&nbsp;<\/p>\n","protected":false},"featured_media":93311,"comment_status":"open","ping_status":"closed","template":"","meta":{"_acf_changed":false},"factory":[],"free-shipment":[],"product_brand":[],"product_cat":[2999,2607],"product_tag":[],"class_list":{"0":"post-93314","1":"product","2":"type-product","3":"status-publish","4":"has-post-thumbnail","6":"product_cat-tasoanturit","7":"product_cat-teollisuusautomaatio","9":"first","10":"instock","11":"sale","12":"taxable","13":"shipping-taxable","14":"purchasable","15":"product-type-simple"},"acf":[],"_links":{"self":[{"href":"https:\/\/factory.sale\/fi\/wp-json\/wp\/v2\/product\/93314","targetHints":{"allow":["GET"]}}],"collection":[{"href":"https:\/\/factory.sale\/fi\/wp-json\/wp\/v2\/product"}],"about":[{"href":"https:\/\/factory.sale\/fi\/wp-json\/wp\/v2\/types\/product"}],"replies":[{"embeddable":true,"href":"https:\/\/factory.sale\/fi\/wp-json\/wp\/v2\/comments?post=93314"}],"wp:featuredmedia":[{"embeddable":true,"href":"https:\/\/factory.sale\/fi\/wp-json\/wp\/v2\/media\/93311"}],"wp:attachment":[{"href":"https:\/\/factory.sale\/fi\/wp-json\/wp\/v2\/media?parent=93314"}],"wp:term":[{"taxonomy":"factory","embeddable":true,"href":"https:\/\/factory.sale\/fi\/wp-json\/wp\/v2\/factory?post=93314"},{"taxonomy":"free-shipment","embeddable":true,"href":"https:\/\/factory.sale\/fi\/wp-json\/wp\/v2\/free-shipment?post=93314"},{"taxonomy":"product_brand","embeddable":true,"href":"https:\/\/factory.sale\/fi\/wp-json\/wp\/v2\/product_brand?post=93314"},{"taxonomy":"product_cat","embeddable":true,"href":"https:\/\/factory.sale\/fi\/wp-json\/wp\/v2\/product_cat?post=93314"},{"taxonomy":"product_tag","embeddable":true,"href":"https:\/\/factory.sale\/fi\/wp-json\/wp\/v2\/product_tag?post=93314"}],"curies":[{"name":"wp","href":"https:\/\/api.w.org\/{rel}","templated":true}]}}