{"id":93275,"date":"2024-11-03T10:39:57","date_gmt":"2024-11-03T20:53:58","guid":{"rendered":"https:\/\/factory.sale\/?post_type=product&#038;p=93275"},"modified":"2024-11-04T13:15:17","modified_gmt":"2024-11-04T10:15:17","slug":"vn-2020-tarinaanturi-19-230ac-19-55dc-alumiinikorpus-40-150c-l235mm-r1%c2%bd","status":"publish","type":"product","link":"https:\/\/factory.sale\/fi\/tuote\/vn-2020-tarinaanturi-19-230ac-19-55dc-alumiinikorpus-40-150c-l235mm-r1%c2%bd\/","title":{"rendered":"VN 2020 t\u00e4rin\u00e4anturi, 19-230AC\/19-55DC, alumiinikorpus, -40&#8230;+150C, L,235MM, R1\u00bd\u201d"},"content":{"rendered":"<p><strong>Tuotetiedot:<\/strong><\/p>\n<p>Tuote: T\u00c4RIN\u00c4ANTURI<br \/>\nValmistaja: UWT<br \/>\nVirtal\u00e4hde: 19-230V AC \/ 19-40V DC<br \/>\nSarja: Vibranivo<br \/>\nK\u00e4ytt\u00f6l\u00e4mp\u00f6tila: -40&#8230;+150C<br \/>\nSuojausluokka: IP66<br \/>\nRunko: alumiinia<br \/>\nL\u00e4ht\u00f6: DPDT-rele<br \/>\nKierre\/ura: R1\u00bd\u201d<br \/>\nSertifikaatti: CE<br \/>\nPituus: 235 mm<\/p>\n<p>&nbsp;<\/p>\n<p>&nbsp;<\/p>\n<p><a href=\"https:\/\/factory.sale\/wp-content\/uploads\/2024\/11\/Vibronivo-2000-6000-manuaal.pdf\" target=\"_blank\" rel=\"noopener\">PDF<\/a><\/p>\n","protected":false},"excerpt":{"rendered":"<p>Tuote: T\u00c4RIN\u00c4ANTURI<br \/>\nValmistaja: UWT<br \/>\nVirtal\u00e4hde: 19-230V AC \/ 19-40V DC<br \/>\nSarja: Vibranivo<br \/>\nK\u00e4ytt\u00f6l\u00e4mp\u00f6tila: -40&#8230;+150C<br \/>\nSuojausluokka: IP66<br \/>\nRunko: alumiinia<br \/>\nL\u00e4ht\u00f6: DPDT-rele<br \/>\nKierre\/ura: R1\u00bd\u201d<br \/>\nSertifikaatti: CE<br \/>\nPituus: 235 mm<\/p>\n","protected":false},"featured_media":93240,"comment_status":"open","ping_status":"closed","template":"","meta":{"_acf_changed":false},"factory":[],"free-shipment":[],"product_brand":[],"product_cat":[2999,2607],"product_tag":[],"class_list":{"0":"post-93275","1":"product","2":"type-product","3":"status-publish","4":"has-post-thumbnail","6":"product_cat-tasoanturit","7":"product_cat-teollisuusautomaatio","9":"first","10":"instock","11":"sale","12":"taxable","13":"shipping-taxable","14":"purchasable","15":"product-type-simple"},"acf":[],"_links":{"self":[{"href":"https:\/\/factory.sale\/fi\/wp-json\/wp\/v2\/product\/93275","targetHints":{"allow":["GET"]}}],"collection":[{"href":"https:\/\/factory.sale\/fi\/wp-json\/wp\/v2\/product"}],"about":[{"href":"https:\/\/factory.sale\/fi\/wp-json\/wp\/v2\/types\/product"}],"replies":[{"embeddable":true,"href":"https:\/\/factory.sale\/fi\/wp-json\/wp\/v2\/comments?post=93275"}],"wp:featuredmedia":[{"embeddable":true,"href":"https:\/\/factory.sale\/fi\/wp-json\/wp\/v2\/media\/93240"}],"wp:attachment":[{"href":"https:\/\/factory.sale\/fi\/wp-json\/wp\/v2\/media?parent=93275"}],"wp:term":[{"taxonomy":"factory","embeddable":true,"href":"https:\/\/factory.sale\/fi\/wp-json\/wp\/v2\/factory?post=93275"},{"taxonomy":"free-shipment","embeddable":true,"href":"https:\/\/factory.sale\/fi\/wp-json\/wp\/v2\/free-shipment?post=93275"},{"taxonomy":"product_brand","embeddable":true,"href":"https:\/\/factory.sale\/fi\/wp-json\/wp\/v2\/product_brand?post=93275"},{"taxonomy":"product_cat","embeddable":true,"href":"https:\/\/factory.sale\/fi\/wp-json\/wp\/v2\/product_cat?post=93275"},{"taxonomy":"product_tag","embeddable":true,"href":"https:\/\/factory.sale\/fi\/wp-json\/wp\/v2\/product_tag?post=93275"}],"curies":[{"name":"wp","href":"https:\/\/api.w.org\/{rel}","templated":true}]}}