{"id":93233,"date":"2024-11-03T01:15:50","date_gmt":"2024-11-02T22:23:05","guid":{"rendered":"https:\/\/factory.sale\/?post_type=product&#038;p=93233"},"modified":"2024-11-04T10:11:51","modified_gmt":"2024-11-04T07:11:51","slug":"saunacare-premium-kertakayttoinen-laudeliina","status":"publish","type":"product","link":"https:\/\/factory.sale\/fi\/tuote\/saunacare-premium-kertakayttoinen-laudeliina\/","title":{"rendered":"SaunaCare Premium kertak\u00e4ytt\u00f6inen laudeliina"},"content":{"rendered":"<p>SaunaCare Premium on kertak\u00e4ytt\u00f6inen laudeliina.<br \/>\n\u200b<br \/>\nKolmikerroksisen rakenteensa ansiosta SaunaCare Premium -laudeliinat kest\u00e4v\u00e4t sek\u00e4 kuumuutta ett\u00e4 kosteutta ja tarjoavat 100 % suojan saunan penkeiss\u00e4 olevia ep\u00e4puhtauksia vastaan.<br \/>\n\u200b<br \/>\nSaunaCare Premium -laudeliinan koko on 41 x 41 cm, mik\u00e4 tekee siit\u00e4 sopivan sek\u00e4 pienille ett\u00e4 suurille saunojille. Yksi SaunaCare Premium -paketti sis\u00e4lt\u00e4\u00e4 120 kpl kertak\u00e4ytt\u00f6isi\u00e4 laudeliinoja. Paketin koko on kompakti &#8211; vain 21 x 21 x 21 cm.<\/p>\n<p>Kertak\u00e4ytt\u00f6iset SaunaCare-laudeliinat s\u00e4\u00e4st\u00e4v\u00e4t kestoliinoihin verrattuna rahaa, energiaa ja vett\u00e4 sek\u00e4 yll\u00e4pit\u00e4v\u00e4t sinun ja saunasi hyvinvointia. Lue lis\u00e4\u00e4 kustannus- ja energians\u00e4\u00e4st\u00f6st\u00e4 alta.<\/p>\n<p>&nbsp;<\/p>\n<p><strong>Kest\u00e4v\u00e4 kehitys<\/strong><\/p>\n<p>Perinteisesti hotellit ja kylpyl\u00e4t k\u00e4ytt\u00e4v\u00e4t hotellipyyhkeit\u00e4 laudeliinoina. T\u00e4st\u00e4 seuraa iso pyykkikasa pest\u00e4v\u00e4ksi kuluttaen energiaa, vett\u00e4, puhdistusaineita ja kustannuksia. Tarjoamalla kertak\u00e4ytt\u00f6isi\u00e4 laudeliinoja haluamme olla osa kehityst\u00e4, jossa pienenn\u00e4mme luonnonvarojen k\u00e4ytt\u00f6\u00e4.<br \/>\n\u200b<br \/>\nTarkat luvut hotellipyyhkeiden pesemisen kustannuksista ja ymp\u00e4rist\u00f6jalanj\u00e4ljest\u00e4 l\u00f6yd\u00e4t alla olevasta taulukosta.<\/p>\n<p><img loading=\"lazy\" decoding=\"async\" class=\"alignnone wp-image-93225\" src=\"https:\/\/factory.sale\/wp-content\/uploads\/2024\/11\/image-300x167.png\" alt=\"\" width=\"636\" height=\"354\" srcset=\"https:\/\/factory.sale\/wp-content\/uploads\/2024\/11\/image-300x167.png 300w, https:\/\/factory.sale\/wp-content\/uploads\/2024\/11\/image-150x83.png 150w, https:\/\/factory.sale\/wp-content\/uploads\/2024\/11\/image.png 600w\" sizes=\"auto, (max-width: 636px) 100vw, 636px\" \/><\/p>\n<p><img loading=\"lazy\" decoding=\"async\" class=\"alignnone wp-image-93228\" src=\"https:\/\/factory.sale\/wp-content\/uploads\/2024\/11\/image-2-300x228.png\" alt=\"\" width=\"597\" height=\"454\" srcset=\"https:\/\/factory.sale\/wp-content\/uploads\/2024\/11\/image-2-300x228.png 300w, https:\/\/factory.sale\/wp-content\/uploads\/2024\/11\/image-2-150x114.png 150w, https:\/\/factory.sale\/wp-content\/uploads\/2024\/11\/image-2.png 600w\" sizes=\"auto, (max-width: 597px) 100vw, 597px\" \/><\/p>\n<p>&nbsp;<\/p>\n<p><strong>Kuljetus &amp; Pakkaus<\/strong><br \/>\n\u200b<br \/>\nSaunaCare Premium -laudeliinat toimitetaan r\u00e4\u00e4t\u00e4l\u00f6idyss\u00e4 kuljetuspaketissa, jotta ne s\u00e4ilyv\u00e4t ehj\u00e4n\u00e4 kuljetuksen aikana. Kuljetuslaatikot antaa my\u00f6s suojaa varastoinnin aikana.<br \/>\n\u200b<br \/>\nYksi kuljetuslaatikko sis\u00e4lt\u00e4\u00e4 kuusi pakettia laudeliinoja. Yhdell\u00e4 euro-lavalle mahtuu kaksikymment\u00e4 kuljetuslaatikkoa. T\u00e4m\u00e4 tarkoittaa yli 14.000 laudeliinaa yhdell\u00e4 lavalla!<\/p>\n<p>&nbsp;<\/p>\n<p>Kuljetuslaatikko &#8211; 86,18 EUR (720 kpl pefletti\u00e4)<\/p>\n<p>EUR lava &#8211; 1 723,50 EUR (14 400 kpl pefletti\u00e4)<\/p>\n","protected":false},"excerpt":{"rendered":"<p>SaunaCare Premium on kertak\u00e4ytt\u00f6inen laudeliina.<br \/>\n\u200b<br \/>\nKolmikerroksisen rakenteensa ansiosta SaunaCare Premium -laudeliinat kest\u00e4v\u00e4t sek\u00e4 kuumuutta ett\u00e4 kosteutta ja tarjoavat 100 % suojan saunan penkeiss\u00e4 olevia ep\u00e4puhtauksia vastaan.<\/p>\n<p>&nbsp;<\/p>\n<p>HUOM!<\/p>\n<p>Min. tilaus per kuljetuslaatikko (6 pakettia &#8211; jokainen paketti sis\u00e4lt\u00e4\u00e4 120 kpl istuinp\u00e4\u00e4llisi\u00e4)<br \/>\nHinta on per kuljetuslaatikko.<\/p>\n","protected":false},"featured_media":93218,"comment_status":"open","ping_status":"closed","template":"","meta":{"_acf_changed":false},"factory":[],"free-shipment":[],"product_brand":[],"product_cat":[3112,1334],"product_tag":[2106],"class_list":{"0":"post-93233","1":"product","2":"type-product","3":"status-publish","4":"has-post-thumbnail","6":"product_cat-pefletit-ja-tekstiilit","7":"product_cat-saunatarvikkeet","8":"product_tag-sauna-fi","10":"first","11":"instock","12":"sale","13":"taxable","14":"shipping-taxable","15":"purchasable","16":"product-type-simple"},"acf":[],"_links":{"self":[{"href":"https:\/\/factory.sale\/fi\/wp-json\/wp\/v2\/product\/93233","targetHints":{"allow":["GET"]}}],"collection":[{"href":"https:\/\/factory.sale\/fi\/wp-json\/wp\/v2\/product"}],"about":[{"href":"https:\/\/factory.sale\/fi\/wp-json\/wp\/v2\/types\/product"}],"replies":[{"embeddable":true,"href":"https:\/\/factory.sale\/fi\/wp-json\/wp\/v2\/comments?post=93233"}],"wp:featuredmedia":[{"embeddable":true,"href":"https:\/\/factory.sale\/fi\/wp-json\/wp\/v2\/media\/93218"}],"wp:attachment":[{"href":"https:\/\/factory.sale\/fi\/wp-json\/wp\/v2\/media?parent=93233"}],"wp:term":[{"taxonomy":"factory","embeddable":true,"href":"https:\/\/factory.sale\/fi\/wp-json\/wp\/v2\/factory?post=93233"},{"taxonomy":"free-shipment","embeddable":true,"href":"https:\/\/factory.sale\/fi\/wp-json\/wp\/v2\/free-shipment?post=93233"},{"taxonomy":"product_brand","embeddable":true,"href":"https:\/\/factory.sale\/fi\/wp-json\/wp\/v2\/product_brand?post=93233"},{"taxonomy":"product_cat","embeddable":true,"href":"https:\/\/factory.sale\/fi\/wp-json\/wp\/v2\/product_cat?post=93233"},{"taxonomy":"product_tag","embeddable":true,"href":"https:\/\/factory.sale\/fi\/wp-json\/wp\/v2\/product_tag?post=93233"}],"curies":[{"name":"wp","href":"https:\/\/api.w.org\/{rel}","templated":true}]}}