{"id":93206,"date":"2024-11-02T02:02:54","date_gmt":"2024-11-01T23:09:52","guid":{"rendered":"https:\/\/factory.sale\/?post_type=product&#038;p=93206"},"modified":"2024-11-03T15:21:20","modified_gmt":"2024-11-03T12:21:20","slug":"autokatos-vajaalla-ja-sivuseinalla-luna-f-plus-49x56-m","status":"publish","type":"product","link":"https:\/\/factory.sale\/fi\/tuote\/autokatos-vajaalla-ja-sivuseinalla-luna-f-plus-49x56-m\/","title":{"rendered":"Autokatos vajaalla ja sivusein\u00e4ll\u00e4 LUNA F PLUS (4,9\u00d75,6 m)"},"content":{"rendered":"<p>Hinta sis\u00e4lt\u00e4\u00e4 2 autokatoksen sivusein\u00e4paneelia lis\u00e4suojaksi. Lis\u00e4ksi voit vaihdella sivusein\u00e4paneelien m\u00e4\u00e4r\u00e4\u00e4 nollan ja 3:n v\u00e4lill\u00e4. Tyylik\u00e4s tasakatto luo ainutlaatuisen ja modernin ulkon\u00e4\u00f6n.<br \/>\nLis\u00e4ksi k\u00e4ytett\u00e4viss\u00e4 on 2 tehokasta varastotilaa, kukin 5 m\u00b2. T\u00e4ydellinen puutarhaty\u00f6kalujen, ty\u00f6v\u00e4lineiden ja varusteiden k\u00e4yt\u00e4nn\u00f6lliseen s\u00e4ilytykseen.<br \/>\nJos haluat laajentaa puutarhaasi tyylikk\u00e4\u00e4ll\u00e4 ja toimivalla autokatolla, vankka ja luotettava LUNA F PLUS -autokatos on hyv\u00e4 valinta. Lis\u00e4ksi se on valmistettu luonnollisesta pehme\u00e4st\u00e4 puusta, mik\u00e4 varmistaa ajoneuvon asianmukaisen suojan ja optimaalisen ilmanvaihdon. Lis\u00e4ksi siin\u00e4 on k\u00e4yt\u00e4nn\u00f6lliset s\u00e4ilytyslokerot, jotka auttavat sinua j\u00e4rjest\u00e4m\u00e4\u00e4n tavarat turvallisesti.<br \/>\nValitse haluamasi m\u00e4\u00e4r\u00e4 sivuseini\u00e4<\/p>\n<p>T\u00e4ss\u00e4 autokatoksessa on 2 puurunkoista sivusein\u00e4\u00e4 pystypaneelilla, jotka tarjoavat erinomaisen suojan ajoneuvollesi. Lis\u00e4ksi autokatosrakennetta voidaan helposti parantaa lis\u00e4paneeleilla lis\u00e4varustevalikoimastamme, jolloin voit lis\u00e4t\u00e4 tai poistaa sivuseini\u00e4. Siksi sinun tarvitsee vain valita kuinka monta puupaneelia haluat asentaa autokatossi sivuille.<\/p>\n<p>&nbsp;<\/p>\n<p>&nbsp;<\/p>\n<p><strong>Tekniset tiedot:<\/strong><\/p>\n<ul>\n<li>Rakennusmateriaali: Sertifioitu luonnon pohjoismainen m\u00e4nty tai kuusi<\/li>\n<li>Katto: 18-20 mm kattolaudat. Lis\u00e4ksi kattop\u00e4\u00e4llyste voidaan lis\u00e4t\u00e4 lis\u00e4hintaan.<\/li>\n<li>Paneelit: Paneeli on p\u00e4\u00e4llystetty molemmilta puolilta 20 mm levyill\u00e4. Puurungon mitat: 45 mm x 70 mm, limi\u00f6laudat<\/li>\n<li>120mm x 20mm. Kiinnitet\u00e4\u00e4n pystysuoraan 25 mm et\u00e4isyydell\u00e4. Jokaisen paneelin puu toimitetaan erikseen.<\/li>\n<li>Katon pinta-ala: 27,69 m\u00b2<\/li>\n<li>Ulkomitat: 790 x 565 cm<\/li>\n<li>Pienin sein\u00e4korkeus: 210 cm<\/li>\n<li>Harjan korkeus: 230 cm<\/li>\n<li>Ovien lukum\u00e4\u00e4r\u00e4: 2 kpl<\/li>\n<\/ul>\n<p>&nbsp;<\/p>\n<p>&nbsp;<\/p>\n<p><strong>Lis\u00e4ksi saatavilla:<\/strong><\/p>\n<p>Lis\u00e4paneeli 2,6m x 2m<\/p>\n<p>Bitumivy\u00f6ruusu (musta, vihre\u00e4, punainen)<\/p>\n<p><img loading=\"lazy\" decoding=\"async\" class=\"alignnone wp-image-86156\" src=\"https:\/\/factory.sale\/wp-content\/uploads\/2024\/06\/colours-wooden-me-300x82.png\" sizes=\"auto, (max-width: 567px) 100vw, 567px\" srcset=\"https:\/\/factory.sale\/wp-content\/uploads\/2024\/06\/colours-wooden-me-300x82.png 300w, https:\/\/factory.sale\/wp-content\/uploads\/2024\/06\/colours-wooden-me-150x41.png 150w, https:\/\/factory.sale\/wp-content\/uploads\/2024\/06\/colours-wooden-me-600x164.png 600w, https:\/\/factory.sale\/wp-content\/uploads\/2024\/06\/colours-wooden-me.png 638w\" alt=\"\" width=\"567\" height=\"155\" \/><\/p>\n<p>&nbsp;<\/p>\n<div class=\"video-wrapper \"><iframe loading=\"lazy\" title=\"Hoe monteer je dakshingles voor zadeldaken?\" width=\"500\" height=\"281\" src=\"https:\/\/www.youtube.com\/embed\/9S4j3SFXrjM?feature=oembed\" frameborder=\"0\" allow=\"accelerometer; autoplay; clipboard-write; encrypted-media; gyroscope; picture-in-picture; web-share\" referrerpolicy=\"strict-origin-when-cross-origin\" allowfullscreen><\/iframe><\/div>\n<div class=\"video-wrapper \"><iframe loading=\"lazy\" title=\"How To Build a Log Cabin | Assembly Instructions\" width=\"500\" height=\"281\" src=\"https:\/\/www.youtube.com\/embed\/k9kK04ZBp0o?feature=oembed\" frameborder=\"0\" allow=\"accelerometer; autoplay; clipboard-write; encrypted-media; gyroscope; picture-in-picture; web-share\" referrerpolicy=\"strict-origin-when-cross-origin\" allowfullscreen><\/iframe><\/div>\n<p>&nbsp;<\/p>\n","protected":false},"excerpt":{"rendered":"<p>T\u00e4ss\u00e4 autokatoksessa on 2 puurunkoista sivusein\u00e4\u00e4 pystypaneelilla, jotka tarjoavat erinomaisen suojan ajoneuvollesi. Lis\u00e4ksi autokatosrakennetta voidaan helposti parantaa lis\u00e4paneeleilla lis\u00e4varustevalikoimastamme, jolloin voit lis\u00e4t\u00e4 tai poistaa sivuseini\u00e4. Siksi sinun tarvitsee vain valita kuinka monta puupaneelia haluat asentaa autokatossi sivuille.<\/p>\n","protected":false},"featured_media":93191,"comment_status":"open","ping_status":"closed","template":"","meta":{"_acf_changed":false},"factory":[],"free-shipment":[],"product_brand":[],"product_cat":[1339,997],"product_tag":[1488,1489],"class_list":{"0":"post-93206","1":"product","2":"type-product","3":"status-publish","4":"has-post-thumbnail","6":"product_cat-autokatokset","7":"product_cat-piha-puutarha-fi","8":"product_tag-garden-fi","9":"product_tag-yard-fi","11":"first","12":"instock","13":"sale","14":"taxable","15":"shipping-taxable","16":"purchasable","17":"product-type-simple"},"acf":[],"_links":{"self":[{"href":"https:\/\/factory.sale\/fi\/wp-json\/wp\/v2\/product\/93206","targetHints":{"allow":["GET"]}}],"collection":[{"href":"https:\/\/factory.sale\/fi\/wp-json\/wp\/v2\/product"}],"about":[{"href":"https:\/\/factory.sale\/fi\/wp-json\/wp\/v2\/types\/product"}],"replies":[{"embeddable":true,"href":"https:\/\/factory.sale\/fi\/wp-json\/wp\/v2\/comments?post=93206"}],"wp:featuredmedia":[{"embeddable":true,"href":"https:\/\/factory.sale\/fi\/wp-json\/wp\/v2\/media\/93191"}],"wp:attachment":[{"href":"https:\/\/factory.sale\/fi\/wp-json\/wp\/v2\/media?parent=93206"}],"wp:term":[{"taxonomy":"factory","embeddable":true,"href":"https:\/\/factory.sale\/fi\/wp-json\/wp\/v2\/factory?post=93206"},{"taxonomy":"free-shipment","embeddable":true,"href":"https:\/\/factory.sale\/fi\/wp-json\/wp\/v2\/free-shipment?post=93206"},{"taxonomy":"product_brand","embeddable":true,"href":"https:\/\/factory.sale\/fi\/wp-json\/wp\/v2\/product_brand?post=93206"},{"taxonomy":"product_cat","embeddable":true,"href":"https:\/\/factory.sale\/fi\/wp-json\/wp\/v2\/product_cat?post=93206"},{"taxonomy":"product_tag","embeddable":true,"href":"https:\/\/factory.sale\/fi\/wp-json\/wp\/v2\/product_tag?post=93206"}],"curies":[{"name":"wp","href":"https:\/\/api.w.org\/{rel}","templated":true}]}}