{"id":93179,"date":"2024-11-01T17:41:18","date_gmt":"2024-11-01T14:49:10","guid":{"rendered":"https:\/\/factory.sale\/?post_type=product&#038;p=93179"},"modified":"2026-03-17T12:37:37","modified_gmt":"2026-03-17T09:37:37","slug":"autokatos-matkailuautolle-7-m-x-6-m-x-4-m","status":"publish","type":"product","link":"https:\/\/factory.sale\/fi\/tuote\/autokatos-matkailuautolle-7-m-x-6-m-x-4-m\/","title":{"rendered":"Autokatos matkailuautolle (7 m x 6 m x 4 m)"},"content":{"rendered":"<p>Jos sinulla on matkailuauto, tarvitset autokatoksen, joka suojaa sit\u00e4 s\u00e4\u00e4lt\u00e4 ja tarjoaa helpon p\u00e4\u00e4syn. Autokatos on yksinkertainen rakenne, jossa on pylv\u00e4iden tukema katto, ilman seini\u00e4 tai ovia. Matkailuauto on ajoneuvo, jota voit k\u00e4ytt\u00e4\u00e4 matkustamiseen ja nukkumiseen, kuten matkailuauto tai asuntovaunu. Autokatoksessa on suuri sis\u00e4\u00e4ntulokorkeus 303 cm, johon mahtuu useimmat retkeilyautot tai voidaan pys\u00e4k\u00f6id\u00e4 traktori. Siksi se on monipuolinen ja k\u00e4tev\u00e4 ratkaisu ajoneuvoosi. Tilaa autokatos jo t\u00e4n\u00e4\u00e4n ja nauti sen eduista!<\/p>\n<p>&nbsp;<\/p>\n<p>&nbsp;<\/p>\n<p><strong>Tekniset tiedot:<\/strong><\/p>\n<ul>\n<li>Rakennusmateriaali: Sertifioitu luonnon pohjoismainen m\u00e4nty<\/li>\n<li>Ulkomitat: 700 x 400 cm<\/li>\n<li>Harjan korkeus: 402 cm<\/li>\n<li>Sis\u00e4\u00e4ntulokorkeus: 303 cm<\/li>\n<li>Autokatostuen mitat: 18\u00d718 cm, 8 kpl<\/li>\n<li>Katon pinta-ala: 43 m\u00b2<\/li>\n<li>Katon ulkonema: 20 cm<\/li>\n<li>Bitumi huopakatto: Kattop\u00e4\u00e4llyste on saatavana lis\u00e4varusteena lis\u00e4hintaan<\/li>\n<li>Katon kaltevuus: 12\u00b0<\/li>\n<\/ul>\n<p>&nbsp;<\/p>\n<p>&nbsp;<\/p>\n<p><strong>Lis\u00e4ksi saatavilla:<\/strong><\/p>\n<p>Bitumi huopakatto (musta, vihre\u00e4, punainen)<\/p>\n<p>&nbsp;<\/p>\n<p><img loading=\"lazy\" decoding=\"async\" class=\"alignnone wp-image-86156\" src=\"https:\/\/factory.sale\/wp-content\/uploads\/2024\/06\/colours-wooden-me-300x82.png\" sizes=\"auto, (max-width: 567px) 100vw, 567px\" srcset=\"https:\/\/factory.sale\/wp-content\/uploads\/2024\/06\/colours-wooden-me-300x82.png 300w, https:\/\/factory.sale\/wp-content\/uploads\/2024\/06\/colours-wooden-me-150x41.png 150w, https:\/\/factory.sale\/wp-content\/uploads\/2024\/06\/colours-wooden-me-600x164.png 600w, https:\/\/factory.sale\/wp-content\/uploads\/2024\/06\/colours-wooden-me.png 638w\" alt=\"\" width=\"567\" height=\"155\" \/><\/p>\n<p>&nbsp;<\/p>\n<p>&nbsp;<\/p>\n<div class=\"video-wrapper \"><iframe loading=\"lazy\" title=\"Hoe monteer je dakshingles voor zadeldaken?\" width=\"500\" height=\"281\" src=\"https:\/\/www.youtube.com\/embed\/9S4j3SFXrjM?feature=oembed\" frameborder=\"0\" allow=\"accelerometer; autoplay; clipboard-write; encrypted-media; gyroscope; picture-in-picture; web-share\" referrerpolicy=\"strict-origin-when-cross-origin\" allowfullscreen><\/iframe><\/div>\n","protected":false},"excerpt":{"rendered":"<p>Jos sinulla on matkailuauto, tarvitset autokatoksen, joka suojaa sit\u00e4 s\u00e4\u00e4lt\u00e4 ja tarjoaa helpon p\u00e4\u00e4syn. Autokatos on yksinkertainen rakenne, jossa on pylv\u00e4iden tukema katto, ilman seini\u00e4 tai ovia. Matkailuauto on ajoneuvo, jota voit k\u00e4ytt\u00e4\u00e4 matkustamiseen ja nukkumiseen, kuten matkailuauto tai asuntovaunu. Autokatoksessa on suuri sis\u00e4\u00e4ntulokorkeus 303 cm, johon mahtuu useimmat retkeilyautot tai voidaan pys\u00e4k\u00f6id\u00e4 traktori. Siksi se on monipuolinen ja k\u00e4tev\u00e4 ratkaisu ajoneuvoosi. Tilaa autokatos jo t\u00e4n\u00e4\u00e4n ja nauti sen eduista!<\/p>\n","protected":false},"featured_media":93164,"comment_status":"open","ping_status":"closed","template":"","meta":{"_acf_changed":false},"factory":[],"free-shipment":[],"product_brand":[],"product_cat":[1339,997],"product_tag":[1488,1489],"class_list":{"0":"post-93179","1":"product","2":"type-product","3":"status-publish","4":"has-post-thumbnail","6":"product_cat-autokatokset","7":"product_cat-piha-puutarha-fi","8":"product_tag-garden-fi","9":"product_tag-yard-fi","11":"first","12":"instock","13":"sale","14":"taxable","15":"shipping-taxable","16":"purchasable","17":"product-type-simple"},"acf":[],"_links":{"self":[{"href":"https:\/\/factory.sale\/fi\/wp-json\/wp\/v2\/product\/93179","targetHints":{"allow":["GET"]}}],"collection":[{"href":"https:\/\/factory.sale\/fi\/wp-json\/wp\/v2\/product"}],"about":[{"href":"https:\/\/factory.sale\/fi\/wp-json\/wp\/v2\/types\/product"}],"replies":[{"embeddable":true,"href":"https:\/\/factory.sale\/fi\/wp-json\/wp\/v2\/comments?post=93179"}],"wp:featuredmedia":[{"embeddable":true,"href":"https:\/\/factory.sale\/fi\/wp-json\/wp\/v2\/media\/93164"}],"wp:attachment":[{"href":"https:\/\/factory.sale\/fi\/wp-json\/wp\/v2\/media?parent=93179"}],"wp:term":[{"taxonomy":"factory","embeddable":true,"href":"https:\/\/factory.sale\/fi\/wp-json\/wp\/v2\/factory?post=93179"},{"taxonomy":"free-shipment","embeddable":true,"href":"https:\/\/factory.sale\/fi\/wp-json\/wp\/v2\/free-shipment?post=93179"},{"taxonomy":"product_brand","embeddable":true,"href":"https:\/\/factory.sale\/fi\/wp-json\/wp\/v2\/product_brand?post=93179"},{"taxonomy":"product_cat","embeddable":true,"href":"https:\/\/factory.sale\/fi\/wp-json\/wp\/v2\/product_cat?post=93179"},{"taxonomy":"product_tag","embeddable":true,"href":"https:\/\/factory.sale\/fi\/wp-json\/wp\/v2\/product_tag?post=93179"}],"curies":[{"name":"wp","href":"https:\/\/api.w.org\/{rel}","templated":true}]}}