{"id":93158,"date":"2024-11-01T17:04:20","date_gmt":"2024-11-01T14:16:16","guid":{"rendered":"https:\/\/factory.sale\/?post_type=product&#038;p=93158"},"modified":"2024-11-02T13:56:45","modified_gmt":"2024-11-02T10:56:45","slug":"autokatos-hercules-8-m-x-5-m","status":"publish","type":"product","link":"https:\/\/factory.sale\/fi\/tuote\/autokatos-hercules-8-m-x-5-m\/","title":{"rendered":"Autokatos Hercules (8 m x 5 m)"},"content":{"rendered":"<p>Varmista ajoneuvojesi turvallisuus vahvalla autokatos Herculesilla. Sertifioidusta luonnonm\u00e4nnyst\u00e4 valmistettu kaksinkertainen autokatos on osoitus kest\u00e4vyydest\u00e4 ja laadusta. T\u00e4ss\u00e4 kaksinkertaisessa autokatoksessa ei ole seini\u00e4 helpon p\u00e4\u00e4syn ja ilmaisen toimituksen vuoksi valituille alueille.<\/p>\n<p>T\u00e4m\u00e4 autokatos on eritt\u00e4in vahva ja suunniteltu k\u00e4yt\u00e4nn\u00f6llisille ihmisille. Siin\u00e4 on 18 cm x 18 cm tuet, jotka kest\u00e4v\u00e4t ankarat s\u00e4\u00e4olosuhteet. Siihen mahtuu my\u00f6s kaksi autoa mukavasti ja se tarjoaa minimaalisen suojan auringolta, lumelta tai sateelta.<\/p>\n<p>Tilaa autokatos jo t\u00e4n\u00e4\u00e4n ja nauti sen eduista!<\/p>\n<p>&nbsp;<\/p>\n<p>&nbsp;<\/p>\n<p><strong>Tekniset tiedot:<\/strong><\/p>\n<ul>\n<li>Rakennusmateriaali: Sertifioitu luonnon pohjoismainen m\u00e4nty<\/li>\n<li>Ulkomitat: 800 x 500 cm<\/li>\n<li>Harjan korkeus: 292 cm<\/li>\n<li>Katto: 18-20 mm kattolaudat<\/li>\n<li>Sis\u00e4\u00e4ntulokorkeus: 200 cm<\/li>\n<li>Autokatostuen mitat: 18\u00d718 cm, 8 kpl<\/li>\n<li>Katon pinta-ala: 43 m\u00b2<\/li>\n<li>Bitumikatto: Kattop\u00e4\u00e4llyste on saatavana lis\u00e4varusteena lis\u00e4hintaan<\/li>\n<li>Katon ulkonema: 20 cm<\/li>\n<li>Katon kaltevuus: 12\u00b0<\/li>\n<\/ul>\n<p>&nbsp;<\/p>\n<p>&nbsp;<\/p>\n<p><strong>Lis\u00e4ksi saatavilla:<\/strong><\/p>\n<p>Bitumipaanu (musta, vihre\u00e4, punainen)<\/p>\n<p><img loading=\"lazy\" decoding=\"async\" class=\"alignnone wp-image-93081\" src=\"https:\/\/factory.sale\/wp-content\/uploads\/2024\/11\/katuse-varvid-factory.sale_-300x92.png\" alt=\"\" width=\"450\" height=\"138\" srcset=\"https:\/\/factory.sale\/wp-content\/uploads\/2024\/11\/katuse-varvid-factory.sale_-300x92.png 300w, https:\/\/factory.sale\/wp-content\/uploads\/2024\/11\/katuse-varvid-factory.sale_-150x46.png 150w, https:\/\/factory.sale\/wp-content\/uploads\/2024\/11\/katuse-varvid-factory.sale_-600x185.png 600w, https:\/\/factory.sale\/wp-content\/uploads\/2024\/11\/katuse-varvid-factory.sale_.png 636w\" sizes=\"auto, (max-width: 450px) 100vw, 450px\" \/><\/p>\n<p>&nbsp;<\/p>\n<p>&nbsp;<\/p>\n<div class=\"video-wrapper \"><iframe loading=\"lazy\" title=\"Hoe monteer je dakshingles voor zadeldaken?\" width=\"500\" height=\"281\" src=\"https:\/\/www.youtube.com\/embed\/9S4j3SFXrjM?feature=oembed\" frameborder=\"0\" allow=\"accelerometer; autoplay; clipboard-write; encrypted-media; gyroscope; picture-in-picture; web-share\" referrerpolicy=\"strict-origin-when-cross-origin\" allowfullscreen><\/iframe><\/div>\n","protected":false},"excerpt":{"rendered":"<p>Varmista ajoneuvojesi turvallisuus vahvalla autokatos Herculesilla. Sertifioidusta luonnonm\u00e4nnyst\u00e4 valmistettu kaksinkertainen autokatos on osoitus kest\u00e4vyydest\u00e4 ja laadusta. T\u00e4ss\u00e4 kaksinkertaisessa autokatoksessa ei ole seini\u00e4 helpon p\u00e4\u00e4syn ja ilmaisen toimituksen vuoksi valituille alueille.<\/p>\n","protected":false},"featured_media":93148,"comment_status":"open","ping_status":"closed","template":"","meta":{"_acf_changed":false},"factory":[],"free-shipment":[],"product_brand":[],"product_cat":[1339,997],"product_tag":[1487,1488,1489],"class_list":{"0":"post-93158","1":"product","2":"type-product","3":"status-publish","4":"has-post-thumbnail","6":"product_cat-autokatokset","7":"product_cat-piha-puutarha-fi","8":"product_tag-carport-fi","9":"product_tag-garden-fi","10":"product_tag-yard-fi","12":"first","13":"instock","14":"sale","15":"taxable","16":"shipping-taxable","17":"purchasable","18":"product-type-simple"},"acf":[],"_links":{"self":[{"href":"https:\/\/factory.sale\/fi\/wp-json\/wp\/v2\/product\/93158","targetHints":{"allow":["GET"]}}],"collection":[{"href":"https:\/\/factory.sale\/fi\/wp-json\/wp\/v2\/product"}],"about":[{"href":"https:\/\/factory.sale\/fi\/wp-json\/wp\/v2\/types\/product"}],"replies":[{"embeddable":true,"href":"https:\/\/factory.sale\/fi\/wp-json\/wp\/v2\/comments?post=93158"}],"wp:featuredmedia":[{"embeddable":true,"href":"https:\/\/factory.sale\/fi\/wp-json\/wp\/v2\/media\/93148"}],"wp:attachment":[{"href":"https:\/\/factory.sale\/fi\/wp-json\/wp\/v2\/media?parent=93158"}],"wp:term":[{"taxonomy":"factory","embeddable":true,"href":"https:\/\/factory.sale\/fi\/wp-json\/wp\/v2\/factory?post=93158"},{"taxonomy":"free-shipment","embeddable":true,"href":"https:\/\/factory.sale\/fi\/wp-json\/wp\/v2\/free-shipment?post=93158"},{"taxonomy":"product_brand","embeddable":true,"href":"https:\/\/factory.sale\/fi\/wp-json\/wp\/v2\/product_brand?post=93158"},{"taxonomy":"product_cat","embeddable":true,"href":"https:\/\/factory.sale\/fi\/wp-json\/wp\/v2\/product_cat?post=93158"},{"taxonomy":"product_tag","embeddable":true,"href":"https:\/\/factory.sale\/fi\/wp-json\/wp\/v2\/product_tag?post=93158"}],"curies":[{"name":"wp","href":"https:\/\/api.w.org\/{rel}","templated":true}]}}