{"id":93140,"date":"2024-11-01T15:57:45","date_gmt":"2024-11-01T13:15:58","guid":{"rendered":"https:\/\/factory.sale\/?post_type=product&#038;p=93140"},"modified":"2026-02-27T16:03:32","modified_gmt":"2026-02-27T13:03:32","slug":"autokatos-ja-aita-30m%c2%b2-4-m-x-75-m","status":"publish","type":"product","link":"https:\/\/factory.sale\/fi\/tuote\/autokatos-ja-aita-30m%c2%b2-4-m-x-75-m\/","title":{"rendered":"Autokatos ja aita 30m\u00b2 (4 m x 7,5 m)"},"content":{"rendered":"<p>Autosi autokatos aitalla on hyv\u00e4 koe k\u00e4yt\u00e4nn\u00f6lliselle ihmiselle. Klassinen autokatos puuvajalla \u2013 sellaisia \u200b\u200btuotteita ei meill\u00e4 paljon ole, joten voit k\u00e4ytt\u00e4\u00e4 tilaisuutta hyv\u00e4ksesi ostaaksesi todella hyv\u00e4n vaihtoehdon. Pystyt helposti pys\u00e4k\u00f6im\u00e4\u00e4n kaksi autoa edest\u00e4 tai takaa. M\u00f6kiss\u00e4, jossa on yhdistett\u00e4v\u00e4 aita, voit s\u00e4ilytt\u00e4\u00e4 tavaroita, joilla ei ole tilaa talossa. T\u00e4\u00e4lt\u00e4 l\u00f6yd\u00e4t paikkasi autonrenkaat, jouset, puutarhaty\u00f6kalut tai muut kodin s\u00e4ilytykseen sopimattomat tavarat. Takaamme, ett\u00e4 t\u00e4m\u00e4 autokatos aitaineen koristaa aluettasi.<\/p>\n<p>&nbsp;<\/p>\n<p>&nbsp;<\/p>\n<p><strong>Tekniset tiedot:<\/strong><\/p>\n<div class=\"TyagGW_tableContainer\">\n<div class=\"group TyagGW_tableWrapper flex flex-col-reverse w-fit\" tabindex=\"-1\">\n<table class=\"w-fit min-w-(--thread-content-width)\" style=\"height: 530px;\" width=\"719\" data-start=\"902\" data-end=\"1660\">\n<thead data-start=\"902\" data-end=\"928\">\n<tr data-start=\"902\" data-end=\"928\">\n<th class=\"\" data-start=\"902\" data-end=\"920\" data-col-size=\"sm\"><\/th>\n<th class=\"\" data-start=\"920\" data-end=\"928\" data-col-size=\"md\"><\/th>\n<\/tr>\n<\/thead>\n<tbody data-start=\"958\" data-end=\"1660\">\n<tr data-start=\"958\" data-end=\"989\">\n<td data-start=\"958\" data-end=\"973\" data-col-size=\"sm\"><strong data-start=\"960\" data-end=\"972\">Ulkokoko<\/strong><\/td>\n<td data-start=\"973\" data-end=\"989\" data-col-size=\"md\">400 \u00d7 750 cm<\/td>\n<\/tr>\n<tr data-start=\"990\" data-end=\"1030\">\n<td data-start=\"990\" data-end=\"1020\" data-col-size=\"sm\"><strong data-start=\"992\" data-end=\"1019\">Sein\u00e4n v\u00e4himm\u00e4iskorkeus<\/strong><\/td>\n<td data-start=\"1020\" data-end=\"1030\" data-col-size=\"md\">209 cm<\/td>\n<\/tr>\n<tr data-start=\"1031\" data-end=\"1060\">\n<td data-start=\"1031\" data-end=\"1050\" data-col-size=\"sm\"><strong data-start=\"1033\" data-end=\"1049\">Harjakorkeus<\/strong><\/td>\n<td data-start=\"1050\" data-end=\"1060\" data-col-size=\"md\">250 cm<\/td>\n<\/tr>\n<tr data-start=\"1061\" data-end=\"1105\">\n<td data-start=\"1061\" data-end=\"1093\" data-col-size=\"sm\"><strong data-start=\"1063\" data-end=\"1092\">Lattiapinta-ala (varasto)<\/strong><\/td>\n<td data-start=\"1093\" data-end=\"1105\" data-col-size=\"md\">18,35 m\u00b2<\/td>\n<\/tr>\n<tr data-start=\"1106\" data-end=\"1183\">\n<td data-start=\"1106\" data-end=\"1131\" data-col-size=\"sm\"><strong data-start=\"1108\" data-end=\"1130\">Rakennusmateriaali<\/strong><\/td>\n<td data-start=\"1131\" data-end=\"1183\" data-col-size=\"md\">Sertifioitu pohjoismainen luonnonm\u00e4nty tai kuusi<\/td>\n<\/tr>\n<tr data-start=\"1184\" data-end=\"1214\">\n<td data-start=\"1184\" data-end=\"1205\" data-col-size=\"sm\"><strong data-start=\"1186\" data-end=\"1204\">Sein\u00e4n paksuus<\/strong><\/td>\n<td data-start=\"1205\" data-end=\"1214\" data-col-size=\"md\">44 mm<\/td>\n<\/tr>\n<tr data-start=\"1215\" data-end=\"1277\">\n<td data-start=\"1215\" data-end=\"1234\" data-col-size=\"sm\"><strong data-start=\"1217\" data-end=\"1233\">Kattorakenne<\/strong><\/td>\n<td data-start=\"1234\" data-end=\"1277\" data-col-size=\"md\">135 mm puupalkit; 19\u201320 mm ponttilaudat<\/td>\n<\/tr>\n<tr data-start=\"1278\" data-end=\"1312\">\n<td data-start=\"1278\" data-end=\"1300\" data-col-size=\"sm\"><strong data-start=\"1280\" data-end=\"1299\">Katon pinta-ala<\/strong><\/td>\n<td data-start=\"1300\" data-end=\"1312\" data-col-size=\"md\">35,00 m\u00b2<\/td>\n<\/tr>\n<tr data-start=\"1313\" data-end=\"1342\">\n<td data-start=\"1313\" data-end=\"1335\" data-col-size=\"sm\"><strong data-start=\"1315\" data-end=\"1334\">Katon kaltevuus<\/strong><\/td>\n<td data-start=\"1335\" data-end=\"1342\" data-col-size=\"md\">12\u00b0<\/td>\n<\/tr>\n<tr data-start=\"1343\" data-end=\"1397\">\n<td data-start=\"1343\" data-end=\"1364\" data-col-size=\"sm\"><strong data-start=\"1345\" data-end=\"1363\">Katon ulkonema<\/strong><\/td>\n<td data-start=\"1364\" data-end=\"1397\" data-col-size=\"md\">Etu\/taka: 30 cm; sivut: 20 cm<\/td>\n<\/tr>\n<tr data-start=\"1398\" data-end=\"1444\">\n<td data-start=\"1398\" data-end=\"1415\" data-col-size=\"sm\"><strong data-start=\"1400\" data-end=\"1414\">Bitumikate<\/strong><\/td>\n<td data-start=\"1415\" data-end=\"1444\" data-col-size=\"md\">Saatavilla lis\u00e4varusteena<\/td>\n<\/tr>\n<tr data-start=\"1445\" data-end=\"1516\">\n<td data-start=\"1445\" data-end=\"1469\" data-col-size=\"sm\"><strong data-start=\"1447\" data-end=\"1468\">Lattia \/ perustus<\/strong><\/td>\n<td data-start=\"1469\" data-end=\"1516\" data-col-size=\"md\">40\u201350 mm puuperuspalkit (vain seinien alla)<\/td>\n<\/tr>\n<tr data-start=\"1517\" data-end=\"1555\">\n<td data-start=\"1517\" data-end=\"1535\" data-col-size=\"sm\"><strong data-start=\"1519\" data-end=\"1534\">Ovi (L \u00d7 K)<\/strong><\/td>\n<td data-start=\"1535\" data-end=\"1555\" data-col-size=\"md\">1 \u00d7 161 \u00d7 192 cm<\/td>\n<\/tr>\n<tr data-start=\"1556\" data-end=\"1597\">\n<td data-start=\"1556\" data-end=\"1577\" data-col-size=\"sm\"><strong data-start=\"1558\" data-end=\"1576\">Ikkuna (L \u00d7 K)<\/strong><\/td>\n<td data-start=\"1577\" data-end=\"1597\" data-col-size=\"md\">1 \u00d7 138 \u00d7 105 cm<\/td>\n<\/tr>\n<tr data-start=\"1598\" data-end=\"1660\">\n<td data-start=\"1598\" data-end=\"1618\" data-col-size=\"sm\"><strong data-start=\"1600\" data-end=\"1617\">Tilojen m\u00e4\u00e4r\u00e4<\/strong><\/td>\n<td data-start=\"1618\" data-end=\"1660\" data-col-size=\"md\">2 (8,25 m\u00b2 huone + 18,75 m\u00b2 autokatos)<\/td>\n<\/tr>\n<\/tbody>\n<\/table>\n<\/div>\n<\/div>\n<p>&nbsp;<\/p>\n<p>&nbsp;<\/p>\n<p><strong>Kuljetustiedot:<\/strong><\/p>\n<p>Paino: 1800 kg<br \/>\nMitat: 600 \u00d7 120 \u00d7 90 cm<\/p>\n<p>&nbsp;<\/p>\n<p>&nbsp;<\/p>\n<p><strong>Lis\u00e4ksi saatavilla:<\/strong><\/p>\n<p>Palahuopakatto (musta, vihre\u00e4, punainen)<\/p>\n<p><img loading=\"lazy\" decoding=\"async\" class=\"alignnone wp-image-93081\" src=\"https:\/\/factory.sale\/wp-content\/uploads\/2024\/11\/katuse-varvid-factory.sale_-300x92.png\" alt=\"\" width=\"401\" height=\"123\" srcset=\"https:\/\/factory.sale\/wp-content\/uploads\/2024\/11\/katuse-varvid-factory.sale_-300x92.png 300w, https:\/\/factory.sale\/wp-content\/uploads\/2024\/11\/katuse-varvid-factory.sale_-150x46.png 150w, https:\/\/factory.sale\/wp-content\/uploads\/2024\/11\/katuse-varvid-factory.sale_-600x185.png 600w, https:\/\/factory.sale\/wp-content\/uploads\/2024\/11\/katuse-varvid-factory.sale_.png 636w\" sizes=\"auto, (max-width: 401px) 100vw, 401px\" \/><\/p>\n<p>&nbsp;<\/p>\n<p><strong>Puulattia vajassa (18\u201319 mm lattialaudat ja aluslattian tuet) 242,65 \u20ac + ALV<\/strong><\/p>\n<p>&nbsp;<\/p>\n<div class=\"video-wrapper \"><iframe loading=\"lazy\" title=\"How To Build a Log Cabin | Assembly Instructions\" width=\"500\" height=\"281\" src=\"https:\/\/www.youtube.com\/embed\/k9kK04ZBp0o?feature=oembed\" frameborder=\"0\" allow=\"accelerometer; autoplay; clipboard-write; encrypted-media; gyroscope; picture-in-picture; web-share\" referrerpolicy=\"strict-origin-when-cross-origin\" allowfullscreen><\/iframe><\/div>\n<div class=\"video-wrapper \"><iframe loading=\"lazy\" title=\"Hoe monteer je dakshingles voor zadeldaken?\" width=\"500\" height=\"281\" src=\"https:\/\/www.youtube.com\/embed\/9S4j3SFXrjM?feature=oembed\" frameborder=\"0\" allow=\"accelerometer; autoplay; clipboard-write; encrypted-media; gyroscope; picture-in-picture; web-share\" referrerpolicy=\"strict-origin-when-cross-origin\" allowfullscreen><\/iframe><\/div>\n","protected":false},"excerpt":{"rendered":"<p>Autosi autokatos aitalla on hyv\u00e4 koe k\u00e4yt\u00e4nn\u00f6lliselle ihmiselle. Klassinen autokatos puuvajalla \u2013 sellaisia \u200b\u200btuotteita ei meill\u00e4 paljon ole, joten voit k\u00e4ytt\u00e4\u00e4 tilaisuutta hyv\u00e4ksesi ostaaksesi todella hyv\u00e4n vaihtoehdon. Pystyt helposti pys\u00e4k\u00f6im\u00e4\u00e4n kaksi autoa edest\u00e4 tai takaa. M\u00f6kiss\u00e4, jossa on yhdistett\u00e4v\u00e4 aita, voit s\u00e4ilytt\u00e4\u00e4 tavaroita, joilla ei ole tilaa talossa. T\u00e4\u00e4lt\u00e4 l\u00f6yd\u00e4t paikkasi autonrenkaat, jouset, puutarhaty\u00f6kalut tai muut kodin s\u00e4ilytykseen sopimattomat tavarat. Takaamme, ett\u00e4 t\u00e4m\u00e4 autokatos aitaineen koristaa aluettasi.<\/p>\n","protected":false},"featured_media":140862,"comment_status":"open","ping_status":"closed","template":"","meta":{"_acf_changed":false},"factory":[],"free-shipment":[],"product_brand":[],"product_cat":[1339,997],"product_tag":[1487,1488,1489],"class_list":{"0":"post-93140","1":"product","2":"type-product","3":"status-publish","4":"has-post-thumbnail","6":"product_cat-autokatokset","7":"product_cat-piha-puutarha-fi","8":"product_tag-carport-fi","9":"product_tag-garden-fi","10":"product_tag-yard-fi","11":"pa_roofing-material-ilman","12":"pa_roofing-material-musta","13":"pa_roofing-material-punainen","14":"pa_roofing-material-vihrea","16":"first","17":"instock","18":"sale","19":"taxable","20":"shipping-taxable","21":"purchasable","22":"product-type-variable"},"acf":[],"_links":{"self":[{"href":"https:\/\/factory.sale\/fi\/wp-json\/wp\/v2\/product\/93140","targetHints":{"allow":["GET"]}}],"collection":[{"href":"https:\/\/factory.sale\/fi\/wp-json\/wp\/v2\/product"}],"about":[{"href":"https:\/\/factory.sale\/fi\/wp-json\/wp\/v2\/types\/product"}],"replies":[{"embeddable":true,"href":"https:\/\/factory.sale\/fi\/wp-json\/wp\/v2\/comments?post=93140"}],"wp:featuredmedia":[{"embeddable":true,"href":"https:\/\/factory.sale\/fi\/wp-json\/wp\/v2\/media\/140862"}],"wp:attachment":[{"href":"https:\/\/factory.sale\/fi\/wp-json\/wp\/v2\/media?parent=93140"}],"wp:term":[{"taxonomy":"factory","embeddable":true,"href":"https:\/\/factory.sale\/fi\/wp-json\/wp\/v2\/factory?post=93140"},{"taxonomy":"free-shipment","embeddable":true,"href":"https:\/\/factory.sale\/fi\/wp-json\/wp\/v2\/free-shipment?post=93140"},{"taxonomy":"product_brand","embeddable":true,"href":"https:\/\/factory.sale\/fi\/wp-json\/wp\/v2\/product_brand?post=93140"},{"taxonomy":"product_cat","embeddable":true,"href":"https:\/\/factory.sale\/fi\/wp-json\/wp\/v2\/product_cat?post=93140"},{"taxonomy":"product_tag","embeddable":true,"href":"https:\/\/factory.sale\/fi\/wp-json\/wp\/v2\/product_tag?post=93140"}],"curies":[{"name":"wp","href":"https:\/\/api.w.org\/{rel}","templated":true}]}}