{"id":93117,"date":"2024-11-01T13:41:27","date_gmt":"2024-11-01T10:50:01","guid":{"rendered":"https:\/\/factory.sale\/?post_type=product&#038;p=93117"},"modified":"2025-10-07T11:36:57","modified_gmt":"2025-10-07T08:36:57","slug":"autokatos-36-m%c2%b2","status":"publish","type":"product","link":"https:\/\/factory.sale\/fi\/tuote\/autokatos-36-m%c2%b2\/","title":{"rendered":"Autokatos 36 m\u00b2"},"content":{"rendered":"<p>Jos etsit luotettavaa ja luotettavaa suojaa autollesi, \u00e4l\u00e4 etsi kauempaa kuin meid\u00e4n 36m2 autokatos.<\/p>\n<p>T\u00e4m\u00e4 autokatos on tarpeeksi tilava kahdelle autolle, joten se sopii ihanteellisesti perheille tai autoharrastajille. Se on my\u00f6s valmistettu korkealaatuisista materiaaleista, jotka kest\u00e4v\u00e4t kaikki Pohjoismaan s\u00e4\u00e4olosuhteet.<\/p>\n<p>&nbsp;<\/p>\n<p>&nbsp;<\/p>\n<p><strong>Tekniset tiedot:<\/strong><\/p>\n<ul>\n<li>Mitat (Leveys x Pituus): 5950 x 5950 mm<\/li>\n<li>Lattian pinta-ala: 35,4 m\u00b2<\/li>\n<li>Autokatoksen pystypylv\u00e4\u00e4t: 12 x 13 cm, 8 kpl<\/li>\n<li>Kokonaiskorkeus: 2920 mm \u2013 antaa avaran ja tilavan vaikutelman<\/li>\n<li>Kattomateriaali: 18\u201320 mm paksut puulankut \u2013 kest\u00e4v\u00e4t ja helposti huollettavat<\/li>\n<li>Katon ulkonema: 30 cm \u2013 tarjoaa lis\u00e4suojaa sateelta ja lumelta<\/li>\n<li>Katon pinta-ala \/ Kallistus: 42 m\u00b2 \/ 13\u00b0 \u2013 antaa harmonisen ja tyylikk\u00e4\u00e4n ulkon\u00e4\u00f6n<\/li>\n<\/ul>\n<p>&nbsp;<\/p>\n<p>&nbsp;<\/p>\n<p><strong>Lis\u00e4ksi saatavilla:<\/strong><\/p>\n<p>Palahuopakatto\u00a0 (musta, vihre\u00e4, punainen)<\/p>\n<p>Sadeputket<\/p>\n<p><img loading=\"lazy\" decoding=\"async\" class=\"alignnone wp-image-93081\" src=\"https:\/\/factory.sale\/wp-content\/uploads\/2024\/11\/katuse-varvid-factory.sale_-300x92.png\" alt=\"\" width=\"388\" height=\"119\" srcset=\"https:\/\/factory.sale\/wp-content\/uploads\/2024\/11\/katuse-varvid-factory.sale_-300x92.png 300w, https:\/\/factory.sale\/wp-content\/uploads\/2024\/11\/katuse-varvid-factory.sale_-150x46.png 150w, https:\/\/factory.sale\/wp-content\/uploads\/2024\/11\/katuse-varvid-factory.sale_-600x185.png 600w, https:\/\/factory.sale\/wp-content\/uploads\/2024\/11\/katuse-varvid-factory.sale_.png 636w\" sizes=\"auto, (max-width: 388px) 100vw, 388px\" \/><\/p>\n<p>&nbsp;<\/p>\n<p>&nbsp;<\/p>\n<p>&nbsp;<\/p>\n<p><a href=\"https:\/\/factory.sale\/wp-content\/uploads\/2024\/11\/Carport-5.95x5.95m-44mm-2.pdf\" target=\"_blank\" rel=\"noopener\">Piirustuksia PDF<\/a><\/p>\n<p>&nbsp;<\/p>\n<div class=\"video-wrapper \"><iframe loading=\"lazy\" title=\"Hoe monteer je dakshingles voor zadeldaken?\" width=\"500\" height=\"281\" src=\"https:\/\/www.youtube.com\/embed\/9S4j3SFXrjM?feature=oembed\" frameborder=\"0\" allow=\"accelerometer; autoplay; clipboard-write; encrypted-media; gyroscope; picture-in-picture; web-share\" referrerpolicy=\"strict-origin-when-cross-origin\" allowfullscreen><\/iframe><\/div>\n","protected":false},"excerpt":{"rendered":"<p>Jos etsit luotettavaa ja houkuttelevaa suojaa autollesi, \u00e4l\u00e4 etsi kauempaa kuin meid\u00e4n autokatos. T\u00e4m\u00e4 autokatos on tarpeeksi tilava kahdelle autolle, joten se sopii ihanteellisesti perheille tai autoharrastajille. Se on my\u00f6s valmistettu korkealaatuisista materiaaleista, jotka kest\u00e4v\u00e4t kaikki s\u00e4\u00e4olosuhteet<\/p>\n","protected":false},"featured_media":93104,"comment_status":"open","ping_status":"closed","template":"","meta":{"_acf_changed":false},"factory":[],"free-shipment":[],"product_brand":[],"product_cat":[1339,997],"product_tag":[1488,1489],"class_list":{"0":"post-93117","1":"product","2":"type-product","3":"status-publish","4":"has-post-thumbnail","6":"product_cat-autokatokset","7":"product_cat-piha-puutarha-fi","8":"product_tag-garden-fi","9":"product_tag-yard-fi","11":"first","12":"instock","13":"sale","14":"taxable","15":"shipping-taxable","16":"purchasable","17":"product-type-simple"},"acf":[],"_links":{"self":[{"href":"https:\/\/factory.sale\/fi\/wp-json\/wp\/v2\/product\/93117","targetHints":{"allow":["GET"]}}],"collection":[{"href":"https:\/\/factory.sale\/fi\/wp-json\/wp\/v2\/product"}],"about":[{"href":"https:\/\/factory.sale\/fi\/wp-json\/wp\/v2\/types\/product"}],"replies":[{"embeddable":true,"href":"https:\/\/factory.sale\/fi\/wp-json\/wp\/v2\/comments?post=93117"}],"wp:featuredmedia":[{"embeddable":true,"href":"https:\/\/factory.sale\/fi\/wp-json\/wp\/v2\/media\/93104"}],"wp:attachment":[{"href":"https:\/\/factory.sale\/fi\/wp-json\/wp\/v2\/media?parent=93117"}],"wp:term":[{"taxonomy":"factory","embeddable":true,"href":"https:\/\/factory.sale\/fi\/wp-json\/wp\/v2\/factory?post=93117"},{"taxonomy":"free-shipment","embeddable":true,"href":"https:\/\/factory.sale\/fi\/wp-json\/wp\/v2\/free-shipment?post=93117"},{"taxonomy":"product_brand","embeddable":true,"href":"https:\/\/factory.sale\/fi\/wp-json\/wp\/v2\/product_brand?post=93117"},{"taxonomy":"product_cat","embeddable":true,"href":"https:\/\/factory.sale\/fi\/wp-json\/wp\/v2\/product_cat?post=93117"},{"taxonomy":"product_tag","embeddable":true,"href":"https:\/\/factory.sale\/fi\/wp-json\/wp\/v2\/product_tag?post=93117"}],"curies":[{"name":"wp","href":"https:\/\/api.w.org\/{rel}","templated":true}]}}