{"id":93098,"date":"2024-11-01T13:25:52","date_gmt":"2024-11-01T10:29:17","guid":{"rendered":"https:\/\/factory.sale\/?post_type=product&#038;p=93098"},"modified":"2024-11-19T20:32:59","modified_gmt":"2024-11-19T17:32:59","slug":"klassinen-kaksinkertainen-autokatos-6m-x-6m","status":"publish","type":"product","link":"https:\/\/factory.sale\/fi\/tuote\/klassinen-kaksinkertainen-autokatos-6m-x-6m\/","title":{"rendered":"Klassinen kaksinkertainen autokatos 6m x 6m"},"content":{"rendered":"<p>Carport Classic on osa uutta valikoimaamme ja se voidaan mukauttaa kaikkiin autotallimalleihin. P\u00e4\u00e4set nyt paremmin k\u00e4siksi autoosi, koska suojilla ei ole seini\u00e4. T\u00e4m\u00e4 on minimaalinen suoja auringolta, lumelta tai sateelta.<\/p>\n<p>Tuotteidemme kokoaminen on riitt\u00e4v\u00e4n helppoa, kuka tahansa voi tehd\u00e4 sen. Asennusohjeet on suunniteltu huolellisesti, jotta jokainen kokoonpanon vaihe on helpompi ymm\u00e4rt\u00e4\u00e4 selke\u00e4sti ja jokainen osa on numeroitu ilman ongelmia.<\/p>\n<p>Yleens\u00e4 sivusein\u00e4mien korkeus on 221 cm ja harjanne 292 cm. Korkeutta voidaan pienent\u00e4\u00e4 tai lis\u00e4t\u00e4 asiakkaan pyynn\u00f6st\u00e4 ja toiveiden mukaan.<\/p>\n<p>&nbsp;<\/p>\n<p>&nbsp;<\/p>\n<p><strong>Tekniset tiedot:<\/strong><\/p>\n<ul>\n<li>Materiaali Sertifioitu pohjoinen m\u00e4nty tai kuusi<\/li>\n<li>Ulkomitta (leveys x pituus) 595 cm x 595 cm<\/li>\n<li>Sis\u00e4mitta (leveys x pituus) 558 cm x 558 cm<\/li>\n<li>Huoneen numero 1<\/li>\n<li>Sivusein\u00e4n korkeus 223 cm<\/li>\n<li>Harjan korkeus 290,5 cm<\/li>\n<li>Kattomateriaalit 19 mm \u2013 20 mm ponttilevyt<\/li>\n<li>Katon ulkonema 20 cm<\/li>\n<li>Katon pinta-ala \/ Katon kaltevuus 41,5 m\u00b2 \/ 22\u00b0<\/li>\n<\/ul>\n<p>&nbsp;<\/p>\n<p>&nbsp;<\/p>\n<p><strong>Lis\u00e4ksi saatavilla:<\/strong><\/p>\n<p>Bitumipaanu: musta, vihre\u00e4, punainen<\/p>\n<p><img loading=\"lazy\" decoding=\"async\" class=\"alignnone wp-image-93081\" src=\"https:\/\/factory.sale\/wp-content\/uploads\/2024\/11\/katuse-varvid-factory.sale_-300x92.png\" alt=\"\" width=\"405\" height=\"124\" srcset=\"https:\/\/factory.sale\/wp-content\/uploads\/2024\/11\/katuse-varvid-factory.sale_-300x92.png 300w, https:\/\/factory.sale\/wp-content\/uploads\/2024\/11\/katuse-varvid-factory.sale_-150x46.png 150w, https:\/\/factory.sale\/wp-content\/uploads\/2024\/11\/katuse-varvid-factory.sale_-600x185.png 600w, https:\/\/factory.sale\/wp-content\/uploads\/2024\/11\/katuse-varvid-factory.sale_.png 636w\" sizes=\"auto, (max-width: 405px) 100vw, 405px\" \/><\/p>\n<p>&nbsp;<\/p>\n<p>Rahti:<\/p>\n<p>600 x 120 x 35cm<\/p>\n<p>753kg<\/p>\n<div dir=\"ltr\">\n<div dir=\"ltr\">\n<div><\/div>\n<div><\/div>\n<div class=\"gmail_quote\"><div class=\"video-wrapper \"><iframe loading=\"lazy\" title=\"How To Build a Log Cabin | Assembly Instructions\" width=\"500\" height=\"281\" src=\"https:\/\/www.youtube.com\/embed\/k9kK04ZBp0o?feature=oembed\" frameborder=\"0\" allow=\"accelerometer; autoplay; clipboard-write; encrypted-media; gyroscope; picture-in-picture; web-share\" referrerpolicy=\"strict-origin-when-cross-origin\" allowfullscreen><\/iframe><\/div><\/div>\n<\/div>\n<\/div>\n<div class=\"video-wrapper \"><iframe loading=\"lazy\" title=\"Hoe monteer je dakshingles voor zadeldaken?\" width=\"500\" height=\"281\" src=\"https:\/\/www.youtube.com\/embed\/9S4j3SFXrjM?feature=oembed\" frameborder=\"0\" allow=\"accelerometer; autoplay; clipboard-write; encrypted-media; gyroscope; picture-in-picture; web-share\" referrerpolicy=\"strict-origin-when-cross-origin\" allowfullscreen><\/iframe><\/div>\n<p>&nbsp;<\/p>\n<p>&nbsp;<\/p>\n<p><a href=\"https:\/\/factory.sale\/wp-content\/uploads\/2024\/11\/Carport-5.95x5.95m-44mm-2.pdf\" target=\"_blank\" rel=\"noopener\">Piirustuksia PDF\u00a0<\/a><\/p>\n","protected":false},"excerpt":{"rendered":"<p>Carport Classic on osa uutta valikoimaamme ja se voidaan mukauttaa kaikkiin autotallimalleihin. P\u00e4\u00e4set nyt paremmin k\u00e4siksi autoosi, koska suojilla ei ole seini\u00e4. T\u00e4m\u00e4 on minimaalinen suoja auringolta, lumelta tai sateelta.<\/p>\n","protected":false},"featured_media":93086,"comment_status":"open","ping_status":"closed","template":"","meta":{"_acf_changed":false},"factory":[],"free-shipment":[],"product_brand":[],"product_cat":[1339,997],"product_tag":[1488,1489],"class_list":{"0":"post-93098","1":"product","2":"type-product","3":"status-publish","4":"has-post-thumbnail","6":"product_cat-autokatokset","7":"product_cat-piha-puutarha-fi","8":"product_tag-garden-fi","9":"product_tag-yard-fi","11":"first","12":"instock","13":"sale","14":"taxable","15":"shipping-taxable","16":"purchasable","17":"product-type-simple"},"acf":[],"_links":{"self":[{"href":"https:\/\/factory.sale\/fi\/wp-json\/wp\/v2\/product\/93098","targetHints":{"allow":["GET"]}}],"collection":[{"href":"https:\/\/factory.sale\/fi\/wp-json\/wp\/v2\/product"}],"about":[{"href":"https:\/\/factory.sale\/fi\/wp-json\/wp\/v2\/types\/product"}],"replies":[{"embeddable":true,"href":"https:\/\/factory.sale\/fi\/wp-json\/wp\/v2\/comments?post=93098"}],"wp:featuredmedia":[{"embeddable":true,"href":"https:\/\/factory.sale\/fi\/wp-json\/wp\/v2\/media\/93086"}],"wp:attachment":[{"href":"https:\/\/factory.sale\/fi\/wp-json\/wp\/v2\/media?parent=93098"}],"wp:term":[{"taxonomy":"factory","embeddable":true,"href":"https:\/\/factory.sale\/fi\/wp-json\/wp\/v2\/factory?post=93098"},{"taxonomy":"free-shipment","embeddable":true,"href":"https:\/\/factory.sale\/fi\/wp-json\/wp\/v2\/free-shipment?post=93098"},{"taxonomy":"product_brand","embeddable":true,"href":"https:\/\/factory.sale\/fi\/wp-json\/wp\/v2\/product_brand?post=93098"},{"taxonomy":"product_cat","embeddable":true,"href":"https:\/\/factory.sale\/fi\/wp-json\/wp\/v2\/product_cat?post=93098"},{"taxonomy":"product_tag","embeddable":true,"href":"https:\/\/factory.sale\/fi\/wp-json\/wp\/v2\/product_tag?post=93098"}],"curies":[{"name":"wp","href":"https:\/\/api.w.org\/{rel}","templated":true}]}}