{"id":93074,"date":"2024-11-01T12:50:48","date_gmt":"2024-11-01T10:03:02","guid":{"rendered":"https:\/\/factory.sale\/?post_type=product&#038;p=93074"},"modified":"2025-03-06T11:12:51","modified_gmt":"2025-03-06T08:12:51","slug":"autokatos-hercules-6-m-x-5-m","status":"publish","type":"product","link":"https:\/\/factory.sale\/fi\/tuote\/autokatos-hercules-6-m-x-5-m\/","title":{"rendered":"Autokatos Hercules (6 m x 5 m)"},"content":{"rendered":"<p>Vahva autokatos Hercules edustaa muutakin kuin pelkk\u00e4 autokatos; Se on sijoitus sek\u00e4 kiinteist\u00f6si esteettiseen ilmeeseen ett\u00e4 sen k\u00e4yt\u00e4nn\u00f6n arvoon. Lis\u00e4ksi t\u00e4m\u00e4 kaksinkertainen autokatos on suunniteltu sek\u00e4 kest\u00e4vyytt\u00e4 ett\u00e4 eleganssia ajatellen, joten se on ihanteellinen lis\u00e4 jokaiseen kotiin, joka haluaa lis\u00e4t\u00e4 arvoaan ja samalla suojata ajoneuvoja s\u00e4\u00e4olosuhteilta. Sijoita sen sijaan vahvaan autokatospaikkaan ja koe suojatun ja esteett\u00f6m\u00e4n autokatoksen vapaus ymp\u00e4ri vuoden!<\/p>\n<p>Lis\u00e4ksi tarjoamme standardoitujen mittojen lis\u00e4ksi my\u00f6s standardoimattomia kokoja Herculesista asiakkaan toiveiden mukaan. N\u00e4in ollen t\u00e4m\u00e4 varmistaa, ett\u00e4 saat autokatoksen, joka sopii juuri sinun tarpeisiisi ja mieltymyksiisi alue- tai suunnitteluvaatimuksista riippumatta. Tilaa siis autokatos jo t\u00e4n\u00e4\u00e4n ja nauti eduista!<\/p>\n<p>&nbsp;<\/p>\n<p>&nbsp;<\/p>\n<p><strong>Tekniset tiedot:<\/strong><\/p>\n<ul>\n<li>Rakennusmateriaali: Sertifioitu luonnon pohjoismainen m\u00e4nty<\/li>\n<li>Ulkomitat: 600 x 500 cm<\/li>\n<li>Harjan korkeus: 292 cm<\/li>\n<li>Katto: 18-20 mm kattolaudat<\/li>\n<li>Sis\u00e4\u00e4ntulokorkeus: 200 cm<\/li>\n<li>Autokatostuen mitat: 18\u00d718 cm, 6 kpl<\/li>\n<li>Katon pinta-ala: 43 m\u00b2<\/li>\n<li>Bitumikatto: Kattop\u00e4\u00e4llyste on saatavana lis\u00e4varusteena lis\u00e4hintaan<\/li>\n<li>Katon ulkonema: 20 cm<\/li>\n<li>Katon kaltevuus: 12\u00b0<\/li>\n<\/ul>\n<p>&nbsp;<\/p>\n<p>&nbsp;<\/p>\n<p><strong>Lis\u00e4ksi saatavilla:<\/strong><\/p>\n<p>Bitumikatto<\/p>\n<p>&nbsp;<\/p>\n<p>&nbsp;<\/p>\n<div class=\"video-wrapper \"><iframe loading=\"lazy\" title=\"Hoe monteer je dakshingles voor zadeldaken?\" width=\"500\" height=\"281\" src=\"https:\/\/www.youtube.com\/embed\/9S4j3SFXrjM?feature=oembed\" frameborder=\"0\" allow=\"accelerometer; autoplay; clipboard-write; encrypted-media; gyroscope; picture-in-picture; web-share\" referrerpolicy=\"strict-origin-when-cross-origin\" allowfullscreen><\/iframe><\/div>\n","protected":false},"excerpt":{"rendered":"<p>Vahva autokatos Hercules edustaa muutakin kuin pelkk\u00e4 autokatos; Se on sijoitus sek\u00e4 kiinteist\u00f6si esteettiseen ilmeeseen ett\u00e4 sen k\u00e4yt\u00e4nn\u00f6n arvoon. Lis\u00e4ksi t\u00e4m\u00e4 kaksinkertainen autokatos on suunniteltu sek\u00e4 kest\u00e4vyytt\u00e4 ett\u00e4 eleganssia ajatellen, joten se on ihanteellinen lis\u00e4 jokaiseen kotiin, joka haluaa lis\u00e4t\u00e4 arvoaan ja samalla suojata ajoneuvoja s\u00e4\u00e4olosuhteilta. Sijoita sen sijaan vahvaan autokatospaikkaan ja koe suojatun ja esteett\u00f6m\u00e4n autokatoksen vapaus ymp\u00e4ri vuoden!<\/p>\n","protected":false},"featured_media":93048,"comment_status":"open","ping_status":"closed","template":"","meta":{"_acf_changed":false},"factory":[],"free-shipment":[],"product_brand":[],"product_cat":[1339,997],"product_tag":[],"class_list":{"0":"post-93074","1":"product","2":"type-product","3":"status-publish","4":"has-post-thumbnail","6":"product_cat-autokatokset","7":"product_cat-piha-puutarha-fi","9":"first","10":"instock","11":"sale","12":"taxable","13":"shipping-taxable","14":"purchasable","15":"product-type-simple"},"acf":[],"_links":{"self":[{"href":"https:\/\/factory.sale\/fi\/wp-json\/wp\/v2\/product\/93074","targetHints":{"allow":["GET"]}}],"collection":[{"href":"https:\/\/factory.sale\/fi\/wp-json\/wp\/v2\/product"}],"about":[{"href":"https:\/\/factory.sale\/fi\/wp-json\/wp\/v2\/types\/product"}],"replies":[{"embeddable":true,"href":"https:\/\/factory.sale\/fi\/wp-json\/wp\/v2\/comments?post=93074"}],"wp:featuredmedia":[{"embeddable":true,"href":"https:\/\/factory.sale\/fi\/wp-json\/wp\/v2\/media\/93048"}],"wp:attachment":[{"href":"https:\/\/factory.sale\/fi\/wp-json\/wp\/v2\/media?parent=93074"}],"wp:term":[{"taxonomy":"factory","embeddable":true,"href":"https:\/\/factory.sale\/fi\/wp-json\/wp\/v2\/factory?post=93074"},{"taxonomy":"free-shipment","embeddable":true,"href":"https:\/\/factory.sale\/fi\/wp-json\/wp\/v2\/free-shipment?post=93074"},{"taxonomy":"product_brand","embeddable":true,"href":"https:\/\/factory.sale\/fi\/wp-json\/wp\/v2\/product_brand?post=93074"},{"taxonomy":"product_cat","embeddable":true,"href":"https:\/\/factory.sale\/fi\/wp-json\/wp\/v2\/product_cat?post=93074"},{"taxonomy":"product_tag","embeddable":true,"href":"https:\/\/factory.sale\/fi\/wp-json\/wp\/v2\/product_tag?post=93074"}],"curies":[{"name":"wp","href":"https:\/\/api.w.org\/{rel}","templated":true}]}}