{"id":92999,"date":"2024-11-01T00:01:58","date_gmt":"2024-10-31T21:09:51","guid":{"rendered":"https:\/\/factory.sale\/?post_type=product&#038;p=92999"},"modified":"2024-11-01T04:01:12","modified_gmt":"2024-11-01T01:01:12","slug":"klassinen-puinen-autokatos-3m-x-6m","status":"publish","type":"product","link":"https:\/\/factory.sale\/fi\/tuote\/klassinen-puinen-autokatos-3m-x-6m\/","title":{"rendered":"Klassinen puinen autokatos 3m x 6m"},"content":{"rendered":"<p>Carport Classic on osa uutta mallistoa ja se voidaan sovittaa kaikkiin autotallimalleihin. P\u00e4\u00e4set nyt paremmin k\u00e4siksi autoosi, koska suojilla ei ole seini\u00e4. T\u00e4m\u00e4 on minimaalinen suoja auringolta, lumelta tai sateelta.<\/p>\n<p>Tuotteidemme kokoaminen on riitt\u00e4v\u00e4n helppoa, kuka tahansa voi tehd\u00e4 sen. Asennusohjeet on suunniteltu huolellisesti, jotta jokainen kokoonpanon vaihe on helpompi ymm\u00e4rt\u00e4\u00e4 selke\u00e4sti ja jokainen osa on numeroitu ilman ongelmia.<\/p>\n<p>Yleens\u00e4 sivusein\u00e4mien korkeus on 209 cm ja harjanne 249 cm. Korkeutta voidaan pienent\u00e4\u00e4 tai lis\u00e4t\u00e4 asiakkaan pyynn\u00f6st\u00e4 ja toiveiden mukaan.<\/p>\n<p>&nbsp;<\/p>\n<p>&nbsp;<\/p>\n<p><strong>Tekniset tiedot:<\/strong><\/p>\n<ul>\n<li>SKU: ECA-CARPORT-3&#215;6-C<\/li>\n<li>Materiaali Sertifioitu pohjoinen m\u00e4nty tai kuusi<\/li>\n<li>Ulkomitta (leveys x pituus) 300 cm x 600 cm<\/li>\n<li>Sis\u00e4mitta (leveys x pituus) 271 cm x 571 cm<\/li>\n<li>Huoneen numero 1<\/li>\n<li>Sivusein\u00e4n korkeus 209 cm<\/li>\n<li>Harjan korkeus 249 cm<\/li>\n<li>Kattomateriaalit 19 mm \u2013 20 mm ponttilevyt<\/li>\n<li>Katon ulkonema 18 cm<\/li>\n<li>Katon pinta-ala \/ Katon kaltevuus 20,5m\u00b2 \/ 22\u00b0<\/li>\n<\/ul>\n<p>&nbsp;<\/p>\n<p>&nbsp;<\/p>\n<div class=\"video-wrapper \"><iframe loading=\"lazy\" title=\"How To Build a Log Cabin | Assembly Instructions\" width=\"500\" height=\"281\" src=\"https:\/\/www.youtube.com\/embed\/k9kK04ZBp0o?feature=oembed\" frameborder=\"0\" allow=\"accelerometer; autoplay; clipboard-write; encrypted-media; gyroscope; picture-in-picture; web-share\" referrerpolicy=\"strict-origin-when-cross-origin\" allowfullscreen><\/iframe><\/div>\n<div class=\"video-wrapper \"><iframe loading=\"lazy\" title=\"Hoe monteer je dakshingles voor zadeldaken?\" width=\"500\" height=\"281\" src=\"https:\/\/www.youtube.com\/embed\/9S4j3SFXrjM?feature=oembed\" frameborder=\"0\" allow=\"accelerometer; autoplay; clipboard-write; encrypted-media; gyroscope; picture-in-picture; web-share\" referrerpolicy=\"strict-origin-when-cross-origin\" allowfullscreen><\/iframe><\/div>\n","protected":false},"excerpt":{"rendered":"<p>Carport Classic on osa uutta mallistoa ja se voidaan sovittaa kaikkiin autotallimalleihin. P\u00e4\u00e4set nyt paremmin k\u00e4siksi autoosi, koska suojilla ei ole seini\u00e4. T\u00e4m\u00e4 on minimaalinen suoja auringolta, lumelta tai sateelta.<\/p>\n","protected":false},"featured_media":92983,"comment_status":"open","ping_status":"closed","template":"","meta":{"_acf_changed":false},"factory":[],"free-shipment":[],"product_brand":[],"product_cat":[1339,997],"product_tag":[1487,1488,1489],"class_list":{"0":"post-92999","1":"product","2":"type-product","3":"status-publish","4":"has-post-thumbnail","6":"product_cat-autokatokset","7":"product_cat-piha-puutarha-fi","8":"product_tag-carport-fi","9":"product_tag-garden-fi","10":"product_tag-yard-fi","12":"first","13":"instock","14":"sale","15":"taxable","16":"shipping-taxable","17":"purchasable","18":"product-type-simple"},"acf":[],"_links":{"self":[{"href":"https:\/\/factory.sale\/fi\/wp-json\/wp\/v2\/product\/92999","targetHints":{"allow":["GET"]}}],"collection":[{"href":"https:\/\/factory.sale\/fi\/wp-json\/wp\/v2\/product"}],"about":[{"href":"https:\/\/factory.sale\/fi\/wp-json\/wp\/v2\/types\/product"}],"replies":[{"embeddable":true,"href":"https:\/\/factory.sale\/fi\/wp-json\/wp\/v2\/comments?post=92999"}],"wp:featuredmedia":[{"embeddable":true,"href":"https:\/\/factory.sale\/fi\/wp-json\/wp\/v2\/media\/92983"}],"wp:attachment":[{"href":"https:\/\/factory.sale\/fi\/wp-json\/wp\/v2\/media?parent=92999"}],"wp:term":[{"taxonomy":"factory","embeddable":true,"href":"https:\/\/factory.sale\/fi\/wp-json\/wp\/v2\/factory?post=92999"},{"taxonomy":"free-shipment","embeddable":true,"href":"https:\/\/factory.sale\/fi\/wp-json\/wp\/v2\/free-shipment?post=92999"},{"taxonomy":"product_brand","embeddable":true,"href":"https:\/\/factory.sale\/fi\/wp-json\/wp\/v2\/product_brand?post=92999"},{"taxonomy":"product_cat","embeddable":true,"href":"https:\/\/factory.sale\/fi\/wp-json\/wp\/v2\/product_cat?post=92999"},{"taxonomy":"product_tag","embeddable":true,"href":"https:\/\/factory.sale\/fi\/wp-json\/wp\/v2\/product_tag?post=92999"}],"curies":[{"name":"wp","href":"https:\/\/api.w.org\/{rel}","templated":true}]}}