{"id":92931,"date":"2024-10-30T13:42:16","date_gmt":"2024-10-30T10:47:12","guid":{"rendered":"https:\/\/factory.sale\/?post_type=product&#038;p=92931"},"modified":"2024-10-30T13:47:12","modified_gmt":"2024-10-30T10:47:12","slug":"vakiosanky","status":"publish","type":"product","link":"https:\/\/factory.sale\/fi\/tuote\/vakiosanky\/","title":{"rendered":"Vakios\u00e4nky"},"content":{"rendered":"<p><strong>Tekniset tiedot:<\/strong><\/p>\n<ul>\n<li>Pituus: 200 cm<\/li>\n<li>Leveys: 80, 90, 100, 120, 140, 160, 180, 200 cm<\/li>\n<li>S\u00e4ngyn korkeus: 80\/97 cm matala\/korkea<\/li>\n<li>Jalkalaudan ja sivupaneelien korkeus: 35 cm<\/li>\n<li>V\u00e4ri: Valkoinen \/ puoliruusu \/ norsunluu \/ puolivalkoinen \/ oliivi<\/li>\n<li>P\u00e4\u00e4ty: Suora ja tukeva<\/li>\n<li>S\u00e4ngyn kiinnitys: Kiinnitetty 4 ruuvilla<\/li>\n<li>Materiaali: 100 % massiivikoivua<\/li>\n<li>Rakenne: Koostuu 4 p\u00e4\u00e4osasta, jotka on yhdistetty metallikiinnikkeill\u00e4 kest\u00e4vyyden takaamiseksi<\/li>\n<\/ul>\n<p>&nbsp;<\/p>\n<p>S\u00e4ngymme on valmistettu luonnonmukaisesta, ymp\u00e4rist\u00f6yst\u00e4v\u00e4llisest\u00e4 massiivikoivusta, joka on FSC-sertifioitu.Pienet vaihtelut koostumuksessa ja v\u00e4riss\u00e4 ovat luonnollisia, mik\u00e4 korostaa puun ainutlaatuisia ominaisuuksia. Suunniteltu erityisesti Euroopan ilmastoon kest\u00e4vyyden varmistamiseksi. Kokoaminen vaaditaan, mutta prosessi on nopea ja helppo, ja mukana on selke\u00e4t ohjeet. Viimeistelty hypoallergeenisella lakalla, joka tarjoaa pitk\u00e4kestoisen suojan. S\u00e4ngyn s\u00e4leet sis\u00e4ltyv\u00e4t hintaan ja tarjoavat erinomaisen tuen patjalle. Patjat ja muut kuvissa n\u00e4kyv\u00e4t tavarat eiv\u00e4t sis\u00e4lly hintaan.<\/p>\n","protected":false},"excerpt":{"rendered":"<p>S\u00e4ngymme on valmistettu luonnonmukaisesta, ymp\u00e4rist\u00f6yst\u00e4v\u00e4llisest\u00e4 massiivikoivusta, joka on FSC-sertifioitu.Pienet vaihtelut koostumuksessa ja v\u00e4riss\u00e4 ovat luonnollisia, mik\u00e4 korostaa puun ainutlaatuisia ominaisuuksia. Suunniteltu erityisesti Euroopan ilmastoon kest\u00e4vyyden varmistamiseksi. Kokoaminen vaaditaan, mutta prosessi on nopea ja helppo, ja mukana on selke\u00e4t ohjeet. Viimeistelty hypoallergeenisella lakalla, joka tarjoaa pitk\u00e4kestoisen suojan. S\u00e4ngyn s\u00e4leet sis\u00e4ltyv\u00e4t hintaan ja tarjoavat erinomaisen tuen patjalle. Patjat ja muut kuvissa n\u00e4kyv\u00e4t tavarat eiv\u00e4t sis\u00e4lly hintaan.<\/p>\n","protected":false},"featured_media":153754,"comment_status":"open","ping_status":"closed","template":"","meta":{"_acf_changed":false},"factory":[],"free-shipment":[],"product_brand":[],"product_cat":[1319,3105],"product_tag":[],"class_list":{"0":"post-92931","1":"product","2":"type-product","3":"status-publish","4":"has-post-thumbnail","6":"product_cat-huonekalut","7":"product_cat-sangyt","9":"first","10":"instock","11":"sale","12":"taxable","13":"shipping-taxable","14":"purchasable","15":"product-type-simple"},"acf":[],"_links":{"self":[{"href":"https:\/\/factory.sale\/fi\/wp-json\/wp\/v2\/product\/92931","targetHints":{"allow":["GET"]}}],"collection":[{"href":"https:\/\/factory.sale\/fi\/wp-json\/wp\/v2\/product"}],"about":[{"href":"https:\/\/factory.sale\/fi\/wp-json\/wp\/v2\/types\/product"}],"replies":[{"embeddable":true,"href":"https:\/\/factory.sale\/fi\/wp-json\/wp\/v2\/comments?post=92931"}],"wp:featuredmedia":[{"embeddable":true,"href":"https:\/\/factory.sale\/fi\/wp-json\/wp\/v2\/media\/153754"}],"wp:attachment":[{"href":"https:\/\/factory.sale\/fi\/wp-json\/wp\/v2\/media?parent=92931"}],"wp:term":[{"taxonomy":"factory","embeddable":true,"href":"https:\/\/factory.sale\/fi\/wp-json\/wp\/v2\/factory?post=92931"},{"taxonomy":"free-shipment","embeddable":true,"href":"https:\/\/factory.sale\/fi\/wp-json\/wp\/v2\/free-shipment?post=92931"},{"taxonomy":"product_brand","embeddable":true,"href":"https:\/\/factory.sale\/fi\/wp-json\/wp\/v2\/product_brand?post=92931"},{"taxonomy":"product_cat","embeddable":true,"href":"https:\/\/factory.sale\/fi\/wp-json\/wp\/v2\/product_cat?post=92931"},{"taxonomy":"product_tag","embeddable":true,"href":"https:\/\/factory.sale\/fi\/wp-json\/wp\/v2\/product_tag?post=92931"}],"curies":[{"name":"wp","href":"https:\/\/api.w.org\/{rel}","templated":true}]}}