{"id":92913,"date":"2024-10-30T13:34:56","date_gmt":"2024-10-30T10:38:28","guid":{"rendered":"https:\/\/factory.sale\/?post_type=product&#038;p=92913"},"modified":"2024-10-31T19:19:41","modified_gmt":"2024-10-31T16:19:41","slug":"premium-sanky-parma","status":"publish","type":"product","link":"https:\/\/factory.sale\/fi\/tuote\/premium-sanky-parma\/","title":{"rendered":"Premium-s\u00e4nky Parma"},"content":{"rendered":"<p><strong>Tekniset tiedot:<\/strong><\/p>\n<ul>\n<li>V\u00e4ri: luonnollinen, tumma, valkoinen<\/li>\n<li>Pituus: 210 cm<\/li>\n<li>Leveys: 160, 180, 200 cm<\/li>\n<li>Materiaalit: t\u00e4yspuinen saarni<\/li>\n<li>P\u00e4\u00e4dyn korkeus: 107,5\/101\/101 cm<\/li>\n<li>Jalkop\u00e4\u00e4dyn ja sivupaneelien korkeus: 38 cm<\/li>\n<li>P\u00e4\u00e4ty: tyylik\u00e4s, pehmustettu lis\u00e4mukavuuden takaamiseksi<\/li>\n<li>P\u00e4\u00e4dyn kiinnitys: kiinnitetty laadukkailla piilokiinnikkeill\u00e4<\/li>\n<li>Materiaali: 100 % t\u00e4yspuinen saarni, k\u00e4sin valittu korkealaatuisen puusyyn perusteella<\/li>\n<li>Rakenne: koostuu kuudesta osasta, jotka on yhdistetty vahvistetuilla metallikiinnikkeill\u00e4 vakauden lis\u00e4\u00e4miseksi<\/li>\n<\/ul>\n<p>&nbsp;<\/p>\n<p>&nbsp;<\/p>\n<p>Kaikki premium-s\u00e4ngyt on valmistettu korkealaatuisesta t\u00e4yssaarni-puusta, FSC-sertifioitu kest\u00e4vyys huomioiden. Luonnolliset s\u00e4vy- ja kuvioerot tekev\u00e4t jokaisesta s\u00e4ngyst\u00e4 ainutlaatuisen. S\u00e4ngyt on suunniteltu t\u00e4ydent\u00e4m\u00e4\u00e4n modernia sisustusta, ja ne tarjoavat erinomaisen kest\u00e4vyyden ja vakauden. Helppo koota ja vaatii vain v\u00e4h\u00e4n vaivaa, ohjeet sis\u00e4ltyv\u00e4t. Viimeistelty korkealaatuisella lakalla, joka tuo esiin puun luonnollisen kauneuden ja antaa pitk\u00e4kestoisen suojan. Premium-s\u00e4lepohja sis\u00e4ltyy hintaan, tarjoten parannetun tuen ja ilmankierron patjalle. Kuvat eiv\u00e4t sis\u00e4ll\u00e4 patjoja tai koriste-esineit\u00e4.<\/p>\n","protected":false},"excerpt":{"rendered":"<p>Kaikki premium-s\u00e4ngyt on valmistettu korkealaatuisesta t\u00e4yssaarni-puusta, FSC-sertifioitu kest\u00e4vyys huomioiden. Luonnolliset s\u00e4vy- ja kuvioerot tekev\u00e4t jokaisesta s\u00e4ngyst\u00e4 ainutlaatuisen. S\u00e4ngyt on suunniteltu t\u00e4ydent\u00e4m\u00e4\u00e4n modernia sisustusta, ja ne tarjoavat erinomaisen kest\u00e4vyyden ja vakauden. Helppo koota ja vaatii vain v\u00e4h\u00e4n vaivaa, ohjeet sis\u00e4ltyv\u00e4t. Viimeistelty korkealaatuisella lakalla, joka tuo esiin puun luonnollisen kauneuden ja antaa pitk\u00e4kestoisen suojan. Premium-s\u00e4lepohja sis\u00e4ltyy hintaan, tarjoten parannetun tuen ja ilmankierron patjalle. Kuvat eiv\u00e4t sis\u00e4ll\u00e4 patjoja tai koriste-esineit\u00e4.<\/p>\n","protected":false},"featured_media":92894,"comment_status":"open","ping_status":"closed","template":"","meta":{"_acf_changed":false},"factory":[],"free-shipment":[],"product_brand":[],"product_cat":[1319,3105],"product_tag":[],"class_list":{"0":"post-92913","1":"product","2":"type-product","3":"status-publish","4":"has-post-thumbnail","6":"product_cat-huonekalut","7":"product_cat-sangyt","9":"first","10":"instock","11":"sale","12":"taxable","13":"shipping-taxable","14":"purchasable","15":"product-type-simple"},"acf":[],"_links":{"self":[{"href":"https:\/\/factory.sale\/fi\/wp-json\/wp\/v2\/product\/92913","targetHints":{"allow":["GET"]}}],"collection":[{"href":"https:\/\/factory.sale\/fi\/wp-json\/wp\/v2\/product"}],"about":[{"href":"https:\/\/factory.sale\/fi\/wp-json\/wp\/v2\/types\/product"}],"replies":[{"embeddable":true,"href":"https:\/\/factory.sale\/fi\/wp-json\/wp\/v2\/comments?post=92913"}],"wp:featuredmedia":[{"embeddable":true,"href":"https:\/\/factory.sale\/fi\/wp-json\/wp\/v2\/media\/92894"}],"wp:attachment":[{"href":"https:\/\/factory.sale\/fi\/wp-json\/wp\/v2\/media?parent=92913"}],"wp:term":[{"taxonomy":"factory","embeddable":true,"href":"https:\/\/factory.sale\/fi\/wp-json\/wp\/v2\/factory?post=92913"},{"taxonomy":"free-shipment","embeddable":true,"href":"https:\/\/factory.sale\/fi\/wp-json\/wp\/v2\/free-shipment?post=92913"},{"taxonomy":"product_brand","embeddable":true,"href":"https:\/\/factory.sale\/fi\/wp-json\/wp\/v2\/product_brand?post=92913"},{"taxonomy":"product_cat","embeddable":true,"href":"https:\/\/factory.sale\/fi\/wp-json\/wp\/v2\/product_cat?post=92913"},{"taxonomy":"product_tag","embeddable":true,"href":"https:\/\/factory.sale\/fi\/wp-json\/wp\/v2\/product_tag?post=92913"}],"curies":[{"name":"wp","href":"https:\/\/api.w.org\/{rel}","templated":true}]}}