{"id":92832,"date":"2024-10-30T13:54:31","date_gmt":"2024-10-30T11:03:00","guid":{"rendered":"https:\/\/factory.sale\/?post_type=product&#038;p=92832"},"modified":"2024-10-30T19:34:18","modified_gmt":"2024-10-30T16:34:18","slug":"ensiluokkainen-bergamo-sanky","status":"publish","type":"product","link":"https:\/\/factory.sale\/fi\/tuote\/ensiluokkainen-bergamo-sanky\/","title":{"rendered":"Ensiluokkainen Bergamo-s\u00e4nky"},"content":{"rendered":"<p><strong>Tekniset tiedot:<\/strong><\/p>\n<ul>\n<li>Leveys: 160, 180, 200 cm<\/li>\n<li>Pituus: 210 cm<\/li>\n<li>Materiaalit: t\u00e4ytt\u00e4 tuhkaa<\/li>\n<li>Mallin nimi: Bergamo<\/li>\n<li>S\u00e4ngyn korkeus: 107,5\/101\/101<\/li>\n<li>Jalkalaudan ja sivupaneelien korkeus: 38 cm<\/li>\n<li>V\u00e4ri: Bianco, Classic, Dune<\/li>\n<li>P\u00e4\u00e4ty: Tyylik\u00e4s, pehmustettu lis\u00e4\u00e4 mukavuutta<\/li>\n<li>S\u00e4ngynp\u00e4\u00e4dyn kiinnitys: Varmistettu korkealuokkaisilla piilokiinnikkeill\u00e4<\/li>\n<li>Materiaali: 100 % massiivi saarnipuu, k\u00e4sin valittu ylivertaisen viljan laadun saavuttamiseksi<\/li>\n<li>Rakenne: Koostuu 6 osasta, jotka on yhdistetty vahvistetuilla metallikiinnikkeill\u00e4 vakauden parantamiseksi<\/li>\n<\/ul>\n<p>&nbsp;<\/p>\n<p>Kaikki korkealuokkaiset s\u00e4nkymme on valmistettu korkealaatuisesta massiivipuusta, FSC-sertifioitu kest\u00e4vyyden takaamiseksi.<\/p>\n<p>Pienet vaihtelut tekstuurissa ja v\u00e4riss\u00e4 ovat luonnollisia ja lis\u00e4\u00e4v\u00e4t jokaiseen kappaleeseen ainutlaatuista luonnetta<\/p>\n<p>Suunniteltu t\u00e4ydent\u00e4m\u00e4\u00e4n modernia sis\u00e4tilaa samalla kun se tarjoaa erinomaisen kest\u00e4vyyden ja vakauden<\/p>\n<p>Helppo koota pienell\u00e4 vaivalla, kaikki ohjeet mukana<\/p>\n<p>Viimeistelty ensiluokkaisella lakalla, joka korostaa puun luonnollista kauneutta ja tarjoaa samalla pitk\u00e4kestoisen suojan<\/p>\n<p>Mukana on ensiluokkaiset s\u00e4leet, jotka varmistavat paremman patjan tuen ja ilmanvaihdon<\/p>\n<p>Kuvissa n\u00e4kyv\u00e4t patjat ja koriste-esineet eiv\u00e4t sis\u00e4lly hintaan<\/p>\n","protected":false},"excerpt":{"rendered":"<p>Kaikki korkealuokkaiset s\u00e4nkymme on valmistettu korkealaatuisesta massiivipuusta, FSC-sertifioitu kest\u00e4vyyden takaamiseksi.<\/p>\n<p>Pienet vaihtelut tekstuurissa ja v\u00e4riss\u00e4 ovat luonnollisia ja lis\u00e4\u00e4v\u00e4t jokaiseen kappaleeseen ainutlaatuista luonnetta<\/p>\n<p>Suunniteltu t\u00e4ydent\u00e4m\u00e4\u00e4n modernia sis\u00e4tilaa samalla kun se tarjoaa erinomaisen kest\u00e4vyyden ja vakauden<\/p>\n<p>Helppo koota pienell\u00e4 vaivalla, kaikki ohjeet mukana<\/p>\n<p>Viimeistelty ensiluokkaisella lakalla, joka korostaa puun luonnollista kauneutta ja tarjoaa samalla pitk\u00e4kestoisen suojan<\/p>\n<p>Mukana on ensiluokkaiset s\u00e4leet, jotka varmistavat paremman patjan tuen ja ilmanvaihdon<\/p>\n<p>Kuvissa n\u00e4kyv\u00e4t patjat ja koriste-esineet eiv\u00e4t sis\u00e4lly hintaan<\/p>\n","protected":false},"featured_media":92823,"comment_status":"open","ping_status":"closed","template":"","meta":{"_acf_changed":false},"factory":[],"free-shipment":[],"product_brand":[],"product_cat":[1319,3105],"product_tag":[],"class_list":{"0":"post-92832","1":"product","2":"type-product","3":"status-publish","4":"has-post-thumbnail","6":"product_cat-huonekalut","7":"product_cat-sangyt","9":"first","10":"instock","11":"sale","12":"taxable","13":"shipping-taxable","14":"purchasable","15":"product-type-simple"},"acf":[],"_links":{"self":[{"href":"https:\/\/factory.sale\/fi\/wp-json\/wp\/v2\/product\/92832","targetHints":{"allow":["GET"]}}],"collection":[{"href":"https:\/\/factory.sale\/fi\/wp-json\/wp\/v2\/product"}],"about":[{"href":"https:\/\/factory.sale\/fi\/wp-json\/wp\/v2\/types\/product"}],"replies":[{"embeddable":true,"href":"https:\/\/factory.sale\/fi\/wp-json\/wp\/v2\/comments?post=92832"}],"wp:featuredmedia":[{"embeddable":true,"href":"https:\/\/factory.sale\/fi\/wp-json\/wp\/v2\/media\/92823"}],"wp:attachment":[{"href":"https:\/\/factory.sale\/fi\/wp-json\/wp\/v2\/media?parent=92832"}],"wp:term":[{"taxonomy":"factory","embeddable":true,"href":"https:\/\/factory.sale\/fi\/wp-json\/wp\/v2\/factory?post=92832"},{"taxonomy":"free-shipment","embeddable":true,"href":"https:\/\/factory.sale\/fi\/wp-json\/wp\/v2\/free-shipment?post=92832"},{"taxonomy":"product_brand","embeddable":true,"href":"https:\/\/factory.sale\/fi\/wp-json\/wp\/v2\/product_brand?post=92832"},{"taxonomy":"product_cat","embeddable":true,"href":"https:\/\/factory.sale\/fi\/wp-json\/wp\/v2\/product_cat?post=92832"},{"taxonomy":"product_tag","embeddable":true,"href":"https:\/\/factory.sale\/fi\/wp-json\/wp\/v2\/product_tag?post=92832"}],"curies":[{"name":"wp","href":"https:\/\/api.w.org\/{rel}","templated":true}]}}