{"id":92816,"date":"2024-10-30T14:15:08","date_gmt":"2024-10-30T11:18:47","guid":{"rendered":"https:\/\/factory.sale\/?post_type=product&#038;p=92816"},"modified":"2024-10-30T14:18:48","modified_gmt":"2024-10-30T11:18:48","slug":"korkea-koivusanky","status":"publish","type":"product","link":"https:\/\/factory.sale\/fi\/tuote\/korkea-koivusanky\/","title":{"rendered":"Korkea koivus\u00e4nky"},"content":{"rendered":"<p><strong>Tekniset tiedot:<\/strong><\/p>\n<ul>\n<li>Mallinimi: Korkea koivus\u00e4nky<\/li>\n<li>Pituus: 200 cm<\/li>\n<li>Leveys: 80, 90, 100, 120, 140, 160, 180, 200<\/li>\n<li>P\u00e4\u00e4dyn korkeus: 80\/97 cm matala\/korkea<\/li>\n<li>Jalan ja sivupaneelien korkeus: 35 cm<\/li>\n<li>V\u00e4ri: Valkoinen\/puoliroosa\/elevandiluuv\u00e4rvi\/puolivalkoinen\/oliivi<\/li>\n<li>P\u00e4\u00e4ty: Suora ja tukeva<\/li>\n<li>P\u00e4\u00e4dyn kiinnitys: Varmistettu 4 ruuvilla<\/li>\n<li>Materiaalit: 100 % massiivikoivu<\/li>\n<li>Konstruktiot: Koostuu nelj\u00e4st\u00e4 p\u00e4\u00e4osasta, jotka on yhdistetty metallikiinnikkeill\u00e4 kest\u00e4vyyden takaamiseksi<\/li>\n<\/ul>\n<p>&nbsp;<\/p>\n<p>&nbsp;<\/p>\n<p>S\u00e4nkyjemme valmistamiseen k\u00e4ytet\u00e4\u00e4n luonnollista, ymp\u00e4rist\u00f6yst\u00e4v\u00e4llist\u00e4 massiivikoivua, joka on FSC-sertifioitu. Rakenne- ja v\u00e4rierot ovat luonnollisia, ja ne korostavat puun ainutlaatuisia ominaisuuksia. Suunniteltu erityisesti Euroopan ilmasto-olosuhteisiin kest\u00e4vyyden varmistamiseksi. Kokoonpano on tarpeen, mutta prosessi on nopea ja helppo, ja selke\u00e4t ohjeet on mukana. Viimeistelty hypoallergeenisella lakalla, joka tarjoaa pitk\u00e4kestoista suojaa. S\u00e4nkyyn sis\u00e4ltyv\u00e4t s\u00e4ngynpohjat tarjoavat erinomaisen tuen patjalle.<\/p>\n<p>Kuvissa n\u00e4kyv\u00e4t patjat ja muut esineet eiv\u00e4t sis\u00e4lly hintaan.<\/p>\n","protected":false},"excerpt":{"rendered":"<p>S\u00e4nkyjemme valmistamiseen k\u00e4ytet\u00e4\u00e4n luonnollista, ymp\u00e4rist\u00f6yst\u00e4v\u00e4llist\u00e4 massiivikoivua, joka on FSC-sertifioitu. Rakenne- ja v\u00e4rierot ovat luonnollisia, ja ne korostavat puun ainutlaatuisia ominaisuuksia. Suunniteltu erityisesti Euroopan ilmasto-olosuhteisiin kest\u00e4vyyden varmistamiseksi. Kokoonpano on tarpeen, mutta prosessi on nopea ja helppo, ja selke\u00e4t ohjeet on mukana. Viimeistelty hypoallergeenisella lakalla, joka tarjoaa pitk\u00e4kestoista suojaa. S\u00e4nkyyn sis\u00e4ltyv\u00e4t s\u00e4ngynpohjat tarjoavat erinomaisen tuen patjalle.<\/p>\n<p>Kuvissa n\u00e4kyv\u00e4t patjat ja muut esineet eiv\u00e4t sis\u00e4lly hintaan.<\/p>\n","protected":false},"featured_media":92810,"comment_status":"open","ping_status":"closed","template":"","meta":{"_acf_changed":false},"factory":[],"free-shipment":[],"product_brand":[],"product_cat":[1319,3105],"product_tag":[],"class_list":{"0":"post-92816","1":"product","2":"type-product","3":"status-publish","4":"has-post-thumbnail","6":"product_cat-huonekalut","7":"product_cat-sangyt","9":"first","10":"instock","11":"sale","12":"taxable","13":"shipping-taxable","14":"purchasable","15":"product-type-simple"},"acf":[],"_links":{"self":[{"href":"https:\/\/factory.sale\/fi\/wp-json\/wp\/v2\/product\/92816","targetHints":{"allow":["GET"]}}],"collection":[{"href":"https:\/\/factory.sale\/fi\/wp-json\/wp\/v2\/product"}],"about":[{"href":"https:\/\/factory.sale\/fi\/wp-json\/wp\/v2\/types\/product"}],"replies":[{"embeddable":true,"href":"https:\/\/factory.sale\/fi\/wp-json\/wp\/v2\/comments?post=92816"}],"wp:featuredmedia":[{"embeddable":true,"href":"https:\/\/factory.sale\/fi\/wp-json\/wp\/v2\/media\/92810"}],"wp:attachment":[{"href":"https:\/\/factory.sale\/fi\/wp-json\/wp\/v2\/media?parent=92816"}],"wp:term":[{"taxonomy":"factory","embeddable":true,"href":"https:\/\/factory.sale\/fi\/wp-json\/wp\/v2\/factory?post=92816"},{"taxonomy":"free-shipment","embeddable":true,"href":"https:\/\/factory.sale\/fi\/wp-json\/wp\/v2\/free-shipment?post=92816"},{"taxonomy":"product_brand","embeddable":true,"href":"https:\/\/factory.sale\/fi\/wp-json\/wp\/v2\/product_brand?post=92816"},{"taxonomy":"product_cat","embeddable":true,"href":"https:\/\/factory.sale\/fi\/wp-json\/wp\/v2\/product_cat?post=92816"},{"taxonomy":"product_tag","embeddable":true,"href":"https:\/\/factory.sale\/fi\/wp-json\/wp\/v2\/product_tag?post=92816"}],"curies":[{"name":"wp","href":"https:\/\/api.w.org\/{rel}","templated":true}]}}