{"id":92803,"date":"2024-11-02T23:50:15","date_gmt":"2024-11-02T20:52:09","guid":{"rendered":"https:\/\/factory.sale\/?post_type=product&#038;p=92803"},"modified":"2025-08-15T12:50:20","modified_gmt":"2025-08-15T09:50:20","slug":"pigmentit","status":"publish","type":"product","link":"https:\/\/factory.sale\/fi\/tuote\/pigmentit\/","title":{"rendered":"UKU Pigmentit"},"content":{"rendered":"<p>UKU Pigmentit luovat v\u00e4rikk\u00e4\u00e4n kokemuksen ja antavat sinulle mahdollisuuden luoda loputtomia v\u00e4rialueita. UKU-pigmenteill\u00e4 voit s\u00e4vytt\u00e4\u00e4 viimeistelysekoituksia ja v\u00e4rej\u00e4 luodaksesi haluamasi s\u00e4vyn.<\/p>\n<p>Pigmenttej\u00e4 k\u00e4ytet\u00e4\u00e4n enimm\u00e4kseen s\u00e4vytt\u00e4m\u00e4\u00e4n kalkkipohjaisia \u200b\u200btuotteita, jotka ovat v\u00e4rilt\u00e4\u00e4n valkoisia.<br \/>\nPigmenttej\u00e4 voidaan k\u00e4ytt\u00e4\u00e4 my\u00f6s vahan sis\u00e4ll\u00e4 antamaan viimeistelylle s\u00e4vytetty suoja kauniin v\u00e4rin hehkulla.<\/p>\n<p>&nbsp;<\/p>\n<p>Kysy hintoja.<\/p>\n<p>&nbsp;<\/p>\n<p>&nbsp;<\/p>\n<p>&nbsp;<\/p>\n<p><a href=\"https:\/\/factory.sale\/wp-content\/uploads\/2024\/10\/Pigment-manual.pdf\" target=\"_blank\" rel=\"noopener\">Ohjeet<\/a><\/p>\n<p><a href=\"https:\/\/factory.sale\/wp-content\/uploads\/2024\/10\/Pigments.pdf\" target=\"_blank\" rel=\"noopener\">V\u00e4rikartta<\/a><\/p>\n","protected":false},"excerpt":{"rendered":"<p>Pigmentit luovat v\u00e4rikk\u00e4\u00e4n kokemuksen ja antavat sinulle mahdollisuuden luoda loputtomia v\u00e4rialueita. UKU-pigmenteill\u00e4 voit s\u00e4vytt\u00e4\u00e4 viimeistelysekoituksia ja v\u00e4rej\u00e4 luodaksesi haluamasi s\u00e4vyn.<\/p>\n","protected":false},"featured_media":92797,"comment_status":"open","ping_status":"closed","template":"","meta":{"_acf_changed":false},"factory":[],"free-shipment":[],"product_brand":[4557],"product_cat":[3473,1321],"product_tag":[],"class_list":{"0":"post-92803","1":"product","2":"type-product","3":"status-publish","4":"has-post-thumbnail","6":"product_brand-uku","7":"product_cat-luonnolliset-rakennusratkaisut","8":"product_cat-yleinen-rakentaminen","10":"first","11":"instock","12":"taxable","13":"shipping-taxable","14":"purchasable","15":"product-type-simple"},"acf":[],"_links":{"self":[{"href":"https:\/\/factory.sale\/fi\/wp-json\/wp\/v2\/product\/92803","targetHints":{"allow":["GET"]}}],"collection":[{"href":"https:\/\/factory.sale\/fi\/wp-json\/wp\/v2\/product"}],"about":[{"href":"https:\/\/factory.sale\/fi\/wp-json\/wp\/v2\/types\/product"}],"replies":[{"embeddable":true,"href":"https:\/\/factory.sale\/fi\/wp-json\/wp\/v2\/comments?post=92803"}],"wp:featuredmedia":[{"embeddable":true,"href":"https:\/\/factory.sale\/fi\/wp-json\/wp\/v2\/media\/92797"}],"wp:attachment":[{"href":"https:\/\/factory.sale\/fi\/wp-json\/wp\/v2\/media?parent=92803"}],"wp:term":[{"taxonomy":"factory","embeddable":true,"href":"https:\/\/factory.sale\/fi\/wp-json\/wp\/v2\/factory?post=92803"},{"taxonomy":"free-shipment","embeddable":true,"href":"https:\/\/factory.sale\/fi\/wp-json\/wp\/v2\/free-shipment?post=92803"},{"taxonomy":"product_brand","embeddable":true,"href":"https:\/\/factory.sale\/fi\/wp-json\/wp\/v2\/product_brand?post=92803"},{"taxonomy":"product_cat","embeddable":true,"href":"https:\/\/factory.sale\/fi\/wp-json\/wp\/v2\/product_cat?post=92803"},{"taxonomy":"product_tag","embeddable":true,"href":"https:\/\/factory.sale\/fi\/wp-json\/wp\/v2\/product_tag?post=92803"}],"curies":[{"name":"wp","href":"https:\/\/api.w.org\/{rel}","templated":true}]}}