{"id":92761,"date":"2024-11-02T23:45:27","date_gmt":"2024-11-02T20:46:58","guid":{"rendered":"https:\/\/factory.sale\/?post_type=product&#038;p=92761"},"modified":"2024-12-27T02:33:04","modified_gmt":"2024-12-26T23:33:04","slug":"massiivisavilevyt","status":"publish","type":"product","link":"https:\/\/factory.sale\/fi\/tuote\/massiivisavilevyt\/","title":{"rendered":"Massiivisavilevyt"},"content":{"rendered":"<p>Savilevy on nopea sein\u00e4ratkaisu, joka s\u00e4\u00e4st\u00e4\u00e4 aikaa kipsiasennuksessa. Savilevyt ovat tunnettuja lujuudestaan \u200b\u200bja saven arvokkaista ominaisuuksistaan.<\/p>\n<p>Savirakennuslevyt sopivat ihanteellisesti sis\u00e4rakennust\u00f6ihin. Ne soveltuvat sis\u00e4seinien, kevyiden v\u00e4liseinien, puupylv\u00e4s- ja palkkirakenteiden sek\u00e4 kattojen peitt\u00e4miseen.<\/p>\n<p>Savilevy soveltuu sek\u00e4 uudisrakennuskohteisiin ett\u00e4 olemassa olevien rakennusten saneerauskohteisiin.<\/p>\n<p>&nbsp;<\/p>\n<p><strong>Suunnittelu:<\/strong><\/p>\n<ul>\n<li>Ihanteellinen kuivarakenneratkaisu puu-ja kivitalojen sis\u00e4rakentamiseen sek\u00e4 kunnostusprojekteihin.<\/li>\n<li>Tarjoaa suunnittelijoille ja arkkitehdeille luovaa vapautta.<\/li>\n<li>Valmistetaan automatisoiduissa tehtaissa s\u00e4\u00e4st\u00e4en prim\u00e4\u00e4rienergiaa ja resursseja.<\/li>\n<li>Korkea mekaaninen lujuus d\u017euutikankaan taustamateriaalin ansiosta.<\/li>\n<li>Mahdollistaa lyhyemm\u00e4t asennusajat ja v\u00e4hent\u00e4\u00e4 paksujen rappauskerrosten tarvetta.<\/li>\n<\/ul>\n<p>&nbsp;<\/p>\n<p><strong>Asennus:<\/strong><\/p>\n<ol>\n<li>Massiivisavilevyj\u00e4 voidaan helposti leikata tarvittaviin mittoihin k\u00e4sisahalla tai s\u00e4hk\u00f6k\u00e4ytt\u00f6isell\u00e4 leikkurilla.<\/li>\n<li>Aseta levyt runkoon niin, ett\u00e4 niiden v\u00e4liin ei j\u00e4\u00e4 rakoja.<\/li>\n<li>K\u00e4yt\u00e4 ruuveja tai erityisi\u00e4 kiinnikkeit\u00e4 levyjen varmaan kiinnitykseen runkoon. Ruuveilla tulisi olla v\u00e4hint\u00e4\u00e4n 30 cm v\u00e4li.<\/li>\n<\/ol>\n<p>&nbsp;<\/p>\n<p><strong>Vahvistusverkon asennus:<\/strong><\/p>\n<p>Levit\u00e4 luonnonkuituverkko (esim. juutti- tai lasikuituverkko) levyjen liitoskohtiin halkeamien est\u00e4miseksi.<br \/>\nRappaaminen:<\/p>\n<p>Massiivisavilevyt ovat erinomainen pohja savirappaukselle. Levit\u00e4 rappauskerros halutun viimeistelyn mukaan.<br \/>\nViimeistely:<\/p>\n<p>Kun rappaus on kuivunut, pinta voidaan p\u00e4\u00e4llyst\u00e4\u00e4 luonnollisella savimaalilla tai j\u00e4tt\u00e4\u00e4 rappaus itsen\u00e4iseksi viimeistelyksi.<\/p>\n<p>&nbsp;<\/p>\n<p><strong>Mitat:<\/strong><\/p>\n<p>16 mm 1250 x 625 mm [0 781 m\u00b2] \u2013 23 kg\/m\u00b2<br \/>\n22 mm 1250 x 625 mm [0 781 m\u00b2] \u2013 32 kg\/m\u00b2<\/p>\n<p>&nbsp;<\/p>\n<p>&nbsp;<\/p>\n<p><a href=\"https:\/\/factory.sale\/wp-content\/uploads\/2024\/10\/Clay-board.pdf\" target=\"_blank\" rel=\"noopener\">Ohjeet<\/a><\/p>\n","protected":false},"excerpt":{"rendered":"<p>Savilevy on nopea sein\u00e4ratkaisu, joka s\u00e4\u00e4st\u00e4\u00e4 aikaa kipsiasennuksessa. Savilevyt ovat tunnettuja lujuudestaan \u200b\u200bja saven arvokkaista ominaisuuksistaan.<\/p>\n<p>Savirakennuslevyt sopivat ihanteellisesti sis\u00e4rakennust\u00f6ihin. Ne soveltuvat sis\u00e4seinien, kevyiden v\u00e4liseinien, puupylv\u00e4s- ja palkkirakenteiden sek\u00e4 kattojen peitt\u00e4miseen.<\/p>\n","protected":false},"featured_media":92758,"comment_status":"open","ping_status":"closed","template":"","meta":{"_acf_changed":false},"factory":[],"free-shipment":[],"product_brand":[],"product_cat":[3109,1759],"product_tag":[],"class_list":{"0":"post-92761","1":"product","2":"type-product","3":"status-publish","4":"has-post-thumbnail","6":"product_cat-savituotteet","7":"product_cat-viimeistely","9":"first","10":"instock","11":"taxable","12":"shipping-taxable","13":"purchasable","14":"product-type-simple"},"acf":[],"_links":{"self":[{"href":"https:\/\/factory.sale\/fi\/wp-json\/wp\/v2\/product\/92761","targetHints":{"allow":["GET"]}}],"collection":[{"href":"https:\/\/factory.sale\/fi\/wp-json\/wp\/v2\/product"}],"about":[{"href":"https:\/\/factory.sale\/fi\/wp-json\/wp\/v2\/types\/product"}],"replies":[{"embeddable":true,"href":"https:\/\/factory.sale\/fi\/wp-json\/wp\/v2\/comments?post=92761"}],"wp:featuredmedia":[{"embeddable":true,"href":"https:\/\/factory.sale\/fi\/wp-json\/wp\/v2\/media\/92758"}],"wp:attachment":[{"href":"https:\/\/factory.sale\/fi\/wp-json\/wp\/v2\/media?parent=92761"}],"wp:term":[{"taxonomy":"factory","embeddable":true,"href":"https:\/\/factory.sale\/fi\/wp-json\/wp\/v2\/factory?post=92761"},{"taxonomy":"free-shipment","embeddable":true,"href":"https:\/\/factory.sale\/fi\/wp-json\/wp\/v2\/free-shipment?post=92761"},{"taxonomy":"product_brand","embeddable":true,"href":"https:\/\/factory.sale\/fi\/wp-json\/wp\/v2\/product_brand?post=92761"},{"taxonomy":"product_cat","embeddable":true,"href":"https:\/\/factory.sale\/fi\/wp-json\/wp\/v2\/product_cat?post=92761"},{"taxonomy":"product_tag","embeddable":true,"href":"https:\/\/factory.sale\/fi\/wp-json\/wp\/v2\/product_tag?post=92761"}],"curies":[{"name":"wp","href":"https:\/\/api.w.org\/{rel}","templated":true}]}}