{"id":92737,"date":"2024-10-31T12:14:30","date_gmt":"2024-10-31T09:16:21","guid":{"rendered":"https:\/\/factory.sale\/?post_type=product&#038;p=92737"},"modified":"2025-08-17T21:38:52","modified_gmt":"2025-08-17T18:38:52","slug":"ohut-ruokomatto","status":"publish","type":"product","link":"https:\/\/factory.sale\/fi\/tuote\/ohut-ruokomatto\/","title":{"rendered":"Ohut ruokomatto"},"content":{"rendered":"<p>Ohut ruokomatto on luonnonruo&#8217;osta valmistetun kipsin pohjamatto. Ruokopillit on ommeltu yhdensuuntaisesti toistensa kanssa ohuella ruostumattomalla langalla. Ruokomatto soveltuu k\u00e4ytett\u00e4v\u00e4ksi rappauksen pohjamateriaalina sek\u00e4 sis\u00e4ll\u00e4 (sein\u00e4t, katot) ett\u00e4 ulkona (sein\u00e4t).<\/p>\n<p>Ohut ruokomatto rappaukseen 10m\u00b2\/rulla (1,6 x 6,25 m)<\/p>\n<p>Ruokomattoa voidaan k\u00e4ytt\u00e4\u00e4 tasaisella tai hieman ep\u00e4tasaisella massiivisein\u00e4ll\u00e4, hakattuun hirsisein\u00e4\u00e4n sek\u00e4 runko-sein\u00e4\u00e4n lankuilla tai puisella rakennuslevyll\u00e4. Esimerkillisen tuloksen saavuttamiseksi mattojen jatkoja tulee jatkaa ruokkojen p\u00e4ist\u00e4 p\u00e4\u00e4llekk\u00e4in.<\/p>\n<p>Ruokomattoa ei tarvitse kastella ennen rappausta.<\/p>\n<p>Ohut ruokomatto rappaukseen sitoo rappauksen pohjakerrokset eritt\u00e4in tehokkaasti ja varmasti. Yleens\u00e4 riitt\u00e4\u00e4 yksi pohjakerros, jolle levitet\u00e4\u00e4n toinen kerros kipsi\u00e4, johon asennetaan raudoituksena juuttiverkko. Kun alemmat rappauskerrokset ovat kuivuneet, pohjalaastin pinta viimeistell\u00e4\u00e4n luonnollisilla UKU-v\u00e4reill\u00e4 tai viimeistelylaastilla.<\/p>\n","protected":false},"excerpt":{"rendered":"<p>Ohut ruokomatto on luonnonruo&#8217;osta valmistetun kipsin pohjamatto. Ruokopillit on ommeltu yhdensuuntaisesti toistensa kanssa ohuella ruostumattomalla langalla. Ruokomatto soveltuu k\u00e4ytett\u00e4v\u00e4ksi rappauksen pohjamateriaalina sek\u00e4 sis\u00e4ll\u00e4 (sein\u00e4t, katot) ett\u00e4 ulkona (sein\u00e4t).<\/p>\n<p>Ohut ruokomatto rappaukseen 10m\u00b2\/rulla (1,6 x 6,25 m)<\/p>\n","protected":false},"featured_media":92734,"comment_status":"open","ping_status":"closed","template":"","meta":{"_acf_changed":false},"factory":[],"free-shipment":[],"product_brand":[4557],"product_cat":[3473,1321],"product_tag":[],"class_list":{"0":"post-92737","1":"product","2":"type-product","3":"status-publish","4":"has-post-thumbnail","6":"product_brand-uku","7":"product_cat-luonnolliset-rakennusratkaisut","8":"product_cat-yleinen-rakentaminen","10":"first","11":"instock","12":"sale","13":"taxable","14":"shipping-taxable","15":"purchasable","16":"product-type-simple"},"acf":[],"_links":{"self":[{"href":"https:\/\/factory.sale\/fi\/wp-json\/wp\/v2\/product\/92737","targetHints":{"allow":["GET"]}}],"collection":[{"href":"https:\/\/factory.sale\/fi\/wp-json\/wp\/v2\/product"}],"about":[{"href":"https:\/\/factory.sale\/fi\/wp-json\/wp\/v2\/types\/product"}],"replies":[{"embeddable":true,"href":"https:\/\/factory.sale\/fi\/wp-json\/wp\/v2\/comments?post=92737"}],"wp:featuredmedia":[{"embeddable":true,"href":"https:\/\/factory.sale\/fi\/wp-json\/wp\/v2\/media\/92734"}],"wp:attachment":[{"href":"https:\/\/factory.sale\/fi\/wp-json\/wp\/v2\/media?parent=92737"}],"wp:term":[{"taxonomy":"factory","embeddable":true,"href":"https:\/\/factory.sale\/fi\/wp-json\/wp\/v2\/factory?post=92737"},{"taxonomy":"free-shipment","embeddable":true,"href":"https:\/\/factory.sale\/fi\/wp-json\/wp\/v2\/free-shipment?post=92737"},{"taxonomy":"product_brand","embeddable":true,"href":"https:\/\/factory.sale\/fi\/wp-json\/wp\/v2\/product_brand?post=92737"},{"taxonomy":"product_cat","embeddable":true,"href":"https:\/\/factory.sale\/fi\/wp-json\/wp\/v2\/product_cat?post=92737"},{"taxonomy":"product_tag","embeddable":true,"href":"https:\/\/factory.sale\/fi\/wp-json\/wp\/v2\/product_tag?post=92737"}],"curies":[{"name":"wp","href":"https:\/\/api.w.org\/{rel}","templated":true}]}}