{"id":92728,"date":"2024-10-31T12:19:17","date_gmt":"2024-10-31T09:43:11","guid":{"rendered":"https:\/\/factory.sale\/?post_type=product&#038;p=92728"},"modified":"2025-08-17T21:37:52","modified_gmt":"2025-08-17T18:37:52","slug":"selluloosa-pohjamaali","status":"publish","type":"product","link":"https:\/\/factory.sale\/fi\/tuote\/selluloosa-pohjamaali\/","title":{"rendered":"UKU Selluloosa pohjamaali"},"content":{"rendered":"<p>UKU Selluloosa- tai viimeistelypohjamaalia k\u00e4ytet\u00e4\u00e4n savi- ja kalkkikipsin viimeistelykerroksen pohjustamiseen. Selluloosapohjamaalin tarkoituksena on antaa savirapatulle pinnalle lujuutta ja kulutuskest\u00e4vyytt\u00e4. Soveltuu my\u00f6s eritt\u00e4in imukykyisten alustojen savi- ja kalkkimaalien pohjamaalaukseen ennen maalausta tai rappausta.<\/p>\n<p>1 kg<\/p>\n<p>&nbsp;<\/p>\n<p>&nbsp;<\/p>\n<p><a href=\"https:\/\/factory.sale\/wp-content\/uploads\/2024\/10\/Cellulose-primer.pdf\" target=\"_blank\" rel=\"noopener\">Tuoteopas<\/a><\/p>\n<p>&nbsp;<\/p>\n<div class=\"video-wrapper \"><iframe loading=\"lazy\" title=\"Applying primer\" width=\"500\" height=\"281\" src=\"https:\/\/www.youtube.com\/embed\/xhIeOooO1TA?feature=oembed\" frameborder=\"0\" allow=\"accelerometer; autoplay; clipboard-write; encrypted-media; gyroscope; picture-in-picture; web-share\" referrerpolicy=\"strict-origin-when-cross-origin\" allowfullscreen><\/iframe><\/div>\n","protected":false},"excerpt":{"rendered":"<p>Selluloosa- tai viimeistelypohjamaalia k\u00e4ytet\u00e4\u00e4n savi- ja kalkkikipsin viimeistelykerroksen pohjustamiseen. Selluloosapohjamaalin tarkoituksena on antaa savirapatulle pinnalle lujuutta ja kulutuskest\u00e4vyytt\u00e4. Soveltuu my\u00f6s eritt\u00e4in imukykyisten alustojen savi- ja kalkkimaalien pohjamaalaukseen ennen maalausta tai rappausta.<\/p>\n","protected":false},"featured_media":92724,"comment_status":"open","ping_status":"closed","template":"","meta":{"_acf_changed":false},"factory":[],"free-shipment":[],"product_brand":[4557],"product_cat":[3473,1321],"product_tag":[523],"class_list":{"0":"post-92728","1":"product","2":"type-product","3":"status-publish","4":"has-post-thumbnail","6":"product_brand-uku","7":"product_cat-luonnolliset-rakennusratkaisut","8":"product_cat-yleinen-rakentaminen","9":"product_tag-primer-fi","11":"first","12":"instock","13":"sale","14":"taxable","15":"shipping-taxable","16":"purchasable","17":"product-type-simple"},"acf":[],"_links":{"self":[{"href":"https:\/\/factory.sale\/fi\/wp-json\/wp\/v2\/product\/92728","targetHints":{"allow":["GET"]}}],"collection":[{"href":"https:\/\/factory.sale\/fi\/wp-json\/wp\/v2\/product"}],"about":[{"href":"https:\/\/factory.sale\/fi\/wp-json\/wp\/v2\/types\/product"}],"replies":[{"embeddable":true,"href":"https:\/\/factory.sale\/fi\/wp-json\/wp\/v2\/comments?post=92728"}],"wp:featuredmedia":[{"embeddable":true,"href":"https:\/\/factory.sale\/fi\/wp-json\/wp\/v2\/media\/92724"}],"wp:attachment":[{"href":"https:\/\/factory.sale\/fi\/wp-json\/wp\/v2\/media?parent=92728"}],"wp:term":[{"taxonomy":"factory","embeddable":true,"href":"https:\/\/factory.sale\/fi\/wp-json\/wp\/v2\/factory?post=92728"},{"taxonomy":"free-shipment","embeddable":true,"href":"https:\/\/factory.sale\/fi\/wp-json\/wp\/v2\/free-shipment?post=92728"},{"taxonomy":"product_brand","embeddable":true,"href":"https:\/\/factory.sale\/fi\/wp-json\/wp\/v2\/product_brand?post=92728"},{"taxonomy":"product_cat","embeddable":true,"href":"https:\/\/factory.sale\/fi\/wp-json\/wp\/v2\/product_cat?post=92728"},{"taxonomy":"product_tag","embeddable":true,"href":"https:\/\/factory.sale\/fi\/wp-json\/wp\/v2\/product_tag?post=92728"}],"curies":[{"name":"wp","href":"https:\/\/api.w.org\/{rel}","templated":true}]}}