{"id":92714,"date":"2024-10-31T12:46:15","date_gmt":"2024-10-31T09:48:07","guid":{"rendered":"https:\/\/factory.sale\/?post_type=product&#038;p=92714"},"modified":"2025-08-17T21:34:02","modified_gmt":"2025-08-17T18:34:02","slug":"lasikuituverkko","status":"publish","type":"product","link":"https:\/\/factory.sale\/fi\/tuote\/lasikuituverkko\/","title":{"rendered":"UKU Lasikuituverkko"},"content":{"rendered":"<p>UKU Lasikuituverkko on tarkoitettu rappauspintojen vahvistamiseen sek\u00e4 sis\u00e4- ett\u00e4 ulkotiloissa. Lasikuituverkko v\u00e4hent\u00e4\u00e4 rappauspintojen halkeilun riski\u00e4. Lasikuituarmointiverkko tarjoaa pysyv\u00e4n vahvistuksen rappausj\u00e4rjestelmille, ja sill\u00e4 on korkea repimis- ja vetolujuus sek\u00e4 alkalisenkest\u00e4vyys.<\/p>\n<p>&nbsp;<\/p>\n<p>&nbsp;<\/p>\n<p><strong>Lasikuituverkko 5,5 x 5,5 mm<\/strong><\/p>\n<p>58 g\/m\u00b2<br \/>\nVerkon leveys \u2013 100 cm<br \/>\nRullassa \u2013 100 m (100 m\u00b2)<\/p>\n<p>&nbsp;<\/p>\n<p><strong>Lasikuituverkko 11 x 11 mm<\/strong><\/p>\n<p>105 g\/m\u00b2<br \/>\nVerkon leveys \u2013 100 cm<br \/>\nRullassa \u2013 50 m (50 m\u00b2)<\/p>\n","protected":false},"excerpt":{"rendered":"<p>Lasikuituverkko on tarkoitettu rappauspintojen vahvistamiseen sek\u00e4 sis\u00e4- ett\u00e4 ulkotiloissa. Lasikuituverkko v\u00e4hent\u00e4\u00e4 rappauspintojen halkeilun riski\u00e4. Lasikuituarmointiverkko tarjoaa pysyv\u00e4n vahvistuksen rappausj\u00e4rjestelmille, ja sill\u00e4 on korkea repimis- ja vetolujuus sek\u00e4 alkalisenkest\u00e4vyys.<\/p>\n","protected":false},"featured_media":92711,"comment_status":"open","ping_status":"closed","template":"","meta":{"_acf_changed":false},"factory":[],"free-shipment":[],"product_brand":[4557],"product_cat":[3473,1321],"product_tag":[],"class_list":{"0":"post-92714","1":"product","2":"type-product","3":"status-publish","4":"has-post-thumbnail","6":"product_brand-uku","7":"product_cat-luonnolliset-rakennusratkaisut","8":"product_cat-yleinen-rakentaminen","10":"first","11":"instock","12":"sale","13":"taxable","14":"shipping-taxable","15":"purchasable","16":"product-type-simple"},"acf":[],"_links":{"self":[{"href":"https:\/\/factory.sale\/fi\/wp-json\/wp\/v2\/product\/92714","targetHints":{"allow":["GET"]}}],"collection":[{"href":"https:\/\/factory.sale\/fi\/wp-json\/wp\/v2\/product"}],"about":[{"href":"https:\/\/factory.sale\/fi\/wp-json\/wp\/v2\/types\/product"}],"replies":[{"embeddable":true,"href":"https:\/\/factory.sale\/fi\/wp-json\/wp\/v2\/comments?post=92714"}],"wp:featuredmedia":[{"embeddable":true,"href":"https:\/\/factory.sale\/fi\/wp-json\/wp\/v2\/media\/92711"}],"wp:attachment":[{"href":"https:\/\/factory.sale\/fi\/wp-json\/wp\/v2\/media?parent=92714"}],"wp:term":[{"taxonomy":"factory","embeddable":true,"href":"https:\/\/factory.sale\/fi\/wp-json\/wp\/v2\/factory?post=92714"},{"taxonomy":"free-shipment","embeddable":true,"href":"https:\/\/factory.sale\/fi\/wp-json\/wp\/v2\/free-shipment?post=92714"},{"taxonomy":"product_brand","embeddable":true,"href":"https:\/\/factory.sale\/fi\/wp-json\/wp\/v2\/product_brand?post=92714"},{"taxonomy":"product_cat","embeddable":true,"href":"https:\/\/factory.sale\/fi\/wp-json\/wp\/v2\/product_cat?post=92714"},{"taxonomy":"product_tag","embeddable":true,"href":"https:\/\/factory.sale\/fi\/wp-json\/wp\/v2\/product_tag?post=92714"}],"curies":[{"name":"wp","href":"https:\/\/api.w.org\/{rel}","templated":true}]}}