{"id":92704,"date":"2024-10-31T12:50:09","date_gmt":"2024-10-31T09:51:56","guid":{"rendered":"https:\/\/factory.sale\/?post_type=product&#038;p=92704"},"modified":"2024-11-01T03:24:32","modified_gmt":"2024-11-01T00:24:32","slug":"juuttiverkko","status":"publish","type":"product","link":"https:\/\/factory.sale\/fi\/tuote\/juuttiverkko\/","title":{"rendered":"Juuttiverkko"},"content":{"rendered":"<p>Juutti on luonnonkuitu, jota saadaan juuttikasvin varsista, ja se on yksi yleisimmist\u00e4 kasviper\u00e4isist\u00e4 kuitumateriaaleista. Juuttiverkkoa k\u00e4ytet\u00e4\u00e4n rappausten vahvistusverkkona. Punottu juuttikangas on erityisesti kehitetty savi-, kalkki- ja muiden rappausten vahvistamiseen.<\/p>\n<ul>\n<li>120 g\/m\u00b2<\/li>\n<li>Verkon leveys \u2013 100 cm<\/li>\n<li>Rullassa \u2013 50 m (50 m\u00b2)<\/li>\n<\/ul>\n","protected":false},"excerpt":{"rendered":"<p>Juutti on luonnonkuitu, jota saadaan juuttikasvin varsista, ja se on yksi yleisimmist\u00e4 kasviper\u00e4isist\u00e4 kuitumateriaaleista. Juuttiverkkoa k\u00e4ytet\u00e4\u00e4n rappausten vahvistusverkkona. Punottu juuttikangas on erityisesti kehitetty savi-, kalkki- ja muiden rappausten vahvistamiseen.<\/p>\n","protected":false},"featured_media":92701,"comment_status":"open","ping_status":"closed","template":"","meta":{"_acf_changed":false},"factory":[],"free-shipment":[],"product_brand":[],"product_cat":[3473,1321],"product_tag":[],"class_list":{"0":"post-92704","1":"product","2":"type-product","3":"status-publish","4":"has-post-thumbnail","6":"product_cat-luonnolliset-rakennusratkaisut","7":"product_cat-yleinen-rakentaminen","9":"first","10":"instock","11":"sale","12":"taxable","13":"shipping-taxable","14":"purchasable","15":"product-type-simple"},"acf":[],"_links":{"self":[{"href":"https:\/\/factory.sale\/fi\/wp-json\/wp\/v2\/product\/92704","targetHints":{"allow":["GET"]}}],"collection":[{"href":"https:\/\/factory.sale\/fi\/wp-json\/wp\/v2\/product"}],"about":[{"href":"https:\/\/factory.sale\/fi\/wp-json\/wp\/v2\/types\/product"}],"replies":[{"embeddable":true,"href":"https:\/\/factory.sale\/fi\/wp-json\/wp\/v2\/comments?post=92704"}],"wp:featuredmedia":[{"embeddable":true,"href":"https:\/\/factory.sale\/fi\/wp-json\/wp\/v2\/media\/92701"}],"wp:attachment":[{"href":"https:\/\/factory.sale\/fi\/wp-json\/wp\/v2\/media?parent=92704"}],"wp:term":[{"taxonomy":"factory","embeddable":true,"href":"https:\/\/factory.sale\/fi\/wp-json\/wp\/v2\/factory?post=92704"},{"taxonomy":"free-shipment","embeddable":true,"href":"https:\/\/factory.sale\/fi\/wp-json\/wp\/v2\/free-shipment?post=92704"},{"taxonomy":"product_brand","embeddable":true,"href":"https:\/\/factory.sale\/fi\/wp-json\/wp\/v2\/product_brand?post=92704"},{"taxonomy":"product_cat","embeddable":true,"href":"https:\/\/factory.sale\/fi\/wp-json\/wp\/v2\/product_cat?post=92704"},{"taxonomy":"product_tag","embeddable":true,"href":"https:\/\/factory.sale\/fi\/wp-json\/wp\/v2\/product_tag?post=92704"}],"curies":[{"name":"wp","href":"https:\/\/api.w.org\/{rel}","templated":true}]}}