{"id":92693,"date":"2024-10-31T12:53:47","date_gmt":"2024-10-31T10:11:45","guid":{"rendered":"https:\/\/factory.sale\/?post_type=product&#038;p=92693"},"modified":"2025-08-15T15:14:30","modified_gmt":"2025-08-15T12:14:30","slug":"ukunaks-kalkki-pohjalaasti","status":"publish","type":"product","link":"https:\/\/factory.sale\/fi\/tuote\/ukunaks-kalkki-pohjalaasti\/","title":{"rendered":"Ukunaks kalkki-pohjalaasti"},"content":{"rendered":"<p>Kalkkilaasti on tarkoitettu alustojen rappaamiseen, t\u00e4ytt\u00e4miseen ja tasoittamiseen sek\u00e4 ulko- ett\u00e4 sis\u00e4tiloissa. Kalkkipohjalaastia k\u00e4ytet\u00e4\u00e4n usein vanhan kalkkilaastin korjaamiseen ja tiilien tai kivien ladontaan.<\/p>\n<p>UKU kalkkilaasti sopii hyvin my\u00f6s julkisivuihin ja pesutiloihin kalkin korkean pH-tason ansiosta.<\/p>\n<p>Kalkkipohjalaastia k\u00e4ytet\u00e4\u00e4n rappauksessa t\u00e4ytt\u00f6kerroksena tai viimeistelykerroksena, jolla on kest\u00e4v\u00e4 rakenne.<\/p>\n<p>UKU kalkkilaasti on 100 % luonnollinen. Kalkkilaasti on hyv\u00e4 valinta sek\u00e4 modernien ett\u00e4 historiallisten julkisivujen viimeistelyyn ja sopii my\u00f6s sis\u00e4tiloihin, mukaan lukien kosteisiin tiloihin.<\/p>\n<p>UKU kalkkipohjalaasti on kest\u00e4v\u00e4 ja erinomainen valinta viimeistelymateriaaliksi sis\u00e4ilman parantamiseen ja rakenteiden paloturvallisuuden lis\u00e4\u00e4miseen.<\/p>\n<p>Kalkkilaasti s\u00e4\u00e4telee huoneen kosteutta ja est\u00e4\u00e4 homeen muodostumista, joten se soveltuu my\u00f6s allergikoille. Perinteisist\u00e4 resepteist\u00e4 inspiroituneena olemme luoneet modernit kalkkituotteet, jotka on testattu EN 998-1 -standardin mukaisesti.<\/p>\n<p>&nbsp;<\/p>\n<p><strong>Sopivat alustat:<\/strong><\/p>\n<p>Puu (peitetty ruokomattolla tai muulla verkolla)<br \/>\nKivi (tiili, kantava betoni)<br \/>\nHarkot (Bauroc, Fibo, Columbia)<br \/>\nLaastit (kalkkilaasti, mineraalilaastit)<br \/>\nOlki (olkisein\u00e4t)<br \/>\nRuoko (ohut ruokomatto, ruoko-paneeli)<\/p>\n<p>&nbsp;<\/p>\n<ul>\n<li>V\u00e4ri: valkoinen<\/li>\n<li>Raekoko: 0\u20134 mm<\/li>\n<li>Maksimikerrospaksuus: 10 mm<\/li>\n<li>Kulutus: 17 kg \/ m\u00b2 (10 mm kerros)<\/li>\n<li>Pakkaus: 25 kg s\u00e4kki, 500 kg Big-Bag, 1000 kg Big-Bag<\/li>\n<\/ul>\n<p>&nbsp;<\/p>\n<p>&nbsp;<\/p>\n<p>&nbsp;<\/p>\n<p><a href=\"https:\/\/factory.sale\/wp-content\/uploads\/2024\/10\/Lime-base-coat.pdf\" target=\"_blank\" rel=\"noopener\">Tuoteohje<\/a><\/p>\n","protected":false},"excerpt":{"rendered":"<p>Kalkkilaasti on tarkoitettu alustojen rappaamiseen, t\u00e4ytt\u00e4miseen ja tasoittamiseen sek\u00e4 ulko- ett\u00e4 sis\u00e4tiloissa. Kalkkipohjalaastia k\u00e4ytet\u00e4\u00e4n usein vanhan kalkkilaastin korjaamiseen ja tiilien tai kivien ladontaan.<\/p>\n<p>UKU kalkkilaasti sopii hyvin my\u00f6s julkisivuihin ja pesutiloihin kalkin korkean pH-tason ansiosta.<\/p>\n","protected":false},"featured_media":92687,"comment_status":"open","ping_status":"closed","template":"","meta":{"_acf_changed":false},"factory":[],"free-shipment":[],"product_brand":[4557],"product_cat":[3473,1321],"product_tag":[],"class_list":{"0":"post-92693","1":"product","2":"type-product","3":"status-publish","4":"has-post-thumbnail","6":"product_brand-uku","7":"product_cat-luonnolliset-rakennusratkaisut","8":"product_cat-yleinen-rakentaminen","10":"first","11":"instock","12":"sale","13":"taxable","14":"shipping-taxable","15":"purchasable","16":"product-type-simple"},"acf":[],"_links":{"self":[{"href":"https:\/\/factory.sale\/fi\/wp-json\/wp\/v2\/product\/92693","targetHints":{"allow":["GET"]}}],"collection":[{"href":"https:\/\/factory.sale\/fi\/wp-json\/wp\/v2\/product"}],"about":[{"href":"https:\/\/factory.sale\/fi\/wp-json\/wp\/v2\/types\/product"}],"replies":[{"embeddable":true,"href":"https:\/\/factory.sale\/fi\/wp-json\/wp\/v2\/comments?post=92693"}],"wp:featuredmedia":[{"embeddable":true,"href":"https:\/\/factory.sale\/fi\/wp-json\/wp\/v2\/media\/92687"}],"wp:attachment":[{"href":"https:\/\/factory.sale\/fi\/wp-json\/wp\/v2\/media?parent=92693"}],"wp:term":[{"taxonomy":"factory","embeddable":true,"href":"https:\/\/factory.sale\/fi\/wp-json\/wp\/v2\/factory?post=92693"},{"taxonomy":"free-shipment","embeddable":true,"href":"https:\/\/factory.sale\/fi\/wp-json\/wp\/v2\/free-shipment?post=92693"},{"taxonomy":"product_brand","embeddable":true,"href":"https:\/\/factory.sale\/fi\/wp-json\/wp\/v2\/product_brand?post=92693"},{"taxonomy":"product_cat","embeddable":true,"href":"https:\/\/factory.sale\/fi\/wp-json\/wp\/v2\/product_cat?post=92693"},{"taxonomy":"product_tag","embeddable":true,"href":"https:\/\/factory.sale\/fi\/wp-json\/wp\/v2\/product_tag?post=92693"}],"curies":[{"name":"wp","href":"https:\/\/api.w.org\/{rel}","templated":true}]}}