{"id":92676,"date":"2024-10-31T13:15:18","date_gmt":"2024-10-31T10:16:46","guid":{"rendered":"https:\/\/factory.sale\/?post_type=product&#038;p=92676"},"modified":"2025-08-15T13:04:08","modified_gmt":"2025-08-15T10:04:08","slug":"rustiikkinen-kalkki-viimeistelylaasti","status":"publish","type":"product","link":"https:\/\/factory.sale\/fi\/tuote\/rustiikkinen-kalkki-viimeistelylaasti\/","title":{"rendered":"UKU Rustiikkinen kalkki-viimeistelylaasti"},"content":{"rendered":"<p>UKU Rustiikkinen kalkki-viimeistelylaasti on tunnettu viimeistelymateriaali ja \u00e4lyk\u00e4s valinta paremman sis\u00e4ilman luomiseen ja rakenteiden paloturvallisuuden parantamiseen.<\/p>\n<p>Rustiikkinen kalkki-viimeistelylaasti sopii t\u00e4ydellisesti sek\u00e4 julkisivuihin ett\u00e4 sis\u00e4tiloihin, mukaan lukien kosteisiin tiloihin.<\/p>\n<p>Rustiikkinen kalkki-viimeistelylaasti on ihanteellinen niille, jotka arvostavat vahvaa ja hieman rosoista pintaa.<\/p>\n<p>Rustiikkinen kalkki-viimeistelylaasti on eritt\u00e4in kest\u00e4v\u00e4 ja sopii julkisivujen, k\u00e4yt\u00e4vien ja kylpyhuoneiden viimeistelyyn. Kalkkilaasti s\u00e4\u00e4telee huoneen kosteutta ja est\u00e4\u00e4 homeen muodostumista, mik\u00e4 tekee siit\u00e4 hyv\u00e4n valinnan allergikoille.<\/p>\n<p>Perinteisist\u00e4 resepteist\u00e4 inspiroituneena olemme luoneet modernin kalkkipinnoitteen, joka on testattu EN 998-1 -standardin mukaisesti.<\/p>\n<p>&nbsp;<\/p>\n<p><strong>Sopivat alustat:<\/strong><\/p>\n<p>Puu (peitetty ruokomattolla tai muulla verkolla)<br \/>\nKivi (tiili, kantava betoni)<br \/>\nHarkot (Bauroc, Fibo, Columbia)<br \/>\nLaastit (kalkkilaasti, mineraalilaastit)<br \/>\nOlki (olkisein\u00e4t)<br \/>\nRuoko (ohut ruokomatto, ruoko-paneeli)<\/p>\n<p>&nbsp;<\/p>\n<ul>\n<li>V\u00e4ri: valkoinen<\/li>\n<li>Raekoko: 0\u20132 mm<\/li>\n<li>Maksimikerrospaksuus: 6\u20138 mm<\/li>\n<li>Kulutus: 7\u201310 kg\/1 m\u00b2<\/li>\n<li>Pakkaus: 25 kg s\u00e4kki, 500 kg Big-Bag, 1000 kg Big-Bag<\/li>\n<\/ul>\n<p>&nbsp;<\/p>\n<p>&nbsp;<\/p>\n<p><a href=\"https:\/\/factory.sale\/wp-content\/uploads\/2024\/10\/Lime-finish.pdf\" target=\"_blank\" rel=\"noopener\">Tuoteohje<\/a><\/p>\n","protected":false},"excerpt":{"rendered":"<p>Rustiikkinen kalkki-viimeistelylaasti on tunnettu viimeistelymateriaali ja \u00e4lyk\u00e4s valinta paremman sis\u00e4ilman luomiseen ja rakenteiden paloturvallisuuden parantamiseen.<\/p>\n<p>Rustiikkinen kalkki-viimeistelylaasti sopii t\u00e4ydellisesti sek\u00e4 julkisivuihin ett\u00e4 sis\u00e4tiloihin, mukaan lukien kosteisiin tiloihin.<\/p>\n","protected":false},"featured_media":92665,"comment_status":"open","ping_status":"closed","template":"","meta":{"_acf_changed":false},"factory":[],"free-shipment":[],"product_brand":[4557],"product_cat":[3473,1321],"product_tag":[],"class_list":{"0":"post-92676","1":"product","2":"type-product","3":"status-publish","4":"has-post-thumbnail","6":"product_brand-uku","7":"product_cat-luonnolliset-rakennusratkaisut","8":"product_cat-yleinen-rakentaminen","10":"first","11":"instock","12":"sale","13":"taxable","14":"shipping-taxable","15":"purchasable","16":"product-type-simple"},"acf":[],"_links":{"self":[{"href":"https:\/\/factory.sale\/fi\/wp-json\/wp\/v2\/product\/92676","targetHints":{"allow":["GET"]}}],"collection":[{"href":"https:\/\/factory.sale\/fi\/wp-json\/wp\/v2\/product"}],"about":[{"href":"https:\/\/factory.sale\/fi\/wp-json\/wp\/v2\/types\/product"}],"replies":[{"embeddable":true,"href":"https:\/\/factory.sale\/fi\/wp-json\/wp\/v2\/comments?post=92676"}],"wp:featuredmedia":[{"embeddable":true,"href":"https:\/\/factory.sale\/fi\/wp-json\/wp\/v2\/media\/92665"}],"wp:attachment":[{"href":"https:\/\/factory.sale\/fi\/wp-json\/wp\/v2\/media?parent=92676"}],"wp:term":[{"taxonomy":"factory","embeddable":true,"href":"https:\/\/factory.sale\/fi\/wp-json\/wp\/v2\/factory?post=92676"},{"taxonomy":"free-shipment","embeddable":true,"href":"https:\/\/factory.sale\/fi\/wp-json\/wp\/v2\/free-shipment?post=92676"},{"taxonomy":"product_brand","embeddable":true,"href":"https:\/\/factory.sale\/fi\/wp-json\/wp\/v2\/product_brand?post=92676"},{"taxonomy":"product_cat","embeddable":true,"href":"https:\/\/factory.sale\/fi\/wp-json\/wp\/v2\/product_cat?post=92676"},{"taxonomy":"product_tag","embeddable":true,"href":"https:\/\/factory.sale\/fi\/wp-json\/wp\/v2\/product_tag?post=92676"}],"curies":[{"name":"wp","href":"https:\/\/api.w.org\/{rel}","templated":true}]}}