{"id":92650,"date":"2024-10-31T13:19:04","date_gmt":"2024-10-31T10:25:44","guid":{"rendered":"https:\/\/factory.sale\/?post_type=product&#038;p=92650"},"modified":"2025-08-15T13:00:24","modified_gmt":"2025-08-15T10:00:24","slug":"marmori-kalkkilaasti","status":"publish","type":"product","link":"https:\/\/factory.sale\/fi\/tuote\/marmori-kalkkilaasti\/","title":{"rendered":"UKU Marmori-kalkkilaasti"},"content":{"rendered":"<p>UKU Marmori-kalkkilaasti on eritt\u00e4in hyv\u00e4 tarttuvuus ja pinnan lujuus, joten ne soveltuvat jopa vaativimmille pinnoille. Valikoimassa on kaksi eri v\u00e4ri\u00e4, molemmat kahdessa eri raekoossa \u2013 hienompana ja karkeampana.<\/p>\n<p>Marmori-kalkkilaasti voidaan s\u00e4vytt\u00e4\u00e4 luonnonsavilaastien ja pigmenttien avulla. Sopii sek\u00e4 sis\u00e4- ett\u00e4 ulkok\u00e4ytt\u00f6\u00f6n.<\/p>\n<p>Marmori-kalkkilaasti on poikkeuksellisen plastinen ja helppo levitt\u00e4\u00e4, ja se edustaa nykyp\u00e4iv\u00e4n parasta laatua.<\/p>\n<p>Hyv\u00e4n tarttuvuutensa ansiosta marmorikalkkilaasti soveltuu kipsilevyjen viimeistelyyn sek\u00e4 kaikkien nykyaikaisten ja historiallisten laastien viimeistelyyn.<\/p>\n<p>Marmori-kalkkilaasti soveltuu hyvin pohjoiseen ilmastoon ja kest\u00e4\u00e4 my\u00f6s kuivaa aavikon kuumuutta.<\/p>\n<p>Sopivat alustat: laastit (kalkkilaasti, mineraalilaastit) Voidaan asentaa suoraan kipsilevylle.<\/p>\n<p>&nbsp;<\/p>\n<ul>\n<li>V\u00e4ri: valkoinen, lumivalkoinen<\/li>\n<li>Raekoko: 0\u20131 mm<\/li>\n<li>Maksimikerrospaksuus: 3 mm<\/li>\n<li>Kulutus: 3\u20134,5 kg\/1 m\u00b2<\/li>\n<li>Pakkaus: 20 kg s\u00e4kki<\/li>\n<\/ul>\n<p>&nbsp;<\/p>\n<p>&nbsp;<\/p>\n<p><a href=\"https:\/\/factory.sale\/wp-content\/uploads\/2024\/10\/Marble-lime-plaster-01.pdf\" target=\"_blank\" rel=\"noopener\">Tuoteohje<\/a><\/p>\n","protected":false},"excerpt":{"rendered":"<p>Marmori-kalkkilaasti on eritt\u00e4in hyv\u00e4 tarttuvuus ja pinnan lujuus, joten ne soveltuvat jopa vaativimmille pinnoille. Valikoimassa on kaksi eri v\u00e4ri\u00e4, molemmat kahdessa eri raekoossa \u2013 hienompana ja karkeampana.<\/p>\n<p>Marmori-kalkkilaasti voidaan s\u00e4vytt\u00e4\u00e4 luonnonsavilaastien ja pigmenttien avulla. Sopii sek\u00e4 sis\u00e4- ett\u00e4 ulkok\u00e4ytt\u00f6\u00f6n.<\/p>\n<p>&nbsp;<\/p>\n","protected":false},"featured_media":92641,"comment_status":"open","ping_status":"closed","template":"","meta":{"_acf_changed":false},"factory":[],"free-shipment":[],"product_brand":[4557],"product_cat":[3473,1321],"product_tag":[],"class_list":{"0":"post-92650","1":"product","2":"type-product","3":"status-publish","4":"has-post-thumbnail","6":"product_brand-uku","7":"product_cat-luonnolliset-rakennusratkaisut","8":"product_cat-yleinen-rakentaminen","10":"first","11":"instock","12":"sale","13":"taxable","14":"shipping-taxable","15":"purchasable","16":"product-type-simple"},"acf":[],"_links":{"self":[{"href":"https:\/\/factory.sale\/fi\/wp-json\/wp\/v2\/product\/92650","targetHints":{"allow":["GET"]}}],"collection":[{"href":"https:\/\/factory.sale\/fi\/wp-json\/wp\/v2\/product"}],"about":[{"href":"https:\/\/factory.sale\/fi\/wp-json\/wp\/v2\/types\/product"}],"replies":[{"embeddable":true,"href":"https:\/\/factory.sale\/fi\/wp-json\/wp\/v2\/comments?post=92650"}],"wp:featuredmedia":[{"embeddable":true,"href":"https:\/\/factory.sale\/fi\/wp-json\/wp\/v2\/media\/92641"}],"wp:attachment":[{"href":"https:\/\/factory.sale\/fi\/wp-json\/wp\/v2\/media?parent=92650"}],"wp:term":[{"taxonomy":"factory","embeddable":true,"href":"https:\/\/factory.sale\/fi\/wp-json\/wp\/v2\/factory?post=92650"},{"taxonomy":"free-shipment","embeddable":true,"href":"https:\/\/factory.sale\/fi\/wp-json\/wp\/v2\/free-shipment?post=92650"},{"taxonomy":"product_brand","embeddable":true,"href":"https:\/\/factory.sale\/fi\/wp-json\/wp\/v2\/product_brand?post=92650"},{"taxonomy":"product_cat","embeddable":true,"href":"https:\/\/factory.sale\/fi\/wp-json\/wp\/v2\/product_cat?post=92650"},{"taxonomy":"product_tag","embeddable":true,"href":"https:\/\/factory.sale\/fi\/wp-json\/wp\/v2\/product_tag?post=92650"}],"curies":[{"name":"wp","href":"https:\/\/api.w.org\/{rel}","templated":true}]}}