{"id":92627,"date":"2024-10-31T13:29:02","date_gmt":"2024-10-31T10:31:30","guid":{"rendered":"https:\/\/factory.sale\/?post_type=product&#038;p=92627"},"modified":"2025-08-15T12:36:04","modified_gmt":"2025-08-15T09:36:04","slug":"uku-kalkkimaali","status":"publish","type":"product","link":"https:\/\/factory.sale\/fi\/tuote\/uku-kalkkimaali\/","title":{"rendered":"UKU Kalkkimaali"},"content":{"rendered":"<p>UKU kalkkimaali on matta maali, joka peitt\u00e4\u00e4 hyvin ja tuo persoonallisuutta sileille pinnoille, j\u00e4tt\u00e4en pintaan kevyen tekstuurin. Luonnollista valkoista kalkkimaalia voidaan s\u00e4vytt\u00e4\u00e4 laajalla pigmenttivalikoimalla. UKU kalkkimaali sopii erinomaisesti sek\u00e4 historiallisten ett\u00e4 modernien rakennusten maalaamiseen sis\u00e4- ja ulkotiloissa.<\/p>\n<p>Kalkkimaali on loistava valinta niille, jotka etsiv\u00e4t luonnollista, kest\u00e4v\u00e4\u00e4 ja pitk\u00e4ik\u00e4ist\u00e4 v\u00e4ri\u00e4, joka on my\u00f6s esteettisesti miellytt\u00e4v\u00e4.<\/p>\n<p>Kalkkimaali on valmistettu luonnonmateriaaleista, mik\u00e4 tekee siit\u00e4 turvallisen ja ymp\u00e4rist\u00f6yst\u00e4v\u00e4llisen viimeistelyn.<\/p>\n<p>Kalkkimaalilla ei ole hajua, eik\u00e4 se sis\u00e4ll\u00e4 haihtuvia orgaanisia yhdisteit\u00e4 tai synteettisi\u00e4 liimoja ja s\u00e4il\u00f6nt\u00e4aineita. Sit\u00e4 voidaan k\u00e4ytt\u00e4\u00e4 miss\u00e4 tahansa talossa, mukaan lukien seiniss\u00e4 ja katoissa, sek\u00e4 kylpyhuoneessa, keitti\u00f6ss\u00e4, takkojen ja julkisivujen maalauksessa.<\/p>\n<p>Kalkkimaali ei est\u00e4 alustan vesih\u00f6yryn sitoutumista ja on helppo asentaa. V\u00e4rj\u00e4tyst\u00e4 pinnasta tulee matta, eik\u00e4 se heijasta valoa. T\u00e4ydellinen peitt\u00e4vyys saavutetaan kahdella kerroksella; siveltimell\u00e4 levitettyn\u00e4 se luo kauniin pilviefektin pinnalle.<\/p>\n<p>&nbsp;<\/p>\n<p><strong>Sopivat aluspinnat:<\/strong> rappaus (savisrapaus, kalkkirappaus, mineraalirapaukset), kivi (tiili, rakennebetoni), rakennuslohko (Bauroc, Fibo, Columbia), kipsilevy (Knauf, Fermacell).<\/p>\n<p>&nbsp;<\/p>\n<p>&nbsp;<\/p>\n<ul>\n<li>V\u00e4ri: valkoinen. Voidaan s\u00e4vytt\u00e4\u00e4 pigmenteill\u00e4.<\/li>\n<li>Raekoko: 0\u20130,2 mm<\/li>\n<li>Kulutus: 0,2 kg\/m\u00b2 kahdella kerroksella<\/li>\n<li>Pakkaus: 1 kg \u00e4mp\u00e4ri, 5 kg \u00e4mp\u00e4ri, 10 kg \u00e4mp\u00e4ri<\/li>\n<\/ul>\n<p>&nbsp;<\/p>\n<p>&nbsp;<\/p>\n<p>&nbsp;<\/p>\n<p><a href=\"https:\/\/factory.sale\/wp-content\/uploads\/2024\/10\/Lime-paint.pdf\" target=\"_blank\" rel=\"noopener\">Tuoteohje<\/a><\/p>\n<p><a href=\"https:\/\/factory.sale\/wp-content\/uploads\/2024\/10\/Lime-paint.pdf\" target=\"_blank\" rel=\"noopener\">P\u00e4\u00e4v\u00e4rit<\/a><\/p>\n<p>&nbsp;<\/p>\n<p>&nbsp;<\/p>\n<div class=\"video-wrapper \"><iframe loading=\"lazy\" title=\"Preparing UKU structural lime paint for application\" width=\"500\" height=\"281\" src=\"https:\/\/www.youtube.com\/embed\/Pahg4XVHYU8?feature=oembed\" frameborder=\"0\" allow=\"accelerometer; autoplay; clipboard-write; encrypted-media; gyroscope; picture-in-picture; web-share\" referrerpolicy=\"strict-origin-when-cross-origin\" allowfullscreen><\/iframe><\/div>\n<div class=\"video-wrapper \"><iframe loading=\"lazy\" title=\"Applying UKU structural lime paint\" width=\"500\" height=\"281\" src=\"https:\/\/www.youtube.com\/embed\/UZKgErMJa-Y?feature=oembed\" frameborder=\"0\" allow=\"accelerometer; autoplay; clipboard-write; encrypted-media; gyroscope; picture-in-picture; web-share\" referrerpolicy=\"strict-origin-when-cross-origin\" allowfullscreen><\/iframe><\/div>\n","protected":false},"excerpt":{"rendered":"<p>Kalkkimaali on matta maali, joka peitt\u00e4\u00e4 hyvin ja tuo persoonallisuutta sileille pinnoille, j\u00e4tt\u00e4en pintaan kevyen tekstuurin. Luonnollista valkoista kalkkimaalia voidaan s\u00e4vytt\u00e4\u00e4 laajalla pigmenttivalikoimalla. UKU kalkkimaali sopii erinomaisesti sek\u00e4 historiallisten ett\u00e4 modernien rakennusten maalaamiseen sis\u00e4- ja ulkotiloissa.<\/p>\n","protected":false},"featured_media":92621,"comment_status":"open","ping_status":"closed","template":"","meta":{"_acf_changed":false},"factory":[],"free-shipment":[],"product_brand":[],"product_cat":[3471,768],"product_tag":[1577],"class_list":{"0":"post-92627","1":"product","2":"type-product","3":"status-publish","4":"has-post-thumbnail","6":"product_cat-natural-building-solutions","7":"product_cat-general-construction","8":"product_tag-paint","10":"first","11":"instock","12":"sale","13":"taxable","14":"shipping-taxable","15":"purchasable","16":"product-type-simple"},"acf":[],"_links":{"self":[{"href":"https:\/\/factory.sale\/fi\/wp-json\/wp\/v2\/product\/92627","targetHints":{"allow":["GET"]}}],"collection":[{"href":"https:\/\/factory.sale\/fi\/wp-json\/wp\/v2\/product"}],"about":[{"href":"https:\/\/factory.sale\/fi\/wp-json\/wp\/v2\/types\/product"}],"replies":[{"embeddable":true,"href":"https:\/\/factory.sale\/fi\/wp-json\/wp\/v2\/comments?post=92627"}],"wp:featuredmedia":[{"embeddable":true,"href":"https:\/\/factory.sale\/fi\/wp-json\/wp\/v2\/media\/92621"}],"wp:attachment":[{"href":"https:\/\/factory.sale\/fi\/wp-json\/wp\/v2\/media?parent=92627"}],"wp:term":[{"taxonomy":"factory","embeddable":true,"href":"https:\/\/factory.sale\/fi\/wp-json\/wp\/v2\/factory?post=92627"},{"taxonomy":"free-shipment","embeddable":true,"href":"https:\/\/factory.sale\/fi\/wp-json\/wp\/v2\/free-shipment?post=92627"},{"taxonomy":"product_brand","embeddable":true,"href":"https:\/\/factory.sale\/fi\/wp-json\/wp\/v2\/product_brand?post=92627"},{"taxonomy":"product_cat","embeddable":true,"href":"https:\/\/factory.sale\/fi\/wp-json\/wp\/v2\/product_cat?post=92627"},{"taxonomy":"product_tag","embeddable":true,"href":"https:\/\/factory.sale\/fi\/wp-json\/wp\/v2\/product_tag?post=92627"}],"curies":[{"name":"wp","href":"https:\/\/api.w.org\/{rel}","templated":true}]}}