{"id":92612,"date":"2024-10-31T13:33:34","date_gmt":"2024-10-31T10:35:42","guid":{"rendered":"https:\/\/factory.sale\/?post_type=product&#038;p=92612"},"modified":"2024-11-01T01:21:51","modified_gmt":"2024-10-31T22:21:51","slug":"tiivistetty-saviseos","status":"publish","type":"product","link":"https:\/\/factory.sale\/fi\/tuote\/tiivistetty-saviseos\/","title":{"rendered":"Tiivistetty saviseos"},"content":{"rendered":"<p>Tiivistetty savi on savisekoitus, jota k\u00e4ytet\u00e4\u00e4n massiivisten seinien rakentamiseen ja savirakennusten merkitt\u00e4viin korjauksiin. Tiivistysprosessi j\u00e4tt\u00e4\u00e4 sein\u00e4pintaan ominaiset vaakasuorat raidat, jotka ovat ainutlaatuisia ja silmiinpist\u00e4vi\u00e4 sisustuksessa.<\/p>\n<p>Kest\u00e4vyuden ja alhaisen ymp\u00e4rist\u00f6vaikutuksen lis\u00e4ksi tiivistetyist\u00e4 saviseinist\u00e4 on esteettinen etu. Seini\u00e4 j\u00e4tet\u00e4\u00e4n enimm\u00e4kseen viimeistelem\u00e4tt\u00f6miksi, jolloin savipinnan luonnollinen tekstuuri ja v\u00e4ri p\u00e4\u00e4sev\u00e4t esille.<\/p>\n<p>Tiivistystekniikkaa on k\u00e4ytetty eri puolilla maailmaa tuhansia vuosia, ja sit\u00e4 k\u00e4ytet\u00e4\u00e4n edelleen kest\u00e4v\u00e4n\u00e4 ja kustannustehokkaana rakentamismenetelm\u00e4n\u00e4.<\/p>\n<p>Savisilla seinill\u00e4 on ainutlaatuinen orgaaninen ulkon\u00e4k\u00f6, joka sulautuu saumattomasti luonnolliseen ymp\u00e4rist\u00f6\u00f6n.<\/p>\n<p>Kun sein\u00e4n muotoa ja kokoa vastaava muotti tai kehys on paikallaan, se t\u00e4ytet\u00e4\u00e4n kerros kerrokselta kostealla tiivistysseoksella. Seos tiivistet\u00e4\u00e4n sitten k\u00e4sin tai mekaanisten ty\u00f6kalujen, kuten pneumattisten tiivistimien avulla. Tiivist\u00e4minen puristaa tiivistetyn saviseoksen, poistaen kaikki ilmakuplat ja luoden tihe\u00e4n, vahvan sein\u00e4n. Kerralla tiivistet\u00e4\u00e4n yleens\u00e4 10\u201320 cm seosta, sill\u00e4 muussa tapauksessa seoksen alareuna voi j\u00e4\u00e4d\u00e4 pehme\u00e4ksi riitt\u00e4m\u00e4tt\u00f6m\u00e4n tiivist\u00e4misen vuoksi.<\/p>\n<p>Auringon l\u00e4mp\u00f6\u00e4 ker\u00e4\u00e4vill\u00e4 saviseinill\u00e4 on erinomainen l\u00e4mp\u00f6massaa, mik\u00e4 tarkoittaa, ett\u00e4 ne voivat ime\u00e4 ja varastoida l\u00e4mp\u00f6\u00e4 p\u00e4iv\u00e4ll\u00e4 ja vapauttaa sit\u00e4 y\u00f6ll\u00e4, v\u00e4hent\u00e4en l\u00e4mmitys- ja j\u00e4\u00e4hdytysj\u00e4rjestelmien tarvetta. T\u00e4m\u00e4 tietenkin, jos aurinko paistaa niille.<\/p>\n<p>&nbsp;<\/p>\n<ul>\n<li>V\u00e4ri: tummanpunainen<\/li>\n<li>Raekoko: 0\u20138 mm<\/li>\n<li>Kulutus: 1500\u20132000 kg\/m\u00b3<\/li>\n<li>Pakkaus: 25 kg (500 kg \/ 1000 kg Big-Bag erikoistilauksesta)<\/li>\n<\/ul>\n<p>&nbsp;<\/p>\n<p>&nbsp;<\/p>\n<p><a href=\"https:\/\/factory.sale\/wp-content\/uploads\/2024\/10\/Rammed-earth.pdf\" target=\"_blank\" rel=\"noopener\">Tuoteohje<\/a><\/p>\n","protected":false},"excerpt":{"rendered":"<p>Tiivistetty savi on savisekoitus, jota k\u00e4ytet\u00e4\u00e4n massiivisten seinien rakentamiseen ja savirakennusten merkitt\u00e4viin korjauksiin. Tiivistysprosessi j\u00e4tt\u00e4\u00e4 sein\u00e4pintaan ominaiset vaakasuorat raidat, jotka ovat ainutlaatuisia ja silmiinpist\u00e4vi\u00e4 sisustuksessa.<\/p>\n","protected":false},"featured_media":92602,"comment_status":"open","ping_status":"closed","template":"","meta":{"_acf_changed":false},"factory":[],"free-shipment":[],"product_brand":[],"product_cat":[3109,1759],"product_tag":[],"class_list":{"0":"post-92612","1":"product","2":"type-product","3":"status-publish","4":"has-post-thumbnail","6":"product_cat-savituotteet","7":"product_cat-viimeistely","9":"first","10":"instock","11":"sale","12":"taxable","13":"shipping-taxable","14":"purchasable","15":"product-type-simple"},"acf":[],"_links":{"self":[{"href":"https:\/\/factory.sale\/fi\/wp-json\/wp\/v2\/product\/92612","targetHints":{"allow":["GET"]}}],"collection":[{"href":"https:\/\/factory.sale\/fi\/wp-json\/wp\/v2\/product"}],"about":[{"href":"https:\/\/factory.sale\/fi\/wp-json\/wp\/v2\/types\/product"}],"replies":[{"embeddable":true,"href":"https:\/\/factory.sale\/fi\/wp-json\/wp\/v2\/comments?post=92612"}],"wp:featuredmedia":[{"embeddable":true,"href":"https:\/\/factory.sale\/fi\/wp-json\/wp\/v2\/media\/92602"}],"wp:attachment":[{"href":"https:\/\/factory.sale\/fi\/wp-json\/wp\/v2\/media?parent=92612"}],"wp:term":[{"taxonomy":"factory","embeddable":true,"href":"https:\/\/factory.sale\/fi\/wp-json\/wp\/v2\/factory?post=92612"},{"taxonomy":"free-shipment","embeddable":true,"href":"https:\/\/factory.sale\/fi\/wp-json\/wp\/v2\/free-shipment?post=92612"},{"taxonomy":"product_brand","embeddable":true,"href":"https:\/\/factory.sale\/fi\/wp-json\/wp\/v2\/product_brand?post=92612"},{"taxonomy":"product_cat","embeddable":true,"href":"https:\/\/factory.sale\/fi\/wp-json\/wp\/v2\/product_cat?post=92612"},{"taxonomy":"product_tag","embeddable":true,"href":"https:\/\/factory.sale\/fi\/wp-json\/wp\/v2\/product_tag?post=92612"}],"curies":[{"name":"wp","href":"https:\/\/api.w.org\/{rel}","templated":true}]}}