{"id":92589,"date":"2024-10-31T13:37:38","date_gmt":"2024-10-31T10:39:39","guid":{"rendered":"https:\/\/factory.sale\/?post_type=product&#038;p=92589"},"modified":"2024-11-01T04:35:21","modified_gmt":"2024-11-01T01:35:21","slug":"puristettu-saviplokki","status":"publish","type":"product","link":"https:\/\/factory.sale\/fi\/tuote\/puristettu-saviplokki\/","title":{"rendered":"Puristettu saviplokki"},"content":{"rendered":"<p>Polttamaton savitiili eli puristettu saviplokki on savesta valmistettu rakennuskivi, jota ei ole poltettu. Englanniksi tunnetaan nimell\u00e4 CEB \u2013 compressed earth block. Polttamattomat savitiilet ovat savesta ja hiekasta muotoiltuja rakennuskivi\u00e4, jotka soveltuvat sek\u00e4 kantavien ett\u00e4 ei-kantavien seinien rakentamiseen.<\/p>\n<p>Etel\u00e4-Virossa valmistettuja savitiili\u00e4 k\u00e4ytet\u00e4\u00e4n seinien rakentamisen lis\u00e4ksi my\u00f6s uunien, liesien, takkojen ja l\u00e4mp\u00f6seinien muuraamiseen. Polttamattomia savitiili\u00e4 k\u00e4ytet\u00e4\u00e4n laajalti my\u00f6s savitalojen kunnostuksessa, kun seiniss\u00e4 on tarvetta t\u00e4ytt\u00e4\u00e4 suurempia aukkoja ja halkeamia.<\/p>\n<p>Polttamattomat savitiilet sopivat allergikoille, sill\u00e4 ne pit\u00e4v\u00e4t ilman kosteuden noin 50 % tasolla, mik\u00e4 est\u00e4\u00e4 homeen muodostumista.<\/p>\n<p>UKU polttamattomat savitiilet s\u00e4ilytt\u00e4v\u00e4t ainutlaatuiset l\u00e4mm\u00f6nvaraus- ja kosteudens\u00e4\u00e4telyominaisuutensa, jotka menetet\u00e4\u00e4n poltettaessa.<\/p>\n<p>Savi s\u00e4\u00e4telee sis\u00e4ilman kosteutta luonnollisella tavalla. Kosteassa ilmassa savitiilisein\u00e4 imee ylim\u00e4\u00e4r\u00e4isen kosteuden, mutta kuivassa ilmassa se vapauttaa kosteutta takaisin huoneeseen.<\/p>\n<p>Suuren massansa ansiosta saviplokeilla on kyky varastoida l\u00e4mp\u00f6\u00e4 ja vapauttaa sit\u00e4 kylmemp\u00e4n\u00e4 kautena, mik\u00e4 v\u00e4hent\u00e4\u00e4 rakennuksen suuria l\u00e4mp\u00f6tilanvaihteluita.<\/p>\n<p>&nbsp;<\/p>\n<p><strong>V\u00e4ri:<\/strong> punainen, harmaa<\/p>\n<p>&nbsp;<\/p>\n<p><strong>Mitat:<\/strong><\/p>\n<p>295 x 140 x 90 mm<\/p>\n<p>295 x 140 x 70 mm<\/p>\n<p>295 x 140 x 50 mm<\/p>\n<p>&nbsp;<\/p>\n<p>&nbsp;<\/p>\n<p><strong><em>Hinnat alkaen: 18,75 \u20ac, hinta riippuu koosta; kysy lis\u00e4tietoja.<\/em><\/strong><\/p>\n","protected":false},"excerpt":{"rendered":"<p>Polttamaton savitiili eli puristettu saviplokki on savesta valmistettu rakennuskivi, jota ei ole poltettu. Englanniksi tunnetaan nimell\u00e4 CEB \u2013 compressed earth block. Polttamattomat savitiilet ovat savesta ja hiekasta muotoiltuja rakennuskivi\u00e4, jotka soveltuvat sek\u00e4 kantavien ett\u00e4 ei-kantavien seinien rakentamiseen.<\/p>\n","protected":false},"featured_media":92582,"comment_status":"open","ping_status":"closed","template":"","meta":{"_acf_changed":false},"factory":[],"free-shipment":[],"product_brand":[],"product_cat":[3109,1321],"product_tag":[],"class_list":{"0":"post-92589","1":"product","2":"type-product","3":"status-publish","4":"has-post-thumbnail","6":"product_cat-savituotteet","7":"product_cat-yleinen-rakentaminen","9":"first","10":"instock","11":"sale","12":"taxable","13":"shipping-taxable","14":"purchasable","15":"product-type-simple"},"acf":[],"_links":{"self":[{"href":"https:\/\/factory.sale\/fi\/wp-json\/wp\/v2\/product\/92589","targetHints":{"allow":["GET"]}}],"collection":[{"href":"https:\/\/factory.sale\/fi\/wp-json\/wp\/v2\/product"}],"about":[{"href":"https:\/\/factory.sale\/fi\/wp-json\/wp\/v2\/types\/product"}],"replies":[{"embeddable":true,"href":"https:\/\/factory.sale\/fi\/wp-json\/wp\/v2\/comments?post=92589"}],"wp:featuredmedia":[{"embeddable":true,"href":"https:\/\/factory.sale\/fi\/wp-json\/wp\/v2\/media\/92582"}],"wp:attachment":[{"href":"https:\/\/factory.sale\/fi\/wp-json\/wp\/v2\/media?parent=92589"}],"wp:term":[{"taxonomy":"factory","embeddable":true,"href":"https:\/\/factory.sale\/fi\/wp-json\/wp\/v2\/factory?post=92589"},{"taxonomy":"free-shipment","embeddable":true,"href":"https:\/\/factory.sale\/fi\/wp-json\/wp\/v2\/free-shipment?post=92589"},{"taxonomy":"product_brand","embeddable":true,"href":"https:\/\/factory.sale\/fi\/wp-json\/wp\/v2\/product_brand?post=92589"},{"taxonomy":"product_cat","embeddable":true,"href":"https:\/\/factory.sale\/fi\/wp-json\/wp\/v2\/product_cat?post=92589"},{"taxonomy":"product_tag","embeddable":true,"href":"https:\/\/factory.sale\/fi\/wp-json\/wp\/v2\/product_tag?post=92589"}],"curies":[{"name":"wp","href":"https:\/\/api.w.org\/{rel}","templated":true}]}}