{"id":92576,"date":"2024-10-31T13:42:08","date_gmt":"2024-10-31T11:05:37","guid":{"rendered":"https:\/\/factory.sale\/?post_type=product&#038;p=92576"},"modified":"2024-11-01T03:27:34","modified_gmt":"2024-11-01T00:27:34","slug":"cob-savipohjaseos","status":"publish","type":"product","link":"https:\/\/factory.sale\/fi\/tuote\/cob-savipohjaseos\/","title":{"rendered":"Cob savipohjaseos"},"content":{"rendered":"<p>Savipohjaseos on kehitetty j\u00e4ljittelem\u00e4\u00e4n vahvaa savipintaa. Sit\u00e4 voidaan k\u00e4ytt\u00e4\u00e4 talojen rakentamiseen, rakennuspalikoiden valmistamiseen ja jopa sein\u00e4pinnoilla kaarevien muotojen ja kulmien luomiseen.<\/p>\n<p>Pohjaseos sopii my\u00f6s savitalojen kunnostukseen ja savilattioiden rakentamiseen.<\/p>\n<p>Sana COB tulee vanhasta englanninkielisest\u00e4 sanasta, joka tarkoittaa \u201dpalaa\u201d tai \u201dleip\u00e4\u00e4\u201d.<\/p>\n<p>Pohjaseos on saven, hiekan ja oljen sekoitus. Riippuen k\u00e4ytt\u00f6kohteesta seokseen voidaan lis\u00e4t\u00e4 jopa 20 cm pitki\u00e4 oljenkorsia ty\u00f6prosessin aikana. Yleens\u00e4 seos sekoitetaan jalkoja polkemalla tai erityisess\u00e4 sekoituskoneessa.<\/p>\n<p>Pohjaseos on vahva rakennusmateriaali, ja siit\u00e4 rakennetut talot voivat kest\u00e4\u00e4 tuhansia vuosia. Vanhin tunnettu pohjaseoksella rakennettu talo on 10 000 vuotta vanha.<\/p>\n<p>&nbsp;<\/p>\n<ul>\n<li>V\u00e4ri: tummanpunainen<\/li>\n<li>Raekoko: 0\u20138 mm<\/li>\n<li>Pakkaus: 25 kg (500 kg \/ 1000 kg Big-Bag erikoistilauksesta)<\/li>\n<\/ul>\n<p>&nbsp;<\/p>\n<p>&nbsp;<\/p>\n<p><strong><em>Hinnat alkaen: 18,75 \u20ac, hinta riippuu s\u00e4kin koosta, kysy lis\u00e4tietoja.<\/em><\/strong><\/p>\n","protected":false},"excerpt":{"rendered":"<p>Savipohjaseos on kehitetty j\u00e4ljittelem\u00e4\u00e4n vahvaa savipintaa. Sit\u00e4 voidaan k\u00e4ytt\u00e4\u00e4 talojen rakentamiseen, rakennuspalikoiden valmistamiseen ja jopa sein\u00e4pinnoilla kaarevien muotojen ja kulmien luomiseen.<\/p>\n<p>Pohjaseos sopii my\u00f6s savitalojen kunnostukseen ja savilattioiden rakentamiseen.<\/p>\n","protected":false},"featured_media":92570,"comment_status":"open","ping_status":"closed","template":"","meta":{"_acf_changed":false},"factory":[],"free-shipment":[],"product_brand":[],"product_cat":[3109,1759],"product_tag":[],"class_list":{"0":"post-92576","1":"product","2":"type-product","3":"status-publish","4":"has-post-thumbnail","6":"product_cat-savituotteet","7":"product_cat-viimeistely","9":"first","10":"instock","11":"sale","12":"taxable","13":"shipping-taxable","14":"purchasable","15":"product-type-simple"},"acf":[],"_links":{"self":[{"href":"https:\/\/factory.sale\/fi\/wp-json\/wp\/v2\/product\/92576","targetHints":{"allow":["GET"]}}],"collection":[{"href":"https:\/\/factory.sale\/fi\/wp-json\/wp\/v2\/product"}],"about":[{"href":"https:\/\/factory.sale\/fi\/wp-json\/wp\/v2\/types\/product"}],"replies":[{"embeddable":true,"href":"https:\/\/factory.sale\/fi\/wp-json\/wp\/v2\/comments?post=92576"}],"wp:featuredmedia":[{"embeddable":true,"href":"https:\/\/factory.sale\/fi\/wp-json\/wp\/v2\/media\/92570"}],"wp:attachment":[{"href":"https:\/\/factory.sale\/fi\/wp-json\/wp\/v2\/media?parent=92576"}],"wp:term":[{"taxonomy":"factory","embeddable":true,"href":"https:\/\/factory.sale\/fi\/wp-json\/wp\/v2\/factory?post=92576"},{"taxonomy":"free-shipment","embeddable":true,"href":"https:\/\/factory.sale\/fi\/wp-json\/wp\/v2\/free-shipment?post=92576"},{"taxonomy":"product_brand","embeddable":true,"href":"https:\/\/factory.sale\/fi\/wp-json\/wp\/v2\/product_brand?post=92576"},{"taxonomy":"product_cat","embeddable":true,"href":"https:\/\/factory.sale\/fi\/wp-json\/wp\/v2\/product_cat?post=92576"},{"taxonomy":"product_tag","embeddable":true,"href":"https:\/\/factory.sale\/fi\/wp-json\/wp\/v2\/product_tag?post=92576"}],"curies":[{"name":"wp","href":"https:\/\/api.w.org\/{rel}","templated":true}]}}