{"id":92564,"date":"2024-10-27T17:17:07","date_gmt":"2024-10-31T11:11:38","guid":{"rendered":"https:\/\/factory.sale\/?post_type=product&#038;p=92564"},"modified":"2024-10-31T22:00:50","modified_gmt":"2024-10-31T19:00:50","slug":"saviliimaseos","status":"publish","type":"product","link":"https:\/\/factory.sale\/fi\/tuote\/saviliimaseos\/","title":{"rendered":"Saviliimaseos"},"content":{"rendered":"<p>Saviliimaseosta k\u00e4ytet\u00e4\u00e4n saviseinien kunnostust\u00f6iss\u00e4, jolloin koko pinta peitet\u00e4\u00e4n ohuella liimaseoskerroksella juuri ennen rappausta tai t\u00e4ytt\u00f6\u00e4. T\u00e4m\u00e4 savipitoinen seos varmistaa t\u00e4ydellisen tarttuvuuden pinnan ja t\u00e4ytekerroksen v\u00e4lill\u00e4, ja on erinomainen apu savirakennusten kunnostuksessa tai olkitalojen sis\u00e4pintojen rappauksessa.<\/p>\n<p>Seosta k\u00e4ytet\u00e4\u00e4n my\u00f6s olkitalojen peitt\u00e4miseen ennen rappausta, jolloin seos painetaan k\u00e4sin olkien v\u00e4liin.<\/p>\n<p>Saviliimaseos on valmistettu savesta ja hiekasta, johon on lis\u00e4tty runsaasti pellavakuitua.<\/p>\n<p>&nbsp;<\/p>\n<p>&nbsp;<\/p>\n<ul>\n<li>V\u00e4ri: tummanpunainen<\/li>\n<li>Raekoko: 0\u20134 mm<\/li>\n<li>Pakkaus: 25 kg (500 kg \/ 1000 kg Big-Bag erikoistilauksesta)<\/li>\n<\/ul>\n","protected":false},"excerpt":{"rendered":"<p>Saviliimaseosta k\u00e4ytet\u00e4\u00e4n saviseinien kunnostust\u00f6iss\u00e4, jolloin koko pinta peitet\u00e4\u00e4n ohuella liimaseoskerroksella juuri ennen rappausta tai t\u00e4ytt\u00f6\u00e4. T\u00e4m\u00e4 savipitoinen seos varmistaa t\u00e4ydellisen tarttuvuuden pinnan ja t\u00e4ytekerroksen v\u00e4lill\u00e4, ja on erinomainen apu savirakennusten kunnostuksessa tai olkitalojen sis\u00e4pintojen rappauksessa.<\/p>\n","protected":false},"featured_media":92558,"comment_status":"open","ping_status":"closed","template":"","meta":{"_acf_changed":false},"factory":[],"free-shipment":[],"product_brand":[],"product_cat":[3109,1759],"product_tag":[],"class_list":{"0":"post-92564","1":"product","2":"type-product","3":"status-publish","4":"has-post-thumbnail","6":"product_cat-savituotteet","7":"product_cat-viimeistely","9":"first","10":"instock","11":"sale","12":"taxable","13":"shipping-taxable","14":"purchasable","15":"product-type-simple"},"acf":[],"_links":{"self":[{"href":"https:\/\/factory.sale\/fi\/wp-json\/wp\/v2\/product\/92564","targetHints":{"allow":["GET"]}}],"collection":[{"href":"https:\/\/factory.sale\/fi\/wp-json\/wp\/v2\/product"}],"about":[{"href":"https:\/\/factory.sale\/fi\/wp-json\/wp\/v2\/types\/product"}],"replies":[{"embeddable":true,"href":"https:\/\/factory.sale\/fi\/wp-json\/wp\/v2\/comments?post=92564"}],"wp:featuredmedia":[{"embeddable":true,"href":"https:\/\/factory.sale\/fi\/wp-json\/wp\/v2\/media\/92558"}],"wp:attachment":[{"href":"https:\/\/factory.sale\/fi\/wp-json\/wp\/v2\/media?parent=92564"}],"wp:term":[{"taxonomy":"factory","embeddable":true,"href":"https:\/\/factory.sale\/fi\/wp-json\/wp\/v2\/factory?post=92564"},{"taxonomy":"free-shipment","embeddable":true,"href":"https:\/\/factory.sale\/fi\/wp-json\/wp\/v2\/free-shipment?post=92564"},{"taxonomy":"product_brand","embeddable":true,"href":"https:\/\/factory.sale\/fi\/wp-json\/wp\/v2\/product_brand?post=92564"},{"taxonomy":"product_cat","embeddable":true,"href":"https:\/\/factory.sale\/fi\/wp-json\/wp\/v2\/product_cat?post=92564"},{"taxonomy":"product_tag","embeddable":true,"href":"https:\/\/factory.sale\/fi\/wp-json\/wp\/v2\/product_tag?post=92564"}],"curies":[{"name":"wp","href":"https:\/\/api.w.org\/{rel}","templated":true}]}}