{"id":92543,"date":"2024-10-27T17:01:17","date_gmt":"2024-10-27T14:02:49","guid":{"rendered":"https:\/\/factory.sale\/?post_type=product&#038;p=92543"},"modified":"2024-10-27T17:03:33","modified_gmt":"2024-10-27T14:03:33","slug":"savilaasti-tulisijoille","status":"publish","type":"product","link":"https:\/\/factory.sale\/fi\/tuote\/savilaasti-tulisijoille\/","title":{"rendered":"Savilaasti tulisijoille"},"content":{"rendered":"<p>Uuniseos on tarkoitettu vahvojen ja kest\u00e4vien tulisijojen (uunien, takkojen, liesien) ulkokuoren muuraamiseen ja korjaamiseen sek\u00e4 savupiippujen, l\u00e4mpimien seinien ja savuhormien korjaust\u00f6ihin sis\u00e4tiloissa. Se sopii ihanteellisesti raakasavi- ja poltettujen tiilien ladontaan sek\u00e4 potin kivien t\u00e4ytt\u00f6\u00f6n.<\/p>\n<p>UKU uuniseoksella on eritt\u00e4in hyv\u00e4 tarttuvuus, ty\u00f6stett\u00e4vyys ja pinnan lujuus; se kest\u00e4\u00e4 suuria l\u00e4mp\u00f6tilan vaihteluita, ei sis\u00e4ll\u00e4 terveydelle haitallisia aineita ja on ihoyst\u00e4v\u00e4llinen.<\/p>\n<p>UKU uuniseos on sementit\u00f6n eik\u00e4 sis\u00e4ll\u00e4 vaarallisia lis\u00e4aineita, ollen 100 % luonnollinen ja kierr\u00e4tett\u00e4v\u00e4 materiaali.<\/p>\n<p>Savinen uuniseos soveltuu my\u00f6s v\u00e4liseinien ja kantavien seinien rakentamiseen sek\u00e4 tulisijojen ulkokuoren ladontaan. Valmissekoitettu uuniseos on turvallista k\u00e4ytt\u00e4\u00e4 my\u00f6s seuraavana p\u00e4iv\u00e4n\u00e4.<\/p>\n<p>Etel\u00e4-Virossa valmistetut UKU korkealaatuiset uuniseokset koostuvat laadukkaasta savesta ja erityisell\u00e4 seulontak\u00e4yr\u00e4ll\u00e4 valitusta hiekasta, johon on lis\u00e4tty osmank\u00e4\u00e4mikuitua.<\/p>\n<p>Eriv\u00e4risten saumojen luomiseksi voidaan k\u00e4ytt\u00e4\u00e4 j\u00e4lkisaumaustekniikkaa, j\u00e4tt\u00e4en ladonnassa 5\u201310 mm syv\u00e4n sauman, joka voidaan my\u00f6hemmin s\u00e4vytt\u00e4\u00e4 haluttuun v\u00e4riin UKU koriste- tai viimeistelykipseill\u00e4. Saumat voidaan my\u00f6s maalata UKU savimaaleilla.<\/p>\n<p>&nbsp;<\/p>\n<ul>\n<li>V\u00e4ris\u00e4vyt: tummanpunainen, sininen \/ Erikoistilauksesta ruskea, punainen, harmaa<\/li>\n<li>Raekoko: 0\u20132 mm<\/li>\n<li>Kulutus: 0,6\u20131 kg\/tiili<\/li>\n<li>Sauman maksimipaksuus: 6\u20138 mm<\/li>\n<li>Pakkaus: 25 kg s\u00e4kki<\/li>\n<\/ul>\n<p>&nbsp;<\/p>\n<p>&nbsp;<\/p>\n<p><a href=\"https:\/\/factory.sale\/wp-content\/uploads\/2024\/10\/Masonry-mix.pdf\" target=\"_blank\" rel=\"noopener\">Tuotteen k\u00e4ytt\u00f6ohje<\/a><\/p>\n","protected":false},"excerpt":{"rendered":"<p>Uuniseos on tarkoitettu vahvojen ja kest\u00e4vien tulisijojen (uunien, takkojen, liesien) ulkokuoren muuraamiseen ja korjaamiseen sek\u00e4 savupiippujen, l\u00e4mpimien seinien ja savuhormien korjaust\u00f6ihin sis\u00e4tiloissa. Se sopii ihanteellisesti raakasavi- ja poltettujen tiilien ladontaan sek\u00e4 potin kivien t\u00e4ytt\u00f6\u00f6n.<\/p>\n","protected":false},"featured_media":92547,"comment_status":"open","ping_status":"closed","template":"","meta":{"_acf_changed":false},"factory":[],"free-shipment":[],"product_brand":[],"product_cat":[3109,1759],"product_tag":[],"class_list":{"0":"post-92543","1":"product","2":"type-product","3":"status-publish","4":"has-post-thumbnail","6":"product_cat-savituotteet","7":"product_cat-viimeistely","9":"first","10":"instock","11":"sale","12":"taxable","13":"shipping-taxable","14":"purchasable","15":"product-type-simple"},"acf":[],"_links":{"self":[{"href":"https:\/\/factory.sale\/fi\/wp-json\/wp\/v2\/product\/92543","targetHints":{"allow":["GET"]}}],"collection":[{"href":"https:\/\/factory.sale\/fi\/wp-json\/wp\/v2\/product"}],"about":[{"href":"https:\/\/factory.sale\/fi\/wp-json\/wp\/v2\/types\/product"}],"replies":[{"embeddable":true,"href":"https:\/\/factory.sale\/fi\/wp-json\/wp\/v2\/comments?post=92543"}],"wp:featuredmedia":[{"embeddable":true,"href":"https:\/\/factory.sale\/fi\/wp-json\/wp\/v2\/media\/92547"}],"wp:attachment":[{"href":"https:\/\/factory.sale\/fi\/wp-json\/wp\/v2\/media?parent=92543"}],"wp:term":[{"taxonomy":"factory","embeddable":true,"href":"https:\/\/factory.sale\/fi\/wp-json\/wp\/v2\/factory?post=92543"},{"taxonomy":"free-shipment","embeddable":true,"href":"https:\/\/factory.sale\/fi\/wp-json\/wp\/v2\/free-shipment?post=92543"},{"taxonomy":"product_brand","embeddable":true,"href":"https:\/\/factory.sale\/fi\/wp-json\/wp\/v2\/product_brand?post=92543"},{"taxonomy":"product_cat","embeddable":true,"href":"https:\/\/factory.sale\/fi\/wp-json\/wp\/v2\/product_cat?post=92543"},{"taxonomy":"product_tag","embeddable":true,"href":"https:\/\/factory.sale\/fi\/wp-json\/wp\/v2\/product_tag?post=92543"}],"curies":[{"name":"wp","href":"https:\/\/api.w.org\/{rel}","templated":true}]}}