{"id":92531,"date":"2024-10-31T14:17:31","date_gmt":"2024-10-31T11:19:43","guid":{"rendered":"https:\/\/factory.sale\/?post_type=product&#038;p=92531"},"modified":"2025-04-24T14:04:24","modified_gmt":"2025-04-24T11:04:24","slug":"savi-viimeistelykipsi","status":"publish","type":"product","link":"https:\/\/factory.sale\/fi\/tuote\/savi-viimeistelykipsi\/","title":{"rendered":"Savipohjainen viimeistelylaasti"},"content":{"rendered":"<p>Savipohjaista viimeistelylaasti k\u00e4ytet\u00e4\u00e4n alustakipsin ep\u00e4tasaisuuksien t\u00e4ytt\u00e4miseen ja tasoittamiseen tai rakenteellisen viimeistelyn luomiseen.<\/p>\n<p>UKU viimeistelylaastia voidaan k\u00e4ytt\u00e4\u00e4 my\u00f6s alustalaastinapinnoilla, joissa laastikerroksen on oltava mahdollisimman ohut.<\/p>\n<p>Savi viimeistelylaasti on monik\u00e4ytt\u00f6inen laasti, joka soveltuu monenlaisiin eri t\u00f6ihin.<\/p>\n<p>Savi viimeistelylaasti koostuu laadukkaasta savesta ja erityisell\u00e4 seulontamenetelm\u00e4ll\u00e4 valitusta hiekasta, johon on lis\u00e4tty osmank\u00e4\u00e4min kuitua. UKU savi viimeistelylaastit on testattu Saksan savilaastitandardin DIN 18947: 2013-08 mukaisesti ja ne kuuluvat korkeimpaan lujuusluokkaan S II.<\/p>\n<p>Riitt\u00e4v\u00e4n paksu savilaastikerros (1-2 cm) s\u00e4\u00e4telee huoneen ilmankosteutta, varastoi l\u00e4mp\u00f6\u00e4, neutralisoi s\u00e4hk\u00f6magneettista saastetta, v\u00e4hent\u00e4\u00e4 kaikua, ehk\u00e4isee homeen muodostumista ja sopii allergikoille. UKU savi viimeistelykipsi tarttuu hyvin, on helposti ty\u00f6stett\u00e4v\u00e4, kest\u00e4v\u00e4 ja t\u00e4ysin luonnollinen sek\u00e4 kierr\u00e4tett\u00e4v\u00e4.<\/p>\n<p><strong>Savi viimeistelylaasti soveltuu<\/strong> erilaisten pintojen rappaamiseen kuivissa sis\u00e4tiloissa.<\/p>\n<p>&nbsp;<\/p>\n<p>&nbsp;<\/p>\n<p><strong>Sopivat alustat:<\/strong><\/p>\n<ul>\n<li>Puu (peitetty ruokomatoilla tai muulla verkolla)<\/li>\n<li>Kivi (tiili, betonirakenne)<\/li>\n<li>Blokit (Bauroc, Fibo, Columbia)<\/li>\n<li>Kipsilevy (Knauf*, Fermacell) *Paperilla p\u00e4\u00e4llystetty kipsilevy vaatii pohjustuksen.<\/li>\n<li>Kipsit (savikipsi, kalkkikipsi, mineraalikipsit)<\/li>\n<li>Oljet (oljesta rakennetut sein\u00e4t)<\/li>\n<li>Ruoko (ohut ruokomatto, ruokopaneeli)<\/li>\n<\/ul>\n<p>&nbsp;<\/p>\n<p><strong>V\u00e4ris\u00e4vyt:<\/strong> viininpunainen, tummanpunainen, punainen, ruskea, harmaa, sininen<\/p>\n<p><strong>Raekoko:<\/strong> 0\u20132 mm<\/p>\n<p><strong>Kulutus:<\/strong> 7-10 kg\/m\u00b2<\/p>\n<p><strong>Pakkaus:<\/strong> 25 kg (500 kg ja 1000 kg Big-Bag erikoistilauksesta, paitsi tummanpunainen)<\/p>\n<p>&nbsp;<\/p>\n<p>&nbsp;<\/p>\n<p>&nbsp;<\/p>\n<p><em><strong>Hinnat alkaen\u00a020 \u20ac, hinta riippuu s\u00e4kin koosta; lis\u00e4tietoja pyydett\u00e4ess\u00e4.<\/strong><\/em><\/p>\n<p>&nbsp;<\/p>\n<p>&nbsp;<\/p>\n<p><a href=\"https:\/\/factory.sale\/wp-content\/uploads\/2024\/10\/Clay-finish.pdf\" target=\"_blank\" rel=\"noopener\">Tuotteen k\u00e4ytt\u00f6ohje<\/a><\/p>\n<p><a href=\"https:\/\/factory.sale\/wp-content\/uploads\/2024\/10\/Clay-finish.pdf\" target=\"_blank\" rel=\"noopener\">V\u00e4rikartta<\/a><\/p>\n","protected":false},"excerpt":{"rendered":"<p>Savi viimeistelykipsi\u00e4 k\u00e4ytet\u00e4\u00e4n alustakipsin ep\u00e4tasaisuuksien t\u00e4ytt\u00e4miseen ja tasoittamiseen tai rakenteellisen viimeistelyn luomiseen. UKU viimeistelykipsi\u00e4 voidaan k\u00e4ytt\u00e4\u00e4 my\u00f6s alustakipsin\u00e4 pinnoilla, joissa kipsikerroksen on oltava mahdollisimman ohut. Savi viimeistelykipsi on monik\u00e4ytt\u00f6inen kipsi, joka soveltuu monenlaisiin eri t\u00f6ihin.<\/p>\n","protected":false},"featured_media":92522,"comment_status":"open","ping_status":"closed","template":"","meta":{"_acf_changed":false},"factory":[],"free-shipment":[],"product_brand":[],"product_cat":[3109,1759],"product_tag":[],"class_list":{"0":"post-92531","1":"product","2":"type-product","3":"status-publish","4":"has-post-thumbnail","6":"product_cat-savituotteet","7":"product_cat-viimeistely","9":"first","10":"instock","11":"sale","12":"taxable","13":"shipping-taxable","14":"purchasable","15":"product-type-simple"},"acf":[],"_links":{"self":[{"href":"https:\/\/factory.sale\/fi\/wp-json\/wp\/v2\/product\/92531","targetHints":{"allow":["GET"]}}],"collection":[{"href":"https:\/\/factory.sale\/fi\/wp-json\/wp\/v2\/product"}],"about":[{"href":"https:\/\/factory.sale\/fi\/wp-json\/wp\/v2\/types\/product"}],"replies":[{"embeddable":true,"href":"https:\/\/factory.sale\/fi\/wp-json\/wp\/v2\/comments?post=92531"}],"wp:featuredmedia":[{"embeddable":true,"href":"https:\/\/factory.sale\/fi\/wp-json\/wp\/v2\/media\/92522"}],"wp:attachment":[{"href":"https:\/\/factory.sale\/fi\/wp-json\/wp\/v2\/media?parent=92531"}],"wp:term":[{"taxonomy":"factory","embeddable":true,"href":"https:\/\/factory.sale\/fi\/wp-json\/wp\/v2\/factory?post=92531"},{"taxonomy":"free-shipment","embeddable":true,"href":"https:\/\/factory.sale\/fi\/wp-json\/wp\/v2\/free-shipment?post=92531"},{"taxonomy":"product_brand","embeddable":true,"href":"https:\/\/factory.sale\/fi\/wp-json\/wp\/v2\/product_brand?post=92531"},{"taxonomy":"product_cat","embeddable":true,"href":"https:\/\/factory.sale\/fi\/wp-json\/wp\/v2\/product_cat?post=92531"},{"taxonomy":"product_tag","embeddable":true,"href":"https:\/\/factory.sale\/fi\/wp-json\/wp\/v2\/product_tag?post=92531"}],"curies":[{"name":"wp","href":"https:\/\/api.w.org\/{rel}","templated":true}]}}