{"id":92510,"date":"2024-10-31T14:28:49","date_gmt":"2024-10-31T11:31:53","guid":{"rendered":"https:\/\/factory.sale\/?post_type=product&#038;p=92510"},"modified":"2024-10-31T14:31:53","modified_gmt":"2024-10-31T11:31:53","slug":"savikoristekipsi","status":"publish","type":"product","link":"https:\/\/factory.sale\/fi\/tuote\/savikoristekipsi\/","title":{"rendered":"Savikoristekipsi"},"content":{"rendered":"<p>Savikoristekipsiss\u00e4 k\u00e4ytet\u00e4\u00e4n eriv\u00e4risi\u00e4 luonnonsaveja halutun s\u00e4vyn saavuttamiseksi.<\/p>\n<p>Savikoristekipsi sopii erilaisten pintojen rappaamiseen kuivissa sis\u00e4tiloissa, ja jokainen s\u00e4vy on saatavilla kahdessa eri raekoossa, mik\u00e4 tarjoaa mahdollisuuden valita mieluinen rakenne.<\/p>\n<p>UKU hienoviimeistelysavikipsit ovat 100 % luonnollisia. Ne on testattu Saksan savikipsistandardin DIN 18947: 2013-08 mukaisesti ja kuuluvat korkeimpaan lujuusluokkaan S II. Hienoviimeistelysavikipsi\u00e4 k\u00e4ytet\u00e4\u00e4n sis\u00e4tiloissa kuivissa tiloissa seinien, kattojen, uunien, takkojen ja liesien viimeistelyyn.<\/p>\n<p>UKU-savikipsiin voi lis\u00e4t\u00e4 DEKO-lis\u00e4aineita, kuten marmoria, olkea, pellavaa, simpukankuoria, fuksiittia. DEKO-sarja mahdollistaa entist\u00e4 persoonallisemman viimeistelyn, sill\u00e4 kaikkia hienoviimeistelykipsej\u00e4 voidaan rikastaa erilaisilla luonnollisilla lis\u00e4aineilla, mukaan lukien kristallit ja jalokivet.<\/p>\n<p>&nbsp;<\/p>\n<p>&nbsp;<\/p>\n<p><strong>Sopivat alustat:<\/strong> Soveltuu kaikille imukykyisille rappaus- ja tasoituspinnoille kuivissa sis\u00e4tiloissa.<\/p>\n<p>&nbsp;<\/p>\n<ul>\n<li>V\u00e4ris\u00e4vyt: yli 30 eri s\u00e4vy\u00e4<\/li>\n<li>Raekoko: 0\u20130,5 mm tai 0\u20131 mm<\/li>\n<li>Kulutus: 0,85\u20132,5 kg\/m\u00b2 (0\u20130,5 mm), 3,5\u20135 kg\/m\u00b2 (0\u20131 mm)<\/li>\n<li>Pakkaus: 25 kg s\u00e4kki \/ 20 kg s\u00e4kki (lumenvalkoinen)<\/li>\n<\/ul>\n<p>&nbsp;<\/p>\n<p>&nbsp;<\/p>\n<p>&nbsp;<\/p>\n<p><a href=\"https:\/\/factory.sale\/wp-content\/uploads\/2024\/10\/Clay-decorative-plaster-005.pdf\" target=\"_blank\" rel=\"noopener\">Tuotteen k\u00e4ytt\u00f6ohje 0\u20130,5 mm<\/a><\/p>\n<p><a href=\"https:\/\/factory.sale\/wp-content\/uploads\/2024\/10\/Clay-decorative-plaster-01.pdf\" target=\"_blank\" rel=\"noopener\">Tuotteen k\u00e4ytt\u00f6ohje 0\u20131 mm<\/a><\/p>\n<p><a href=\"https:\/\/factory.sale\/wp-content\/uploads\/2024\/10\/ENG-Clay-plaster.pdf\" target=\"_blank\" rel=\"noopener\">V\u00e4rikartta<\/a><\/p>\n<p>&nbsp;<\/p>\n<p>&nbsp;<\/p>\n<div class=\"video-wrapper \"><iframe loading=\"lazy\" title=\"How to clay plaster with natural clay plaster \/ Kuidas krohvida savikrohviga\" width=\"500\" height=\"281\" src=\"https:\/\/www.youtube.com\/embed\/7I1vNbODcl8?feature=oembed\" frameborder=\"0\" allow=\"accelerometer; autoplay; clipboard-write; encrypted-media; gyroscope; picture-in-picture; web-share\" referrerpolicy=\"strict-origin-when-cross-origin\" allowfullscreen><\/iframe><\/div>\n<div class=\"video-wrapper \"><iframe loading=\"lazy\" title=\"How to clay plaster with deko additives\" width=\"500\" height=\"281\" src=\"https:\/\/www.youtube.com\/embed\/HDlV-q0Hjfo?feature=oembed\" frameborder=\"0\" allow=\"accelerometer; autoplay; clipboard-write; encrypted-media; gyroscope; picture-in-picture; web-share\" referrerpolicy=\"strict-origin-when-cross-origin\" allowfullscreen><\/iframe><\/div>\n","protected":false},"excerpt":{"rendered":"<p>Savikoristekipsiss\u00e4 k\u00e4ytet\u00e4\u00e4n eriv\u00e4risi\u00e4 luonnonsaveja halutun s\u00e4vyn saavuttamiseksi.<\/p>\n<p>Savikoristekipsi sopii erilaisten pintojen rappaamiseen kuivissa sis\u00e4tiloissa, ja jokainen s\u00e4vy on saatavilla kahdessa eri raekoossa, mik\u00e4 tarjoaa mahdollisuuden valita mieluinen rakenne.<\/p>\n<p>&nbsp;<\/p>\n","protected":false},"featured_media":92501,"comment_status":"open","ping_status":"closed","template":"","meta":{"_acf_changed":false},"factory":[],"free-shipment":[],"product_brand":[],"product_cat":[3109,1759],"product_tag":[],"class_list":{"0":"post-92510","1":"product","2":"type-product","3":"status-publish","4":"has-post-thumbnail","6":"product_cat-savituotteet","7":"product_cat-viimeistely","9":"first","10":"instock","11":"sale","12":"taxable","13":"shipping-taxable","14":"purchasable","15":"product-type-simple"},"acf":[],"_links":{"self":[{"href":"https:\/\/factory.sale\/fi\/wp-json\/wp\/v2\/product\/92510","targetHints":{"allow":["GET"]}}],"collection":[{"href":"https:\/\/factory.sale\/fi\/wp-json\/wp\/v2\/product"}],"about":[{"href":"https:\/\/factory.sale\/fi\/wp-json\/wp\/v2\/types\/product"}],"replies":[{"embeddable":true,"href":"https:\/\/factory.sale\/fi\/wp-json\/wp\/v2\/comments?post=92510"}],"wp:featuredmedia":[{"embeddable":true,"href":"https:\/\/factory.sale\/fi\/wp-json\/wp\/v2\/media\/92501"}],"wp:attachment":[{"href":"https:\/\/factory.sale\/fi\/wp-json\/wp\/v2\/media?parent=92510"}],"wp:term":[{"taxonomy":"factory","embeddable":true,"href":"https:\/\/factory.sale\/fi\/wp-json\/wp\/v2\/factory?post=92510"},{"taxonomy":"free-shipment","embeddable":true,"href":"https:\/\/factory.sale\/fi\/wp-json\/wp\/v2\/free-shipment?post=92510"},{"taxonomy":"product_brand","embeddable":true,"href":"https:\/\/factory.sale\/fi\/wp-json\/wp\/v2\/product_brand?post=92510"},{"taxonomy":"product_cat","embeddable":true,"href":"https:\/\/factory.sale\/fi\/wp-json\/wp\/v2\/product_cat?post=92510"},{"taxonomy":"product_tag","embeddable":true,"href":"https:\/\/factory.sale\/fi\/wp-json\/wp\/v2\/product_tag?post=92510"}],"curies":[{"name":"wp","href":"https:\/\/api.w.org\/{rel}","templated":true}]}}