{"id":92483,"date":"2024-10-26T00:07:19","date_gmt":"2024-10-25T21:16:13","guid":{"rendered":"https:\/\/factory.sale\/?post_type=product&#038;p=92483"},"modified":"2024-10-26T13:59:52","modified_gmt":"2024-10-26T10:59:52","slug":"savi-sisustuslaasti","status":"publish","type":"product","link":"https:\/\/factory.sale\/fi\/tuote\/savi-sisustuslaasti\/","title":{"rendered":"Savi-sisustuslaasti"},"content":{"rendered":"<p>Savi-sisustuslaasti on eritt\u00e4in ohut viimeistelylaasti, jolla on rikas venetsialainen kiilto ja jonka avulla voidaan luoda kiilt\u00e4vi\u00e4 pintoja.<\/p>\n<p>Savi-sisustuslaasti on 100 % luonnollinen viimeistelylaasti, jolla on pieni ekologinen jalanj\u00e4lki ja joka toimii n\u00e4ytt\u00e4v\u00e4n\u00e4 koriste-elementtin\u00e4 sisustuksessa. Inspiroituneena japanilaisten mestareiden tuhansia vuosia vanhoista tekniikoista ja materiaaleista, on t\u00e4m\u00e4 Etel\u00e4-Virossa valmistettu moderni hienolaasti kuin taideteos, jonka kiilt\u00e4v\u00e4lt\u00e4 pinnalta heijastuva kuvio luo ylellisen tunnelman vain muutamalla ohuella kerroksella.<\/p>\n<p>Tekniikasta riippuen savi-sisustuslaastilla saadaan aikaan peilim\u00e4isen tasainen ja monipuolinen kuvio, joka antaa seinille ylellisen ja elegantin ilmeen.<\/p>\n<p>Savi-sisustuslaasti soveltuu kuivien sis\u00e4tilojen, kuten seinien, kattojen sek\u00e4 liesien, takkojen ja uunien koristeelliseen viimeistelyyn. UKU savi-sisustuslaasti on helppo asentaa, ja sen sile\u00e4n, kiilt\u00e4v\u00e4n pinnan ansiosta sit\u00e4 on eritt\u00e4in helppo yll\u00e4pit\u00e4\u00e4.<\/p>\n<p>Laastin sekoittaminen pigmenttien kanssa antaa mahdollisuuden luoda loputon m\u00e4\u00e4r\u00e4 s\u00e4vyj\u00e4. Lastalla kiillotettu pinta on kivikova ja silkinpehme\u00e4.<\/p>\n<p><strong>Sopivat alustat:<\/strong> Soveltuu kaikille imukykyisille laasti- ja tasoitepinnoille kuivissa sis\u00e4tiloissa, jotka on tasoitettu aiemmin savi- tai kalkkilaastilla.<\/p>\n<p>&nbsp;<\/p>\n<ul>\n<li>V\u00e4rit: valkoinen, lumenvalkoinen, oranssi, sinapinkeltainen, harmaa, lila, keltainen, punainen, sininen, beige, karamelli, vihre\u00e4, musta<\/li>\n<li>Rakeiden koko: 0\u20130,2 mm<\/li>\n<li>Kulutus: 400-600 g\/m\u00b2<\/li>\n<\/ul>\n<p>&nbsp;<\/p>\n<p>&nbsp;<\/p>\n<p><strong>Pakkaus:<\/strong><\/p>\n<p>1 kg \u00e4mp\u00e4ri \u2013 18,75 \u20ac<\/p>\n<p>5 kg \u00e4mp\u00e4ri \u2013 56,25 \u20ac<\/p>\n<p>10 kg \u00e4mp\u00e4ri \u2013 100,00 \u20ac<\/p>\n<p>&nbsp;<\/p>\n<p><a href=\"https:\/\/factory.sale\/wp-content\/uploads\/2024\/10\/Clay-stucco.pdf\" target=\"_blank\" rel=\"noopener\">K\u00e4ytt\u00f6ohje<\/a><\/p>\n<p>&nbsp;<\/p>\n<div class=\"video-wrapper \"><iframe loading=\"lazy\" title=\"How to: UKU clay stucco application\" width=\"500\" height=\"281\" src=\"https:\/\/www.youtube.com\/embed\/X2Hmh4TWKDk?feature=oembed\" frameborder=\"0\" allow=\"accelerometer; autoplay; clipboard-write; encrypted-media; gyroscope; picture-in-picture; web-share\" referrerpolicy=\"strict-origin-when-cross-origin\" allowfullscreen><\/iframe><\/div>\n","protected":false},"excerpt":{"rendered":"<p>Savi-sisustuslaasti on eritt\u00e4in ohut viimeistelylaasti, jolla on rikas venetsialainen kiilto ja jonka avulla voidaan luoda kiilt\u00e4vi\u00e4 pintoja.<\/p>\n<p>Tekniikasta riippuen savi-sisustuslaastilla saadaan aikaan peilim\u00e4isen tasainen ja monipuolinen kuvio, joka antaa seinille ylellisen ja elegantin ilmeen.<\/p>\n","protected":false},"featured_media":92474,"comment_status":"open","ping_status":"closed","template":"","meta":{"_acf_changed":false},"factory":[],"free-shipment":[],"product_brand":[],"product_cat":[3109,1759],"product_tag":[],"class_list":{"0":"post-92483","1":"product","2":"type-product","3":"status-publish","4":"has-post-thumbnail","6":"product_cat-savituotteet","7":"product_cat-viimeistely","9":"first","10":"instock","11":"sale","12":"taxable","13":"shipping-taxable","14":"purchasable","15":"product-type-simple"},"acf":[],"_links":{"self":[{"href":"https:\/\/factory.sale\/fi\/wp-json\/wp\/v2\/product\/92483","targetHints":{"allow":["GET"]}}],"collection":[{"href":"https:\/\/factory.sale\/fi\/wp-json\/wp\/v2\/product"}],"about":[{"href":"https:\/\/factory.sale\/fi\/wp-json\/wp\/v2\/types\/product"}],"replies":[{"embeddable":true,"href":"https:\/\/factory.sale\/fi\/wp-json\/wp\/v2\/comments?post=92483"}],"wp:featuredmedia":[{"embeddable":true,"href":"https:\/\/factory.sale\/fi\/wp-json\/wp\/v2\/media\/92474"}],"wp:attachment":[{"href":"https:\/\/factory.sale\/fi\/wp-json\/wp\/v2\/media?parent=92483"}],"wp:term":[{"taxonomy":"factory","embeddable":true,"href":"https:\/\/factory.sale\/fi\/wp-json\/wp\/v2\/factory?post=92483"},{"taxonomy":"free-shipment","embeddable":true,"href":"https:\/\/factory.sale\/fi\/wp-json\/wp\/v2\/free-shipment?post=92483"},{"taxonomy":"product_brand","embeddable":true,"href":"https:\/\/factory.sale\/fi\/wp-json\/wp\/v2\/product_brand?post=92483"},{"taxonomy":"product_cat","embeddable":true,"href":"https:\/\/factory.sale\/fi\/wp-json\/wp\/v2\/product_cat?post=92483"},{"taxonomy":"product_tag","embeddable":true,"href":"https:\/\/factory.sale\/fi\/wp-json\/wp\/v2\/product_tag?post=92483"}],"curies":[{"name":"wp","href":"https:\/\/api.w.org\/{rel}","templated":true}]}}