{"id":92464,"date":"2024-10-25T20:39:43","date_gmt":"2024-10-25T20:40:52","guid":{"rendered":"https:\/\/factory.sale\/?post_type=product&#038;p=92464"},"modified":"2024-12-27T04:28:18","modified_gmt":"2024-12-27T01:28:18","slug":"savimaali","status":"publish","type":"product","link":"https:\/\/factory.sale\/fi\/tuote\/savimaali\/","title":{"rendered":"Savimaali"},"content":{"rendered":"<p>Savimaali on samettimaisen matta ja hieman struktuurinen luonnonmaali. Olemme luoneet rikkaan v\u00e4rivalikoiman yhdist\u00e4m\u00e4ll\u00e4 erilaisia v\u00e4rillisi\u00e4 saveja. Sekoittelemalla savis\u00e4vyj\u00e4 kesken\u00e4\u00e4n tai lis\u00e4\u00e4m\u00e4ll\u00e4 v\u00e4rimultia voi luoda uusia, omia s\u00e4vyj\u00e4.<\/p>\n<p>UKU savimaalit ovat ymp\u00e4rist\u00f6yst\u00e4v\u00e4llisi\u00e4 ja t\u00e4ysin luonnollisia, eiv\u00e4tk\u00e4 sis\u00e4ll\u00e4 haihtuvia orgaanisia yhdisteit\u00e4 tai synteettisi\u00e4 s\u00e4il\u00f6nt\u00e4aineita, ja ovat hajuttomia. Kermamainen savimaali peitt\u00e4\u00e4 hyvin ja tuo persoonallisuutta my\u00f6s sileille pinnoille, j\u00e4tt\u00e4en kevyen rakenteen pintaan.<\/p>\n<p>Esteettisesti UKU savimaalilla on ainutlaatuinen ja tunnistettava tekstuuri, joka antaa seinille ja pinnoille l\u00e4mpim\u00e4n ja rustiikkisen ilmeen.<\/p>\n<p>Savimaali on helppo levitt\u00e4\u00e4, ja se sopii seinien ja kattojen peitt\u00e4miseen kuivissa tiloissa sek\u00e4 my\u00f6s liesien, tulisijojen ja uunien viimeistelyyn. Savimaalilla k\u00e4sitellyt pinnat ovat mattaisia ja pastellisia eiv\u00e4tk\u00e4 heijasta valoa. Savimaali ei est\u00e4 alustan vesih\u00f6yryn sitomiskyky\u00e4.<\/p>\n<p>UKU luonnollinen savimaali on monipuolinen ja kest\u00e4v\u00e4 tuote, joka tarjoaa monia etuja sek\u00e4 ymp\u00e4rist\u00f6lle ett\u00e4 terveydelle. Savimaalin erityisominaisuudet tekev\u00e4t siit\u00e4 ihanteellisen valinnan niille, jotka haluavat luoda kauniin, terveellisen ja ymp\u00e4rist\u00f6yst\u00e4v\u00e4llisen elintilan.<\/p>\n<p>&nbsp;<\/p>\n<ul>\n<li>V\u00e4rit: yli 30 s\u00e4vy\u00e4<\/li>\n<li>Rakeen koko: 0\u20130,2 mm<\/li>\n<li>Kulutus: 200\u2013400 g, riippuen maalikerrosten m\u00e4\u00e4r\u00e4st\u00e4 ja alustan tasaisuudesta<\/li>\n<\/ul>\n<p>&nbsp;<\/p>\n<p>&nbsp;<\/p>\n<p><strong>Pakkaus:<\/strong><\/p>\n<p>1 kg \u00e4mp\u00e4ri \u2013 18,75 \u20ac<\/p>\n<p>5 kg \u00e4mp\u00e4ri \u2013 56,25 \u20ac<\/p>\n<p>10 kg \u00e4mp\u00e4ri \u2013 100 \u20ac<\/p>\n<p>&nbsp;<\/p>\n<p>&nbsp;<\/p>\n<p>&nbsp;<\/p>\n<p><a href=\"https:\/\/factory.sale\/wp-content\/uploads\/2024\/10\/Clay-paint.pdf\" target=\"_blank\" rel=\"noopener\">Tuoteohje<\/a><\/p>\n<p><a href=\"https:\/\/factory.sale\/wp-content\/uploads\/2024\/10\/ENG-Clay-paint.pdf\" target=\"_blank\" rel=\"noopener\">V\u00e4rikartta<\/a><\/p>\n","protected":false},"excerpt":{"rendered":"<p>Savimaali on samettimaisen matta ja hieman struktuurinen luonnonmaali. Olemme luoneet rikkaan v\u00e4rivalikoiman yhdist\u00e4m\u00e4ll\u00e4 erilaisia v\u00e4rillisi\u00e4 saveja. Sekoittelemalla savis\u00e4vyj\u00e4 kesken\u00e4\u00e4n tai lis\u00e4\u00e4m\u00e4ll\u00e4 v\u00e4rimultia voi luoda uusia, omia s\u00e4vyj\u00e4.<\/p>\n<p>UKU savimaalit ovat ymp\u00e4rist\u00f6yst\u00e4v\u00e4llisi\u00e4 ja t\u00e4ysin luonnollisia, eiv\u00e4tk\u00e4 sis\u00e4ll\u00e4 haihtuvia orgaanisia yhdisteit\u00e4 tai synteettisi\u00e4 s\u00e4il\u00f6nt\u00e4aineita, ja ovat hajuttomia. Kermamainen savimaali peitt\u00e4\u00e4 hyvin ja tuo persoonallisuutta my\u00f6s sileille pinnoille, j\u00e4tt\u00e4en kevyen rakenteen pintaan.<\/p>\n","protected":false},"featured_media":92434,"comment_status":"open","ping_status":"closed","template":"","meta":{"_acf_changed":false},"factory":[],"free-shipment":[],"product_brand":[],"product_cat":[3109,1759],"product_tag":[],"class_list":{"0":"post-92464","1":"product","2":"type-product","3":"status-publish","4":"has-post-thumbnail","6":"product_cat-savituotteet","7":"product_cat-viimeistely","9":"first","10":"instock","11":"sale","12":"taxable","13":"shipping-taxable","14":"purchasable","15":"product-type-simple"},"acf":[],"_links":{"self":[{"href":"https:\/\/factory.sale\/fi\/wp-json\/wp\/v2\/product\/92464","targetHints":{"allow":["GET"]}}],"collection":[{"href":"https:\/\/factory.sale\/fi\/wp-json\/wp\/v2\/product"}],"about":[{"href":"https:\/\/factory.sale\/fi\/wp-json\/wp\/v2\/types\/product"}],"replies":[{"embeddable":true,"href":"https:\/\/factory.sale\/fi\/wp-json\/wp\/v2\/comments?post=92464"}],"wp:featuredmedia":[{"embeddable":true,"href":"https:\/\/factory.sale\/fi\/wp-json\/wp\/v2\/media\/92434"}],"wp:attachment":[{"href":"https:\/\/factory.sale\/fi\/wp-json\/wp\/v2\/media?parent=92464"}],"wp:term":[{"taxonomy":"factory","embeddable":true,"href":"https:\/\/factory.sale\/fi\/wp-json\/wp\/v2\/factory?post=92464"},{"taxonomy":"free-shipment","embeddable":true,"href":"https:\/\/factory.sale\/fi\/wp-json\/wp\/v2\/free-shipment?post=92464"},{"taxonomy":"product_brand","embeddable":true,"href":"https:\/\/factory.sale\/fi\/wp-json\/wp\/v2\/product_brand?post=92464"},{"taxonomy":"product_cat","embeddable":true,"href":"https:\/\/factory.sale\/fi\/wp-json\/wp\/v2\/product_cat?post=92464"},{"taxonomy":"product_tag","embeddable":true,"href":"https:\/\/factory.sale\/fi\/wp-json\/wp\/v2\/product_tag?post=92464"}],"curies":[{"name":"wp","href":"https:\/\/api.w.org\/{rel}","templated":true}]}}